{"id":36880,"date":"2025-05-28T13:39:38","date_gmt":"2025-05-28T11:39:38","guid":{"rendered":"https:\/\/swisssoftware24.ch\/?post_type=product&#038;p=36880"},"modified":"2025-11-29T23:56:54","modified_gmt":"2025-11-29T22:56:54","slug":"microsoft-windows-server-2025-datacenter","status":"publish","type":"product","link":"https:\/\/swisssoftware24.ch\/en\/products\/microsoft-windows-server-2025-datacenter\/","title":{"rendered":"Microsoft Windows Server 2025 Datacenter"},"content":{"rendered":"<p data-start=\"259\" data-end=\"723\">Microsoft Windows Server 2025 Datacenter is the ideal solution for highly virtualized data centers and cloud infrastructures. The 16-core license provides unrestricted access to Windows Server VMs and containers, offering maximum flexibility in expanding and managing IT infrastructure. Thanks to integrated hybrid functions and enterprise-grade security measures, the server is perfectly suited for modern, scalable workloads.<\/p>\n<p data-start=\"725\" data-end=\"1141\">Key features include Storage Spaces Direct, software-defined networking (SDN), secured-core features, hotpatching, and an enhanced Windows Admin Center. In addition, integration with Azure Arc and Azure Stack HCI enables centralized management of on-premises and cloud environments. The Datacenter edition supports up to 48 TB of RAM, 2048 logical processors, and 12 TB RAM per VM.<\/p>\n<p data-start=\"1143\" data-end=\"1503\">Windows Server 2025 Datacenter represents a future-proof platform for enterprises seeking top-tier security, high availability, and cloud connectivity in a high-performance infrastructure. With new features such as improved Active Directory integration, GPU partitioning, and NVMe optimization, this version sets new standards in the field of server operating systems.<\/p>\n<p data-start=\"1143\" data-end=\"1503\"><strong>You can find more information about this product\u00a0<a href=\"https:\/\/swisssoftware24.ch\/en\/microsoft-windows-server-2025-datacenter-hoechste-leistung-fuer-hochvirtualisierte-umgebungen\/\">here<\/a>.<\/strong><\/p>\n<h3 data-start=\"1052\" data-end=\"1311\"><strong>Microsoft Windows Server 2022 Datacenter \u2013 System Requirements:<\/strong><\/h3>\n<p data-sourcepos=\"9:1-9:263\">The following requirements are based on previous Windows Server versions and optimized for the expected performance characteristics of Windows Server 2025. The following minimum and recommended specifications apply to 16- and 24-core versions:<\/p>\n<p data-sourcepos=\"11:1-11:13\"><strong>Processor:<\/strong><\/p>\n<ul data-sourcepos=\"12:1-15:0\">\n<li data-sourcepos=\"12:1-12:73\">At least a 1.4 GHz 64-bit processor, x64 instruction set compatible.<\/li>\n<li data-sourcepos=\"13:1-13:204\">Recommendation for 16- and 24-core systems: For optimal performance, especially under heavy workloads, a multi-core processor with a base frequency of at least 2.5 GHz per core is recommended.<\/li>\n<li data-sourcepos=\"14:1-15:0\">Must support the following functions: NX and DEP, CMPXCHG16b, LAHF\/SAHF, and Prefetching.<\/li>\n<\/ul>\n<p data-sourcepos=\"16:1-16:16\"><strong>Memory\/RAM<\/strong><\/p>\n<ul data-sourcepos=\"17:1-20:0\">\n<li data-sourcepos=\"17:1-17:121\">Minimum 512 MB (for Server Core installation) or 2 GB (for Server with Desktop Experience installation option).<\/li>\n<li data-sourcepos=\"18:1-18:399\">Strong recommendation for 16- and 24-core systems: For a stable and high-performance environment, especially when using more cores and running multiple services, at least 8 GB RAM is recommended \u2014 ideally 16 GB or more, depending on planned workloads and number of VMs (while Datacenter is better suited for this, Standard can also host VMs).<\/li>\n<li data-sourcepos=\"19:1-20:0\">It is strongly recommended to use ECC (Error Correcting Code) or similar technology for deployments on physical hosts to ensure data integrity.<\/li>\n<\/ul>\n<p data-sourcepos=\"21:1-21:23\"><strong>Hard disk space:<\/strong><\/p>\n<ul data-sourcepos=\"22:1-24:0\">\n<li data-sourcepos=\"22:1-22:23\">Minimum 32 GB.<\/li>\n<li data-sourcepos=\"23:1-24:0\">Recommendation for 16- and 24-core systems: Considering the potential scope of installations and data volume, at least 128 GB SSD\/NVMe storage is recommended to ensure high I\/O performance.<\/li>\n<\/ul>\n<p data-sourcepos=\"25:1-25:25\"><strong>Network Requirements<\/strong><\/p>\n<ul data-sourcepos=\"26:1-28:0\">\n<li data-sourcepos=\"26:1-26:81\">Ethernet adapter with a bandwidth of at least 1 Gigabit per second.<\/li>\n<li data-sourcepos=\"27:1-28:0\">Must be compliant with the PCI Express architecture specification.<\/li>\n<\/ul>\n<p data-sourcepos=\"29:1-29:29\"><strong>Additional Requirements<\/strong><\/p>\n<ul data-sourcepos=\"30:1-37:0\">\n<li data-sourcepos=\"30:1-30:85\">UEFI 2.3.1c-based system and firmware that support secure boot.<\/li>\n<li data-sourcepos=\"31:1-35:70\">Trusted Platform Module (TPM):\n<ul data-sourcepos=\"32:5-35:70\">\n<li data-sourcepos=\"32:5-32:88\">Hardware-based TPMs must implement version 2.0 of the TPM specification.<\/li>\n<li data-sourcepos=\"33:5-33:210\">TPMs that implement version 2.0 must have an EK certificate that is pre-provided to the TPM by the hardware manufacturer or can be downloaded by the device at first boot.<\/li>\n<li data-sourcepos=\"34:5-34:287\">TPMs that implement version 2.0 must ship with SHA-256 PCR banks and implement PCR 0 through 23 for SHA-256. It is acceptable to ship TPMs with a switchable PCR bank that can be used for both SHA-1 and SHA-256 measurements.<\/li>\n<li data-sourcepos=\"35:5-35:70\">The UEFI option to disable the TPM is not required.<\/li>\n<\/ul>\n<\/li>\n<li data-sourcepos=\"36:1-37:0\">A graphics device and monitor that supports Super VGA (1024 x 768) or higher resolution (primarily relevant for the Desktop Experience installation).<\/li>\n<\/ul>","protected":false},"excerpt":{"rendered":"<p>Microsoft Windows Server 2025 Datacenter ist die ideale L\u00f6sung f\u00fcr hochvirtualisierte Rechenzentren und Cloud-Infrastrukturen. Die Lizenz f\u00fcr 16 Kerne bietet uneingeschr\u00e4nkten Zugriff auf Windows Server-VMs und Container, wodurch maximale Flexibilit\u00e4t beim Ausbau und Management der IT-Infrastruktur erreicht wird. Dank integrierter Hybridfunktionen und Sicherheitsma\u00dfnahmen der Enterprise-Klasse ist der Server optimal f\u00fcr moderne, skalierbare Workloads geeignet. Zu [&hellip;]<\/p>","protected":false},"featured_media":36883,"template":"","meta":{"_seopress_robots_primary_cat":"none","_seopress_titles_title":"Windows Server 2025 Datacenter 16 , 24 Core","_seopress_titles_desc":"Windows Server 2025 Datacenter mit unbegrenzter VM-Nutzung, Hotpatching, Azure Arc & GPU-Support \u2013 perfekt f\u00fcr hybride Rechenzentren.","_seopress_robots_index":""},"product_brand":[],"product_cat":[78,89],"product_tag":[],"class_list":{"0":"post-36880","1":"product","2":"type-product","3":"status-publish","4":"has-post-thumbnail","6":"product_cat-server-software","7":"product_cat-windows-server","9":"first","10":"instock","11":"taxable","12":"shipping-taxable","13":"purchasable","14":"product-type-variable","15":"has-default-attributes"},"_links":{"self":[{"href":"https:\/\/swisssoftware24.ch\/en\/wp-json\/wp\/v2\/product\/36880","targetHints":{"allow":["GET"]}}],"collection":[{"href":"https:\/\/swisssoftware24.ch\/en\/wp-json\/wp\/v2\/product"}],"about":[{"href":"https:\/\/swisssoftware24.ch\/en\/wp-json\/wp\/v2\/types\/product"}],"wp:featuredmedia":[{"embeddable":true,"href":"https:\/\/swisssoftware24.ch\/en\/wp-json\/wp\/v2\/media\/36883"}],"wp:attachment":[{"href":"https:\/\/swisssoftware24.ch\/en\/wp-json\/wp\/v2\/media?parent=36880"}],"wp:term":[{"taxonomy":"product_brand","embeddable":true,"href":"https:\/\/swisssoftware24.ch\/en\/wp-json\/wp\/v2\/product_brand?post=36880"},{"taxonomy":"product_cat","embeddable":true,"href":"https:\/\/swisssoftware24.ch\/en\/wp-json\/wp\/v2\/product_cat?post=36880"},{"taxonomy":"product_tag","embeddable":true,"href":"https:\/\/swisssoftware24.ch\/en\/wp-json\/wp\/v2\/product_tag?post=36880"}],"curies":[{"name":"wp","href":"https:\/\/api.w.org\/{rel}","templated":true}]}}