{"id":38200,"date":"2025-07-28T15:39:09","date_gmt":"2025-07-28T13:39:09","guid":{"rendered":"https:\/\/swisssoftware24.ch\/?post_type=product&#038;p=38200"},"modified":"2026-02-19T14:18:41","modified_gmt":"2026-02-19T13:18:41","slug":"ashampoo-pdf-pro-4","status":"publish","type":"product","link":"https:\/\/swisssoftware24.ch\/en\/products\/ashampoo-pdf-pro-4\/","title":{"rendered":"Ashampoo PDF Pro 4"},"content":{"rendered":"<p data-start=\"0\" data-end=\"326\">Ashampoo PDF Pro 4 is the all-in-one solution for creating, editing and converting PDFs as easily as Word documents. A new tabbed view, full-screen mode and dark mode keep you on top of large projects.<\/p>\n<p data-start=\"328\" data-end=\"713\">Highlights include a revamped spell-checker with automatic hyphenation, colour-coded track-changes and a snapshot tool that copies PDF sections straight to the clipboard. Build forms by drag-and-drop, let OCR turn scans into editable text, and protect sensitive content with 128-bit AES.<\/p>\n<p data-start=\"715\" data-end=\"1043\">More bonuses: Bates numbering for legally compliant files, global Find &amp; Replace for colours, fonts or links, seamless editing of embedded images in external editors and PDF\/A export for long-term archiving. Compatible with Windows 7\u201311 and sold as a lifetime licence.<\/p>\n<p data-start=\"715\" data-end=\"1043\"><strong>You can find more information about this product\u00a0<a href=\"https:\/\/swisssoftware24.ch\/en\/ashampoo-pdf-pro-4-ihr-profi-werkzeug-fuer-pdfs\/\">here<\/a>.<\/strong><\/p>\n<h2>Ashampoo PDF Pro 4 \u2013 System requirements<\/h2>\n<ul>\n<li><b>Operating System:<\/b> Windows 10, 11 (x64)<\/li>\n<li><b>Requirements:<\/b> Any device that supports the above operating systems.<\/li>\n<li><b>Other:<\/b> An internet connection is required to activate the program.\nThe program license is periodically verified.<\/li>\n<\/ul>","protected":false},"excerpt":{"rendered":"<p>Ashampoo PDF Pro 4 ist die All-in-One-L\u00f6sung, um PDFs wie Word-Dokumente zu erstellen, zu bearbeiten und zu konvertieren. Dank neuer Registerkarten-Ansicht, Vollbild-Modus und Dark Mode behalten Sie selbst bei gro\u00dfen Projekten den \u00dcberblick. Zu den Highlights geh\u00f6ren eine \u00fcberarbeitete Rechtschreib- und Silbentrennung, farbig hervorgehobener \u00c4nderungs\u00adnachweis sowie ein Schnappschuss-Werkzeug, das PDF-Ausschnitte direkt in die Zwischenablage kopiert. [&hellip;]<\/p>","protected":false},"featured_media":38207,"template":"","meta":{"_seopress_robots_primary_cat":"none","_seopress_titles_title":"Ashampoo PDF Pro 4 \u2013 PDFs bearbeiten, konvertieren & sch\u00fctzen","_seopress_titles_desc":"PDF Editor f\u00fcr Windows: Ashampoo PDF Pro 4 mit OCR, Formularen, Farbe-\u201cSuchen & Ersetzen\u201c, Bates-Nummern & 128-Bit-Verschl\u00fcsselung. Jetzt gratis testen.","_seopress_robots_index":""},"product_brand":[],"product_cat":[131,83],"product_tag":[],"class_list":{"0":"post-38200","1":"product","2":"type-product","3":"status-publish","4":"has-post-thumbnail","6":"product_cat-andere","7":"product_cat-video-grafik-andere","9":"first","10":"onbackorder","11":"virtual","12":"taxable","13":"purchasable","14":"product-type-simple"},"_links":{"self":[{"href":"https:\/\/swisssoftware24.ch\/en\/wp-json\/wp\/v2\/product\/38200","targetHints":{"allow":["GET"]}}],"collection":[{"href":"https:\/\/swisssoftware24.ch\/en\/wp-json\/wp\/v2\/product"}],"about":[{"href":"https:\/\/swisssoftware24.ch\/en\/wp-json\/wp\/v2\/types\/product"}],"wp:featuredmedia":[{"embeddable":true,"href":"https:\/\/swisssoftware24.ch\/en\/wp-json\/wp\/v2\/media\/38207"}],"wp:attachment":[{"href":"https:\/\/swisssoftware24.ch\/en\/wp-json\/wp\/v2\/media?parent=38200"}],"wp:term":[{"taxonomy":"product_brand","embeddable":true,"href":"https:\/\/swisssoftware24.ch\/en\/wp-json\/wp\/v2\/product_brand?post=38200"},{"taxonomy":"product_cat","embeddable":true,"href":"https:\/\/swisssoftware24.ch\/en\/wp-json\/wp\/v2\/product_cat?post=38200"},{"taxonomy":"product_tag","embeddable":true,"href":"https:\/\/swisssoftware24.ch\/en\/wp-json\/wp\/v2\/product_tag?post=38200"}],"curies":[{"name":"wp","href":"https:\/\/api.w.org\/{rel}","templated":true}]}}