{"id":14297,"date":"2023-03-03T22:03:38","date_gmt":"2023-03-03T22:03:38","guid":{"rendered":"https:\/\/www.dev2.swisssoftware24.ch\/?page_id=14297"},"modified":"2025-01-17T18:41:29","modified_gmt":"2025-01-17T17:41:29","slug":"ruckgabe-retouren","status":"publish","type":"page","link":"https:\/\/swisssoftware24.ch\/fr\/ruckgabe-retouren\/","title":{"rendered":"Retrait"},"content":{"rendered":"<div data-elementor-type=\"wp-page\" data-elementor-id=\"14297\" class=\"elementor elementor-14297\" data-elementor-post-type=\"page\">\n\t\t\t\t\t\t<section class=\"elementor-section elementor-top-section elementor-element elementor-element-7e410e1 elementor-section-boxed elementor-section-height-default elementor-section-height-default\" data-id=\"7e410e1\" data-element_type=\"section\">\n\t\t\t\t\t\t<div class=\"elementor-container elementor-column-gap-default\">\n\t\t\t\t\t<div class=\"elementor-column elementor-col-100 elementor-top-column elementor-element elementor-element-6f68a41\" data-id=\"6f68a41\" data-element_type=\"column\">\n\t\t\t<div class=\"elementor-widget-wrap elementor-element-populated\">\n\t\t\t\t\t\t<div class=\"elementor-element elementor-element-be4e773 elementor-widget elementor-widget-text-editor\" data-id=\"be4e773\" data-element_type=\"widget\" data-widget_type=\"text-editor.default\">\n\t\t\t\t<div class=\"elementor-widget-container\">\n\t\t\t\t\t\t\t\t\t<p>Bitte beachten Sie, dass SwissSoftware24 f\u00fcr die angebotenen Produkte weder R\u00fcckgaben noch R\u00fcckerstattungen zul\u00e4sst. Dies gilt insbesondere f\u00fcr Software und digitale Inhalte: Der Widerruf von Vertr\u00e4gen \u00fcber die Lieferung von digitalen Inhalten, die nicht auf einem k\u00f6rperlichen Datentr\u00e4ger geliefert werden, ist ausgeschlossen, wenn der Verbraucher ausdr\u00fccklich zugestimmt hat, dass mit der Ausf\u00fchrung des Vertrags vor Ablauf der Widerrufsfrist begonnen wird. Eine R\u00fcckgabe oder Erstattung liegt im Ermessen des Verk\u00e4ufers und kann aus Kulanz gew\u00e4hrt werden.<\/p>\t\t\t\t\t\t\t\t<\/div>\n\t\t\t\t<\/div>\n\t\t\t\t\t<\/div>\n\t\t<\/div>\n\t\t\t\t\t<\/div>\n\t\t<\/section>\n\t\t\t\t<\/div>","protected":false},"excerpt":{"rendered":"<p>Bitte beachten Sie, dass SwissSoftware24 f\u00fcr die angebotenen Produkte weder R\u00fcckgaben noch R\u00fcckerstattungen zul\u00e4sst. Dies gilt insbesondere f\u00fcr Software und digitale Inhalte: Der Widerruf von Vertr\u00e4gen \u00fcber die Lieferung von digitalen Inhalten, die nicht auf einem k\u00f6rperlichen Datentr\u00e4ger geliefert werden, ist ausgeschlossen, wenn der Verbraucher ausdr\u00fccklich zugestimmt hat, dass mit der Ausf\u00fchrung des Vertrags vor [&hellip;]<\/p>","protected":false},"author":1,"featured_media":0,"parent":0,"menu_order":0,"comment_status":"closed","ping_status":"closed","template":"","meta":{"_seopress_robots_primary_cat":"","_seopress_titles_title":"","_seopress_titles_desc":"","_seopress_robots_index":"","footnotes":""},"class_list":["post-14297","page","type-page","status-publish","hentry"],"_links":{"self":[{"href":"https:\/\/swisssoftware24.ch\/fr\/wp-json\/wp\/v2\/pages\/14297","targetHints":{"allow":["GET"]}}],"collection":[{"href":"https:\/\/swisssoftware24.ch\/fr\/wp-json\/wp\/v2\/pages"}],"about":[{"href":"https:\/\/swisssoftware24.ch\/fr\/wp-json\/wp\/v2\/types\/page"}],"author":[{"embeddable":true,"href":"https:\/\/swisssoftware24.ch\/fr\/wp-json\/wp\/v2\/users\/1"}],"replies":[{"embeddable":true,"href":"https:\/\/swisssoftware24.ch\/fr\/wp-json\/wp\/v2\/comments?post=14297"}],"version-history":[{"count":0,"href":"https:\/\/swisssoftware24.ch\/fr\/wp-json\/wp\/v2\/pages\/14297\/revisions"}],"wp:attachment":[{"href":"https:\/\/swisssoftware24.ch\/fr\/wp-json\/wp\/v2\/media?parent=14297"}],"curies":[{"name":"wp","href":"https:\/\/api.w.org\/{rel}","templated":true}]}}