{"id":14310,"date":"2023-03-03T22:12:33","date_gmt":"2023-03-03T22:12:33","guid":{"rendered":"https:\/\/www.dev2.swisssoftware24.ch\/?page_id=14310"},"modified":"2023-03-03T22:12:33","modified_gmt":"2023-03-03T22:12:33","slug":"datenschutz","status":"publish","type":"page","link":"https:\/\/swisssoftware24.ch\/fr\/datenschutz\/","title":{"rendered":"Fonctionnalit\u00e9s de protection de la vie priv\u00e9e:"},"content":{"rendered":"<div data-elementor-type=\"wp-page\" data-elementor-id=\"14310\" class=\"elementor elementor-14310\" data-elementor-post-type=\"page\">\n\t\t\t\t\t\t<section class=\"elementor-section elementor-top-section elementor-element elementor-element-cae85a3 elementor-section-boxed elementor-section-height-default elementor-section-height-default\" data-id=\"cae85a3\" data-element_type=\"section\">\n\t\t\t\t\t\t<div class=\"elementor-container elementor-column-gap-default\">\n\t\t\t\t\t<div class=\"elementor-column elementor-col-100 elementor-top-column elementor-element elementor-element-2c397fa\" data-id=\"2c397fa\" data-element_type=\"column\">\n\t\t\t<div class=\"elementor-widget-wrap\">\n\t\t\t\t\t\t\t<\/div>\n\t\t<\/div>\n\t\t\t\t\t<\/div>\n\t\t<\/section>\n\t\t\t\t<section class=\"elementor-section elementor-top-section elementor-element elementor-element-af1c944 elementor-section-boxed elementor-section-height-default elementor-section-height-default\" data-id=\"af1c944\" data-element_type=\"section\">\n\t\t\t\t\t\t<div class=\"elementor-container elementor-column-gap-default\">\n\t\t\t\t\t<div class=\"elementor-column elementor-col-100 elementor-top-column elementor-element elementor-element-e11ea09\" data-id=\"e11ea09\" data-element_type=\"column\">\n\t\t\t<div class=\"elementor-widget-wrap elementor-element-populated\">\n\t\t\t\t\t\t<div class=\"elementor-element elementor-element-3fd1f33 elementor-widget elementor-widget-text-editor\" data-id=\"3fd1f33\" data-element_type=\"widget\" data-widget_type=\"text-editor.default\">\n\t\t\t\t<div class=\"elementor-widget-container\">\n\t\t\t\t\t\t\t\t\t<p><strong>Protection des donn\u00e9es<\/strong><\/p><p>Les exploitants de ces pages prennent tr\u00e8s au s\u00e9rieux la protection de vos donn\u00e9es personnelles. Nous traitons vos donn\u00e9es personnelles de mani\u00e8re confidentielle et conform\u00e9ment aux dispositions l\u00e9gales en mati\u00e8re de protection des donn\u00e9es et \u00e0 la pr\u00e9sente d\u00e9claration de protection des donn\u00e9es.<\/p><p>L&#039;utilisation du site Web de SwissSoftware24 est g\u00e9n\u00e9ralement possible sans fournir de donn\u00e9es personnelles. Dans la mesure o\u00f9 des donn\u00e9es personnelles (par exemple, nom, adresse ou adresses e-mail) sont collect\u00e9es sur notre site Web, cela se fait toujours sur une base volontaire dans la mesure du possible. Ces donn\u00e9es ne seront pas transmises \u00e0 des tiers sans votre consentement expr\u00e8s. Nous attirons votre attention sur le fait que la transmission de donn\u00e9es sur Internet (par exemple lors de la communication par e-mail) peut pr\u00e9senter des failles de s\u00e9curit\u00e9. Une protection compl\u00e8te des donn\u00e9es contre l&#039;acc\u00e8s par des tiers n&#039;est pas possible.<\/p><p>\u00a0<\/p><p><strong>biscuits<\/strong><\/p><p>Certains sites Web utilisent ce que l&#039;on appelle des cookies. Les cookies n&#039;endommagent pas votre ordinateur et ne contiennent pas de virus. Les cookies servent \u00e0 rendre notre offre plus conviviale, plus efficace et plus s\u00fbre. Les cookies sont de petits fichiers texte qui sont stock\u00e9s sur votre ordinateur et enregistr\u00e9s par votre navigateur.<\/p><p>La plupart des cookies que nous utilisons sont des cookies dits de session. Ils sont automatiquement supprim\u00e9s apr\u00e8s votre visite. D&#039;autres cookies restent stock\u00e9s sur votre terminal jusqu&#039;\u00e0 ce que vous les supprimiez. Ces cookies nous permettent de reconna\u00eetre votre navigateur lors de votre prochaine visite. Vous pouvez configurer votre navigateur de mani\u00e8re \u00e0 \u00eatre inform\u00e9 de la configuration des cookies et n&#039;autoriser les cookies que dans des cas individuels, exclure l&#039;acceptation des cookies dans certains cas ou en g\u00e9n\u00e9ral et activer la suppression automatique des cookies lorsque le navigateur est ferm\u00e9. Si les cookies sont d\u00e9sactiv\u00e9s, la fonctionnalit\u00e9 de ce site Web peut \u00eatre restreinte.<\/p><p>\u00a0<\/p><p><strong>Google Ads et Google Analytics<\/strong><\/p><p>Wir verwenden auf unserer Webseite &#8220;Google Ads&#8221; (fr\u00fcher Google AdWords) und &#8220;Google Analytics&#8221;, die Dienste der Google Ireland Limited, Google Building Gordon House, Barrow St, Dublin 4, Irland (nachfolgend bezeichnet als &#8220;Google&#8221;). Google Ads erm\u00f6glicht uns, mit Hilfe von Werbemitteln auf externen Webseiten auf unsere attraktiven Angebote aufmerksam zu machen. Dadurch k\u00f6nnen wir ermitteln, wie erfolgreich einzelne Werbemassnahmen sind. Diese Werbemittel werden durch Google \u00fcber sogenannte \u201eAdServer\u201c ausgeliefert. &#8220;Google Analytics&#8221; ist ein Webanalysedienst der Google. Google verwendet Cookies, also kleine Textdateien, die auf Ihrem Endger\u00e4t gespeichert werden und die eine Analyse der Benutzung unserer Webseite durch Sie erm\u00f6glichen. Die durch das Cookie erzeugten Informationen \u00fcber die Benutzung unserer Webseite werden in der Regel an einen Server von Google \u00fcbertragen und dort gespeichert.<\/p><p>Nous r\u00e9pondons \u00e0 toutes les questions concernant notre protection des donn\u00e9es exclusivement par e-mail :\u00a0<a href=\"mailto:datenschutz@dev2.swisssoftware24.ch?subject=Datenschutz\">datenschutz@dev2.swisssoftware24.ch<\/a><\/p><p>\u00a0<\/p><p><strong>Inscription sur le site SwissSoftware24<\/strong><\/p><p>Vous pouvez vous inscrire sur notre site Web pour utiliser des fonctions suppl\u00e9mentaires sur le site. Nous utilisons les donn\u00e9es saisies \u00e0 cette fin uniquement dans le but d&#039;utiliser l&#039;offre ou le service respectif pour lequel vous vous \u00eates inscrit. Pour des modifications importantes, telles que l&#039;\u00e9tendue de l&#039;offre ou des modifications techniquement n\u00e9cessaires, nous utilisons l&#039;adresse e-mail fournie lors de l&#039;inscription pour vous informer de cette mani\u00e8re.<\/p><p>\u00a0<\/p><p><strong>Cryptage SSL<\/strong><\/p><p>Diese Seite nutzt aus Gr\u00fcnden der Sicherheit und zum Schutz der \u00dcbertragung vertraulicher Inhalte, wie zum Beispiel der Anfragen, die Sie an uns als Seitenbetreiber senden, eine SSL-Verschl\u00fcsselung. Eine verschl\u00fcsselte Verbindung erkennen Sie daran, dass die Adresszeile des Browsers von &#8220;http:\/\/&#8221; auf &#8220;https:\/\/&#8221; wechselt und an dem Schloss-Symbol in Ihrer Browserzeile.<\/p><p>Si le cryptage SSL est activ\u00e9, les donn\u00e9es que vous nous transmettez ne peuvent pas \u00eatre lues par des tiers.<\/p><p>\u00a0<\/p><p><strong>Transactions de paiement crypt\u00e9es sur ce site<\/strong><\/p><p>Les transactions de paiement utilisant les moyens de paiement habituels sont effectu\u00e9es exclusivement via une connexion SSL crypt\u00e9e et sont trait\u00e9es pour Visa et MasterCard par\u00a0<a href=\"https:\/\/www.concardis.com\/ch-de\/\">Concardis<\/a>\u00a0GmbH, Helfmann-Park 7, DE-65760 Esch-<br \/>n\u00e9, chez PostFinance et PostFinance Card\u00a0<a href=\"https:\/\/www.postfinance.ch\/de\/unternehmen.html\" target=\"_blank\" rel=\"noopener\">PostFinance<\/a>\u00a0AG, Mingerstrasse 20, CH-3030 Berne, via PayPal\u00a0<a href=\"https:\/\/www.paypal.com\/us\/webapps\/mpp\/about\" target=\"_blank\" rel=\"noopener\">PayPal<\/a>\u00a0Inc., 2211 North First Street, San Jose, Californie 95131, \u00c9tats-Unis, par Twint\u00a0<a href=\"https:\/\/www.twint.ch\/\">TWINT<\/a>\u00a0SA,<br \/>Stauffacherstrasse 41, CH-8004 Zurich et lors d&#039;un achat sur facture (PowerPay).\u00a0<a href=\"https:\/\/www.powerpay.ch\/de\">Power Pay<\/a>\u00a0MF Group AG, Kornhausstrasse 25, CH-9001 St. Gallen gew\u00e4hrleistet.\u00a0 Eine verschl\u00fcsselte Verbindung erkennen Sie daran, dass die Adresszeile des Browsers von &#8220;http:\/\/&#8221; auf &#8220;https:\/\/&#8221; wechselt und an dem Schloss-Symbol in Ihrer Browserzeile.<\/p><p>Avec une communication crypt\u00e9e, vos donn\u00e9es de paiement que vous nous transmettez ne peuvent pas \u00eatre lues par des tiers.<\/p><p>\u00a0<\/p><p><strong>Information, suppression, blocage des informations,<\/strong><\/p><p>Vous avez le droit d&#039;obtenir gratuitement des informations sur vos donn\u00e9es personnelles stock\u00e9es, leur origine, leur destinataire et la finalit\u00e9 du traitement des donn\u00e9es, ainsi qu&#039;un droit de rectification, de blocage ou de suppression de ces donn\u00e9es \u00e0 tout moment. Vous pouvez nous contacter \u00e0 tout moment \u00e0 l&#039;adresse indiqu\u00e9e dans les mentions l\u00e9gales si vous avez d&#039;autres questions au sujet des donn\u00e9es personnelles.<\/p><p>\u00a0<\/p><p><strong>Objection aux courriers promotionnels<\/strong><\/p><p>Nous nous opposons par la pr\u00e9sente \u00e0 l&#039;utilisation des donn\u00e9es de contact publi\u00e9es dans le cadre de l&#039;obligation d&#039;impression pour l&#039;envoi de mat\u00e9riel publicitaire et d&#039;information non sollicit\u00e9. Les exploitants du site se r\u00e9servent express\u00e9ment le droit d&#039;engager des poursuites en cas d&#039;envoi de publicit\u00e9s non sollicit\u00e9es, telles que des spams.<\/p>\t\t\t\t\t\t\t\t<\/div>\n\t\t\t\t<\/div>\n\t\t\t\t\t<\/div>\n\t\t<\/div>\n\t\t\t\t\t<\/div>\n\t\t<\/section>\n\t\t\t\t<\/div>","protected":false},"excerpt":{"rendered":"<p>Datenschutzerkl\u00e4rung Die Betreiber dieser Seiten nehmen den Schutz Ihrer pers\u00f6nlichen Daten sehr ernst. Wir behandeln Ihre personenbezogenen Daten vertraulich und entsprechend der gesetzlichen Datenschutzvorschriften sowie dieser Datenschutzerkl\u00e4rung. Die Nutzung der SwissSoftware24 Website ist in der Regel ohne Angabe personenbezogener Daten m\u00f6glich. Soweit auf unseren Seiten personenbezogene Daten (beispielsweise Name, Anschrift oder E-Mail Adressen) erhoben werden, [&hellip;]<\/p>","protected":false},"author":1,"featured_media":0,"parent":0,"menu_order":0,"comment_status":"closed","ping_status":"closed","template":"","meta":{"_seopress_robots_primary_cat":"","_seopress_titles_title":"","_seopress_titles_desc":"","_seopress_robots_index":"","footnotes":""},"class_list":["post-14310","page","type-page","status-publish","hentry"],"_links":{"self":[{"href":"https:\/\/swisssoftware24.ch\/fr\/wp-json\/wp\/v2\/pages\/14310","targetHints":{"allow":["GET"]}}],"collection":[{"href":"https:\/\/swisssoftware24.ch\/fr\/wp-json\/wp\/v2\/pages"}],"about":[{"href":"https:\/\/swisssoftware24.ch\/fr\/wp-json\/wp\/v2\/types\/page"}],"author":[{"embeddable":true,"href":"https:\/\/swisssoftware24.ch\/fr\/wp-json\/wp\/v2\/users\/1"}],"replies":[{"embeddable":true,"href":"https:\/\/swisssoftware24.ch\/fr\/wp-json\/wp\/v2\/comments?post=14310"}],"version-history":[{"count":0,"href":"https:\/\/swisssoftware24.ch\/fr\/wp-json\/wp\/v2\/pages\/14310\/revisions"}],"wp:attachment":[{"href":"https:\/\/swisssoftware24.ch\/fr\/wp-json\/wp\/v2\/media?parent=14310"}],"curies":[{"name":"wp","href":"https:\/\/api.w.org\/{rel}","templated":true}]}}