{"id":14325,"date":"2023-03-03T22:24:11","date_gmt":"2023-03-03T22:24:11","guid":{"rendered":"https:\/\/www.dev2.swisssoftware24.ch\/?page_id=14325"},"modified":"2023-03-03T22:24:11","modified_gmt":"2023-03-03T22:24:11","slug":"karriere-2","status":"publish","type":"page","link":"https:\/\/swisssoftware24.ch\/fr\/karriere-2\/","title":{"rendered":"Carri\u00e8re"},"content":{"rendered":"<div data-elementor-type=\"wp-page\" data-elementor-id=\"14325\" class=\"elementor elementor-14325\" data-elementor-post-type=\"page\">\n\t\t\t\t\t\t<section class=\"elementor-section elementor-top-section elementor-element elementor-element-1bc7dca elementor-section-boxed elementor-section-height-default elementor-section-height-default\" data-id=\"1bc7dca\" data-element_type=\"section\">\n\t\t\t\t\t\t<div class=\"elementor-container elementor-column-gap-default\">\n\t\t\t\t\t<div class=\"elementor-column elementor-col-100 elementor-top-column elementor-element elementor-element-e01c59a\" data-id=\"e01c59a\" data-element_type=\"column\">\n\t\t\t<div class=\"elementor-widget-wrap elementor-element-populated\">\n\t\t\t\t\t\t<div class=\"elementor-element elementor-element-677e167 elementor-widget elementor-widget-image\" data-id=\"677e167\" data-element_type=\"widget\" data-widget_type=\"image.default\">\n\t\t\t\t<div class=\"elementor-widget-container\">\n\t\t\t\t\t\t\t\t\t\t\t\t\t\t\t<img loading=\"lazy\" decoding=\"async\" width=\"800\" height=\"264\" src=\"https:\/\/swisssoftware24.ch\/wp-content\/uploads\/2023\/03\/karriere-1024x338.jpg\" class=\"attachment-large size-large wp-image-14327\" alt=\"Karriere\" srcset=\"https:\/\/swisssoftware24.ch\/wp-content\/uploads\/2023\/03\/karriere-1024x338.jpg 1024w, https:\/\/swisssoftware24.ch\/wp-content\/uploads\/2023\/03\/karriere-600x198.jpg 600w, https:\/\/swisssoftware24.ch\/wp-content\/uploads\/2023\/03\/karriere-64x21.jpg 64w, https:\/\/swisssoftware24.ch\/wp-content\/uploads\/2023\/03\/karriere-300x99.jpg 300w, https:\/\/swisssoftware24.ch\/wp-content\/uploads\/2023\/03\/karriere-768x253.jpg 768w, https:\/\/swisssoftware24.ch\/wp-content\/uploads\/2023\/03\/karriere-1536x507.jpg 1536w, https:\/\/swisssoftware24.ch\/wp-content\/uploads\/2023\/03\/karriere-2048x676.jpg 2048w\" sizes=\"auto, (max-width: 800px) 100vw, 800px\" \/>\t\t\t\t\t\t\t\t\t\t\t\t\t\t\t<\/div>\n\t\t\t\t<\/div>\n\t\t\t\t\t<\/div>\n\t\t<\/div>\n\t\t\t\t\t<\/div>\n\t\t<\/section>\n\t\t\t\t<section class=\"elementor-section elementor-top-section elementor-element elementor-element-5b0b29d elementor-section-boxed elementor-section-height-default elementor-section-height-default\" data-id=\"5b0b29d\" data-element_type=\"section\">\n\t\t\t\t\t\t<div class=\"elementor-container elementor-column-gap-default\">\n\t\t\t\t\t<div class=\"elementor-column elementor-col-100 elementor-top-column elementor-element elementor-element-92f3c65\" data-id=\"92f3c65\" data-element_type=\"column\">\n\t\t\t<div class=\"elementor-widget-wrap elementor-element-populated\">\n\t\t\t\t\t\t<div class=\"elementor-element elementor-element-14a81da elementor-widget elementor-widget-text-editor\" data-id=\"14a81da\" data-element_type=\"widget\" data-widget_type=\"text-editor.default\">\n\t\t\t\t<div class=\"elementor-widget-container\">\n\t\t\t\t\t\t\t\t\t<p><strong>Travailler chez SwissSoftware24<\/strong><\/p><p>Nous sommes une \u00e9quipe jeune et solide qui s&#039;est d\u00e9velopp\u00e9e de mani\u00e8re dynamique au cours des derni\u00e8res ann\u00e9es. Afin d&#039;atteindre nos objectifs, nous recherchons r\u00e9guli\u00e8rement des collaborateurs qualifi\u00e9s. Des hi\u00e9rarchies plates, des processus d\u00e9cisionnels courts et un environnement de travail international nous caract\u00e9risent. Nous sommes heureux que vous souhaitiez faire partie de l&#039;\u00e9quipe de SwissSoftware24 et attendons votre candidature.\u00a0<br \/><u><a href=\"\/fr\/offene-stellen\/\">\u25ba Vers les postes vacants<\/a><\/u><\/p>\t\t\t\t\t\t\t\t<\/div>\n\t\t\t\t<\/div>\n\t\t\t\t\t<\/div>\n\t\t<\/div>\n\t\t\t\t\t<\/div>\n\t\t<\/section>\n\t\t\t\t<\/div>","protected":false},"excerpt":{"rendered":"<p>Arbeiten bei SwissSoftware24 Wir sind ein junges und starkes Team das sich w\u00e4hrend der letzten Jahren dynamisch etwickelt hat. Um unsere Ziele zu erreichen, sind wir regelm\u00e4ssig auf der Suche nach qualifizierten Team-Kollegen. Flache Hierarchien, kurze Entscheidungswege und ein internationales Arbeitsumfeld zeichnet uns Aus. Wir freuen uns \u00fcber Dein Interesse, ein Teil von SwissSoftware24-Team zu [&hellip;]<\/p>","protected":false},"author":1,"featured_media":0,"parent":0,"menu_order":0,"comment_status":"closed","ping_status":"closed","template":"","meta":{"_seopress_robots_primary_cat":"","_seopress_titles_title":"","_seopress_titles_desc":"","_seopress_robots_index":"","footnotes":""},"class_list":["post-14325","page","type-page","status-publish","hentry"],"_links":{"self":[{"href":"https:\/\/swisssoftware24.ch\/fr\/wp-json\/wp\/v2\/pages\/14325","targetHints":{"allow":["GET"]}}],"collection":[{"href":"https:\/\/swisssoftware24.ch\/fr\/wp-json\/wp\/v2\/pages"}],"about":[{"href":"https:\/\/swisssoftware24.ch\/fr\/wp-json\/wp\/v2\/types\/page"}],"author":[{"embeddable":true,"href":"https:\/\/swisssoftware24.ch\/fr\/wp-json\/wp\/v2\/users\/1"}],"replies":[{"embeddable":true,"href":"https:\/\/swisssoftware24.ch\/fr\/wp-json\/wp\/v2\/comments?post=14325"}],"version-history":[{"count":0,"href":"https:\/\/swisssoftware24.ch\/fr\/wp-json\/wp\/v2\/pages\/14325\/revisions"}],"wp:attachment":[{"href":"https:\/\/swisssoftware24.ch\/fr\/wp-json\/wp\/v2\/media?parent=14325"}],"curies":[{"name":"wp","href":"https:\/\/api.w.org\/{rel}","templated":true}]}}