{"id":13489,"date":"2023-08-25T15:24:49","date_gmt":"2023-08-25T13:24:49","guid":{"rendered":"https:\/\/www.swisssoftware24.ch\/?post_type=product&#038;p=13489"},"modified":"2026-04-06T18:05:45","modified_gmt":"2026-04-06T16:05:45","slug":"microsoft-365-single","status":"publish","type":"product","link":"https:\/\/swisssoftware24.ch\/fr\/products\/microsoft-365-single\/","title":{"rendered":"Microsoft 365 Single"},"content":{"rendered":"<p>Vous recevrez ce produit par e-mail. Cet e-mail contiendra la cl\u00e9 produit, un lien de t\u00e9l\u00e9chargement et une facture conforme \u00e0 la TVA. Nous vendons exclusivement des produits authentiques et offrons une garantie de 2 ans. Nous serons ravis de vous assister pour l'installation.<\/p>\n<h2><a href=\"https:\/\/swisssoftware24.ch\/fr\/products\/office-2024-standard-2-user\/\"><strong>Achtung: Als preisg\u00fcnstige Alternative bieten wir <\/strong><strong>Office 2024 Standard f\u00fcr 2 Benutzer<\/strong><strong> an. Keine J\u00e4hrliche kosten f\u00fcr nur 39.\u2013 Franken. Klicke hier!<\/strong><\/a><\/h2>\n<h2><\/h2>\n<h5><strong><img loading=\"lazy\" decoding=\"async\" class=\"aligncenter wp-image-13484 size-full\" src=\"https:\/\/swisssoftware24.ch\/wp-content\/uploads\/2023\/02\/auf_the_nutzer.jpg\" alt=\"\" width=\"1200\" height=\"100\" srcset=\"https:\/\/swisssoftware24.ch\/wp-content\/uploads\/2023\/02\/auf_the_nutzer.jpg 1200w, https:\/\/swisssoftware24.ch\/wp-content\/uploads\/2023\/02\/auf_the_nutzer-600x50.jpg 600w, https:\/\/swisssoftware24.ch\/wp-content\/uploads\/2023\/02\/auf_the_nutzer-64x5.jpg 64w, https:\/\/swisssoftware24.ch\/wp-content\/uploads\/2023\/02\/auf_the_nutzer-300x25.jpg 300w, https:\/\/swisssoftware24.ch\/wp-content\/uploads\/2023\/02\/auf_the_nutzer-1024x85.jpg 1024w, https:\/\/swisssoftware24.ch\/wp-content\/uploads\/2023\/02\/auf_the_nutzer-768x64.jpg 768w\" sizes=\"auto, (max-width: 1200px) 100vw, 1200px\" \/><\/strong><\/h5>\n<p data-sourcepos=\"3:1-3:373\">Microsoft 365 Single est la solution id\u00e9ale pour ceux qui recherchent une suite bureautique performante et flexible pour un usage personnel. Avec ce pack, vous avez acc\u00e8s aux derni\u00e8res versions de Word, Excel, PowerPoint et Outlook, que vous pouvez utiliser sur tous vos appareils. Travaillez de mani\u00e8re productive, que vous soyez en d\u00e9placement, dans un caf\u00e9 ou \u00e0 la maison.<\/p>\n<p data-sourcepos=\"5:1-5:230\">Profitez de la libert\u00e9 de modifier vos documents, feuilles de calcul et pr\u00e9sentations o\u00f9 que vous soyez. Gr\u00e2ce \u00e0 la synchronisation dans le cloud avec OneDrive, vous avez acc\u00e8s \u00e0 vos fichiers \u00e0 tout moment, quel que soit l'appareil que vous utilisez.<\/p>\n<p data-sourcepos=\"7:1-7:289\">Microsoft 365 Single vous offre bien plus que des applications bureautiques de base. Avec des fonctionnalit\u00e9s intelligentes telles que la saisie semi-automatique, la traduction en temps r\u00e9el et la collaboration en temps r\u00e9el, vous pouvez augmenter votre productivit\u00e9 et g\u00e9rer facilement des t\u00e2ches complexes.<\/p>\n<p data-sourcepos=\"9:1-9:176\">Investissez dans votre productivit\u00e9 avec Microsoft 365 Single. C'est le choix id\u00e9al pour les \u00e9tudiants, les ind\u00e9pendants et tous ceux qui attachent de l'importance \u00e0 la flexibilit\u00e9 et \u00e0 l'efficacit\u00e9.<\/p>\n<p><strong>Vous trouverez plus d'informations sur ce produit\u00a0<a href=\"https:\/\/swisssoftware24.ch\/fr\/microsoft-365-single-ihr-partner-in-der-digitalen-welt\/\">ici<\/a>.<\/strong><\/p>\n<h3>Microsoft 365 Single \u2013 configuration syst\u00e8me requise<\/h3>\n<ul>\n<li>Syst\u00e8mes d'exploitation: Windows 10 et 11; Mac: les trois derni\u00e8res versions de macOS.<\/li>\n<li>RAM PC - 4 Go de RAM, 2 Go de RAM (32 bits); Mac - 4 Go de RAM<\/li>\n<li>Ordinateur avec processeur - 1,6 GHz ou plus rapide (double c\u0153ur)\u00a0; Mac - Processeur Intel<\/li>\n<li>Disque dur PC - 4 Go ; Mac - 10 Go<\/li>\n<\/ul>","protected":false},"excerpt":{"rendered":"<hr \/>\n<p>Office 365 Personal est une excellente variante d'Office 365 pour les \u00e9tudiants et tous les autres utilisateurs individuels.<\/p>\n<p><strong>Licence: 1 utilisateur pour 1 an<\/strong><\/p>\n<p><strong>Version linguistique: Toutes les langues<\/strong><\/p>\n<p><strong>LIVRAISON PAR E-MAIL EN 5 MINUTES<\/strong><\/p>\n<div id=\"gtx-trans\" style=\"position: absolute; left: -54px; top: 206px;\">\n<div class=\"gtx-trans-icon\"><\/div>\n<\/div>","protected":false},"featured_media":13490,"template":"","meta":{"_seopress_robots_primary_cat":"none","_seopress_titles_title":"Microsoft 365 Single | Office-Online-Apps | SwissSoftware24","_seopress_titles_desc":"Microsoft 365 Single: Nutzen Sie Office-Apps wie Word, Excel und mehr auf einem Ger\u00e4t. Perfekt f\u00fcr den pers\u00f6nlichen Gebrauch. Jetzt bei SwissSoftware24.","_seopress_robots_index":""},"product_brand":[],"product_cat":[77],"product_tag":[],"class_list":{"0":"post-13489","1":"product","2":"type-product","3":"status-publish","4":"has-post-thumbnail","6":"product_cat-office-programme","8":"first","9":"instock","10":"sale","11":"taxable","12":"shipping-taxable","13":"purchasable","14":"product-type-simple"},"_links":{"self":[{"href":"https:\/\/swisssoftware24.ch\/fr\/wp-json\/wp\/v2\/product\/13489","targetHints":{"allow":["GET"]}}],"collection":[{"href":"https:\/\/swisssoftware24.ch\/fr\/wp-json\/wp\/v2\/product"}],"about":[{"href":"https:\/\/swisssoftware24.ch\/fr\/wp-json\/wp\/v2\/types\/product"}],"wp:featuredmedia":[{"embeddable":true,"href":"https:\/\/swisssoftware24.ch\/fr\/wp-json\/wp\/v2\/media\/13490"}],"wp:attachment":[{"href":"https:\/\/swisssoftware24.ch\/fr\/wp-json\/wp\/v2\/media?parent=13489"}],"wp:term":[{"taxonomy":"product_brand","embeddable":true,"href":"https:\/\/swisssoftware24.ch\/fr\/wp-json\/wp\/v2\/product_brand?post=13489"},{"taxonomy":"product_cat","embeddable":true,"href":"https:\/\/swisssoftware24.ch\/fr\/wp-json\/wp\/v2\/product_cat?post=13489"},{"taxonomy":"product_tag","embeddable":true,"href":"https:\/\/swisssoftware24.ch\/fr\/wp-json\/wp\/v2\/product_tag?post=13489"}],"curies":[{"name":"wp","href":"https:\/\/api.w.org\/{rel}","templated":true}]}}