{"id":13573,"date":"2023-02-25T17:44:54","date_gmt":"2023-02-25T16:44:54","guid":{"rendered":"https:\/\/www.swisssoftware24.ch\/?post_type=product&#038;p=13573"},"modified":"2025-11-29T23:56:54","modified_gmt":"2025-11-29T22:56:54","slug":"kaspersky-internet-security-fur-android","status":"publish","type":"product","link":"https:\/\/swisssoftware24.ch\/fr\/products\/kaspersky-internet-security-fur-android\/","title":{"rendered":"Kaspersky Internet Security pour Android"},"content":{"rendered":"<p data-start=\"87\" data-end=\"539\">Kaspersky Internet Security pour Android offre une protection puissante contre les virus, le phishing, les liens malveillants et les appels ind\u00e9sirables. La fonction d'analyse en temps r\u00e9el d\u00e9tecte imm\u00e9diatement les menaces et emp\u00eache les logiciels malveillants d'infecter votre appareil. Gr\u00e2ce \u00e0 la v\u00e9rification des liens, les sites web frauduleux sont bloqu\u00e9s avant qu'ils ne puissent causer des dommages. Cela prot\u00e8ge votre vie priv\u00e9e pendant que vous naviguez sur Internet en toute s\u00e9curit\u00e9.<\/p>\n<p data-start=\"541\" data-end=\"967\">Avec la fonction antivol, Kaspersky offre une protection suppl\u00e9mentaire en cas de perte ou de vol de votre smartphone. Vous pouvez verrouiller votre appareil \u00e0 distance, afficher son emplacement sur une carte ou supprimer compl\u00e8tement les donn\u00e9es pour s\u00e9curiser vos informations personnelles. De plus, le logiciel vous permet de prendre des photos avec l'appareil photo de l'appareil pour identifier les utilisateurs non autoris\u00e9s.<\/p>\n<p data-start=\"969\" data-end=\"1436\" data-is-last-node=\"\">Le pare-feu int\u00e9gr\u00e9 prot\u00e8ge votre appareil contre les acc\u00e8s non autoris\u00e9s et s\u00e9curise vos donn\u00e9es sensibles telles que les mots de passe ou les informations bancaires contre les cyberattaques. De plus, les appels et messages ind\u00e9sirables peuvent \u00eatre bloqu\u00e9s pour vous prot\u00e9ger contre le spam, le t\u00e9l\u00e9marketing et les tentatives de fraude potentielles. Gr\u00e2ce aux mises \u00e0 jour de s\u00e9curit\u00e9 r\u00e9guli\u00e8res, votre smartphone reste toujours prot\u00e9g\u00e9, vous pouvez donc compter sur une utilisation sans souci.<\/p>\n<p data-start=\"969\" data-end=\"1436\" data-is-last-node=\"\"><strong>Vous trouverez plus d'informations sur ce produit\u00a0<a href=\"https:\/\/swisssoftware24.ch\/fr\/kaspersky-internet-security-fuer-android-umfassender-schutz-fuer-ihr-smartphone\/\">ici<\/a>.<\/strong><\/p>\n<h3>Kaspersky Internet Security pour Android \u2013 \n configuration syst\u00e8me requise<\/h3>\n<ul>\n<li>Un smartphone ou une tablette avec une r\u00e9solution d'\u00e9cran de 320 \u00d7 480 pixels ou sup\u00e9rieure<\/li>\n<li>120 Mo d'espace libre dans la m\u00e9moire principale de l'appareil<\/li>\n<li>Syst\u00e8me d'exploitation : Android 4.2-9.x<\/li>\n<li>Plateformes Intel Atom x86 ou ARMv7 et sup\u00e9rieures<\/li>\n<\/ul>","protected":false},"excerpt":{"rendered":"<p>Kaspersky Internet Security pour Android, comme son nom l'indique, est con\u00e7u pour les appareils Android. Il offre la plupart des fonctionnalit\u00e9s de la version de bureau et comprend des \u00e9l\u00e9ments suppl\u00e9mentaires tels que l'antivol, la v\u00e9rification des liens et la possibilit\u00e9 de bloquer les appels et les messages ind\u00e9sirables.<\/p>","protected":false},"featured_media":25823,"template":"","meta":{"_seopress_robots_primary_cat":"none","_seopress_titles_title":"Kaspersky Internet Security f\u00fcr Android | SwissSoftware24","_seopress_titles_desc":"Kaspersky Internet Security f\u00fcr Android bietet umfassenden Schutz vor Viren und Malware. Sch\u00fctzen Sie Ihr Smartphone jetzt bei SwissSoftware24.","_seopress_robots_index":""},"product_brand":[],"product_cat":[108,63,93],"product_tag":[],"class_list":{"0":"post-13573","1":"product","2":"type-product","3":"status-publish","4":"has-post-thumbnail","6":"product_cat-kaspersky","7":"product_cat-antivirus-security","8":"product_cat-antivirus","10":"first","11":"instock","12":"taxable","13":"shipping-taxable","14":"purchasable","15":"product-type-variable"},"_links":{"self":[{"href":"https:\/\/swisssoftware24.ch\/fr\/wp-json\/wp\/v2\/product\/13573","targetHints":{"allow":["GET"]}}],"collection":[{"href":"https:\/\/swisssoftware24.ch\/fr\/wp-json\/wp\/v2\/product"}],"about":[{"href":"https:\/\/swisssoftware24.ch\/fr\/wp-json\/wp\/v2\/types\/product"}],"wp:featuredmedia":[{"embeddable":true,"href":"https:\/\/swisssoftware24.ch\/fr\/wp-json\/wp\/v2\/media\/25823"}],"wp:attachment":[{"href":"https:\/\/swisssoftware24.ch\/fr\/wp-json\/wp\/v2\/media?parent=13573"}],"wp:term":[{"taxonomy":"product_brand","embeddable":true,"href":"https:\/\/swisssoftware24.ch\/fr\/wp-json\/wp\/v2\/product_brand?post=13573"},{"taxonomy":"product_cat","embeddable":true,"href":"https:\/\/swisssoftware24.ch\/fr\/wp-json\/wp\/v2\/product_cat?post=13573"},{"taxonomy":"product_tag","embeddable":true,"href":"https:\/\/swisssoftware24.ch\/fr\/wp-json\/wp\/v2\/product_tag?post=13573"}],"curies":[{"name":"wp","href":"https:\/\/api.w.org\/{rel}","templated":true}]}}