{"id":13584,"date":"2023-02-25T18:05:22","date_gmt":"2023-02-25T17:05:22","guid":{"rendered":"https:\/\/www.swisssoftware24.ch\/?post_type=product&#038;p=13584"},"modified":"2025-11-29T23:56:54","modified_gmt":"2025-11-29T22:56:54","slug":"kaspersky-safe-kids","status":"publish","type":"product","link":"https:\/\/swisssoftware24.ch\/fr\/products\/kaspersky-safe-kids\/","title":{"rendered":"Kaspersky Safe Kids"},"content":{"rendered":"<p data-start=\"56\" data-end=\"467\">Kaspersky Safe Kids est une solution de contr\u00f4le parental compl\u00e8te qui aide les parents \u00e0 surveiller et \u00e0 contr\u00f4ler les activit\u00e9s en ligne de leurs enfants. Le contr\u00f4le du temps d'\u00e9cran permet de limiter l'utilisation quotidienne des appareils et de promouvoir des habitudes num\u00e9riques saines. Les parents peuvent consulter des rapports d\u00e9taill\u00e9s sur le temps pass\u00e9 en ligne et d\u00e9finir des r\u00e8gles d'utilisation individuelles.<\/p>\n<p data-start=\"469\" data-end=\"818\">Avec le filtrage des sites web et des contenus, Kaspersky Safe Kids prot\u00e8ge les enfants contre les contenus inappropri\u00e9s tels que la violence ou la pornographie. Les parents peuvent sp\u00e9cifier quels sites web et applications doivent \u00eatre bloqu\u00e9s ou restreints. Si un enfant tente d'acc\u00e9der \u00e0 une page bloqu\u00e9e, les parents re\u00e7oivent une notification imm\u00e9diate.<\/p>\n<p data-start=\"820\" data-end=\"1122\">Le contr\u00f4le des applications et des jeux garantit que les enfants ne passent pas trop de temps sur les m\u00e9dias sociaux ou les jeux en ligne. Les parents peuvent limiter l'acc\u00e8s \u00e0 des applications sp\u00e9cifiques et ajuster les r\u00e8gles pour diff\u00e9rents groupes d'\u00e2ge. Cela maintient l'\u00e9quilibre entre divertissement et apprentissage.<\/p>\n<p data-start=\"1124\" data-end=\"1411\" data-is-last-node=\"\" data-is-only-node=\"\">Kaspersky Safe Kids est compatible avec Windows, Mac, Android et iOS et offre une interface conviviale pour une gestion facile. Avec une surveillance en temps r\u00e9el et des alertes automatiques, il donne aux parents un contr\u00f4le total sur la s\u00e9curit\u00e9 num\u00e9rique de leurs enfants.<\/p>\n<p data-start=\"1124\" data-end=\"1411\" data-is-last-node=\"\" data-is-only-node=\"\"><strong>Vous trouverez plus d'informations sur ce produit\u00a0<a href=\"https:\/\/swisssoftware24.ch\/fr\/kaspersky-safe-kids-umfassender-schutz-fuer-kinder-im-internet\/\">ici<\/a>.<\/strong><\/p>\n<h3>Kaspersky Safe Kids \u2013 configuration syst\u00e8me requise<\/h3>\n<ul>\n<li>Windows: 200 MB freier Festplattenspeicher; Microsoft\u00ae Internet Explorer\u00ae 11 oder h\u00f6herl Microsoft .NET Framework 4 oder h\u00f6her; Microsoft Windows 10\/11 Home\/Pro\/Education; Microsoft Windows 8 &amp; 8.1 \/ Pro \/ Enterprise \/ 8.1-Update; Microsoft Windows 7 Starter\/Home Basic\/Home Premium\/Professional\/Ultimate \u2013 SP1 mit den Patches KB4474419 und KB4490628 oder h\u00f6her; Prozessor: 1 GHz oder schneller; Speicher (RAM): 1 GB (32-Bit) oder 2 GB (64-Bit)l Mindestbildschirmaufl\u00f6sung: 1024&#215;768<\/li>\n<li>Mac: Speicher (RAM): 2 GB; macOS 10.13 oder h\u00f6her<\/li>\n<li>Android: Android\u2122 8.0 \u2013 13.0; Mindestbildschirmaufl\u00f6sung: 320 x 480<\/li>\n<li>iOS: iOS\u00ae 12.0 oder h\u00f6her<\/li>\n<\/ul>","protected":false},"excerpt":{"rendered":"<p>Kaspersky Safe Kids est un logiciel con\u00e7u pour les parents qui souhaitent surveiller l'activit\u00e9 en ligne de leurs enfants et les prot\u00e9ger contre les contenus inappropri\u00e9s. Il permet de contr\u00f4ler l'acc\u00e8s aux sites web, aux applications et aux jeux<\/p>\n<p>1 an pour 1 appareil<\/p>","protected":false},"featured_media":25828,"template":"","meta":{"_seopress_robots_primary_cat":"none","_seopress_titles_title":"Kaspersky Safe Kids | Schutz f\u00fcr Kinder | SwissSoftware24","_seopress_titles_desc":"Kaspersky Safe Kids bietet umfassenden Schutz f\u00fcr Ihre Kinder online. \u00dcberwachen und sichern Sie die Online-Aktivit\u00e4ten jetzt bei SwissSoftware24.","_seopress_robots_index":""},"product_brand":[],"product_cat":[93,63,108],"product_tag":[],"class_list":{"0":"post-13584","1":"product","2":"type-product","3":"status-publish","4":"has-post-thumbnail","6":"product_cat-antivirus","7":"product_cat-antivirus-security","8":"product_cat-kaspersky","10":"first","11":"onbackorder","12":"taxable","13":"shipping-taxable","14":"purchasable","15":"product-type-simple"},"_links":{"self":[{"href":"https:\/\/swisssoftware24.ch\/fr\/wp-json\/wp\/v2\/product\/13584","targetHints":{"allow":["GET"]}}],"collection":[{"href":"https:\/\/swisssoftware24.ch\/fr\/wp-json\/wp\/v2\/product"}],"about":[{"href":"https:\/\/swisssoftware24.ch\/fr\/wp-json\/wp\/v2\/types\/product"}],"wp:featuredmedia":[{"embeddable":true,"href":"https:\/\/swisssoftware24.ch\/fr\/wp-json\/wp\/v2\/media\/25828"}],"wp:attachment":[{"href":"https:\/\/swisssoftware24.ch\/fr\/wp-json\/wp\/v2\/media?parent=13584"}],"wp:term":[{"taxonomy":"product_brand","embeddable":true,"href":"https:\/\/swisssoftware24.ch\/fr\/wp-json\/wp\/v2\/product_brand?post=13584"},{"taxonomy":"product_cat","embeddable":true,"href":"https:\/\/swisssoftware24.ch\/fr\/wp-json\/wp\/v2\/product_cat?post=13584"},{"taxonomy":"product_tag","embeddable":true,"href":"https:\/\/swisssoftware24.ch\/fr\/wp-json\/wp\/v2\/product_tag?post=13584"}],"curies":[{"name":"wp","href":"https:\/\/api.w.org\/{rel}","templated":true}]}}