{"id":13698,"date":"2023-02-26T18:35:44","date_gmt":"2023-02-26T18:35:44","guid":{"rendered":"https:\/\/www.swisssoftware24.ch\/?post_type=product&#038;p=13698"},"modified":"2026-02-22T20:28:05","modified_gmt":"2026-02-22T19:28:05","slug":"windows-11-home-oem","status":"publish","type":"product","link":"https:\/\/swisssoftware24.ch\/fr\/products\/windows-11-home-oem\/","title":{"rendered":"Windows 11 Home OEM"},"content":{"rendered":"<p>Windows 11 Home est la solution \u00e9conomique pour tous ceux qui recherchent un syst\u00e8me d'exploitation moderne et efficace. Id\u00e9al pour les particuliers, les \u00e9tudiants et les bureaux \u00e0 domicile, Windows 11 Home offre tout ce dont vous avez besoin pour votre quotidien num\u00e9rique. Veuillez noter qu'il s'agit d'une version OEM qui ne convient pas \u00e0 la mise \u00e0 jour ou \u00e0 la migration depuis d'autres versions ou des versions ant\u00e9rieures.<\/p>\n<p>Windows 11 Home offre une interface intuitive et conviviale sp\u00e9cialement con\u00e7ue pour l'utilisateur moderne. Gr\u00e2ce \u00e0 des fonctionnalit\u00e9s am\u00e9lior\u00e9es telles que les dispositions d'ancrage (Snap Layouts), vous pouvez organiser plusieurs fen\u00eatres simultan\u00e9ment et travailler plus efficacement. Le nouveau Microsoft Store propose un large choix d'applications, de jeux et de contenus de divertissement, tous s\u00fbrs et faciles \u00e0 installer. Gr\u00e2ce aux fonctions de s\u00e9curit\u00e9 int\u00e9gr\u00e9es telles que Windows Hello et \u00e0 une protection compl\u00e8te contre les logiciels malveillants et les virus, vous \u00eates toujours en s\u00e9curit\u00e9 lors de vos d\u00e9placements. La prise en charge des applications Android \u00e9largit vos possibilit\u00e9s et permet un travail et des jeux fluides.<\/p>\n<p>D\u00e9couvrez une nouvelle \u00e8re de convivialit\u00e9 et de productivit\u00e9 avec Windows 11 Home. Mettez \u00e0 niveau d\u00e8s aujourd'hui et plongez dans l'avenir de l'informatique!<\/p>\n<p><strong>Configuration syst\u00e8me:<\/strong><\/p>\n<ul>\n<li>Processeur: 1 GHz ou plus rapide, 2 c\u0153urs, 64 bits.<\/li>\n<li>M\u00e9moire vive : 4 Go de RAM.<\/li>\n<li>Espace de stockage: 64 Go ou plus.<\/li>\n<li>Micrologiciel: UEFI, d\u00e9marrage s\u00e9curis\u00e9.<\/li>\n<li>TPM: Version 2.0.<\/li>\n<li>Carte graphique: DirectX 12 ou sup\u00e9rieur, WDDM 2.0.<\/li>\n<li>\u00c9cran: 720p, plus de 9 pouces.<\/li>\n<\/ul>\n<p><strong>Vous trouverez plus d'informations sur ce produit <a href=\"https:\/\/swisssoftware24.ch\/fr\/windows-11-home-komplettuebersicht-der-funktionen-und-vorteile\/\">ici<\/a>.<\/strong><\/p>\n<h3>R\u00e9servez maintenant!<\/h3>\n<h3><a href=\"https:\/\/swisssoftware24.ch\/fr\/products\/service-extra-plus\/\"><strong>Service Extra Plus pour CHF 14.95<\/strong><\/a><\/h3>\n<ul>\n<li><a href=\"https:\/\/swisssoftware24.ch\/fr\/products\/service-extra-plus\/\"><strong>Deux ans de garantie suppl\u00e9mentaire<\/strong><\/a><\/li>\n<li><a href=\"https:\/\/swisssoftware24.ch\/fr\/products\/service-extra-plus\/\"><strong>Assistance acc\u00e9l\u00e9r\u00e9e en cas de besoin<\/strong><\/a><\/li>\n<li><a href=\"https:\/\/swisssoftware24.ch\/fr\/products\/service-extra-plus\/\"><strong>Aide compl\u00e8te \u00e0 l'installation<\/strong><\/a><\/li>\n<li><a href=\"https:\/\/swisssoftware24.ch\/fr\/products\/service-extra-plus\/\"><strong>Un an de logiciel antivirus GRATUIT<\/strong><\/a><\/li>\n<\/ul>\n<p><a href=\"https:\/\/swisssoftware24.ch\/fr\/products\/service-extra-plus\/\"><img loading=\"lazy\" decoding=\"async\" class=\"alignnone size-medium wp-image-34023\" src=\"https:\/\/swisssoftware24.ch\/wp-content\/uploads\/2025\/01\/portret-usmiechnietego-rekodzielnika-z-laptopem-izolowanym-na-bialym_926199-2550963-300x300.jpg\" alt=\"\" width=\"300\" height=\"300\" srcset=\"https:\/\/swisssoftware24.ch\/wp-content\/uploads\/2025\/01\/portret-usmiechnietego-rekodzielnika-z-laptopem-izolowanym-na-bialym_926199-2550963-300x300.jpg 300w, https:\/\/swisssoftware24.ch\/wp-content\/uploads\/2025\/01\/portret-usmiechnietego-rekodzielnika-z-laptopem-izolowanym-na-bialym_926199-2550963-150x150.jpg 150w, https:\/\/swisssoftware24.ch\/wp-content\/uploads\/2025\/01\/portret-usmiechnietego-rekodzielnika-z-laptopem-izolowanym-na-bialym_926199-2550963-12x12.jpg 12w, https:\/\/swisssoftware24.ch\/wp-content\/uploads\/2025\/01\/portret-usmiechnietego-rekodzielnika-z-laptopem-izolowanym-na-bialym_926199-2550963-100x100.jpg 100w, https:\/\/swisssoftware24.ch\/wp-content\/uploads\/2025\/01\/portret-usmiechnietego-rekodzielnika-z-laptopem-izolowanym-na-bialym_926199-2550963-32x32.jpg 32w, https:\/\/swisssoftware24.ch\/wp-content\/uploads\/2025\/01\/portret-usmiechnietego-rekodzielnika-z-laptopem-izolowanym-na-bialym_926199-2550963-64x64.jpg 64w, https:\/\/swisssoftware24.ch\/wp-content\/uploads\/2025\/01\/portret-usmiechnietego-rekodzielnika-z-laptopem-izolowanym-na-bialym_926199-2550963.jpg 352w\" sizes=\"auto, (max-width: 300px) 100vw, 300px\" \/><\/a><\/p>","protected":false},"excerpt":{"rendered":"<p>Windows 11 Home est le successeur de l&#039;un des syst\u00e8mes d&#039;exploitation les plus populaires de Microsoft, c&#039;est-\u00e0-dire les dizaines les plus vendus. C&#039;est un excellent choix pour un usage quotidien. Gr\u00e2ce aux nombreuses am\u00e9liorations, il permet d&#039;optimiser le temps de travail et de rendre l&#039;utilisation quotidienne de l&#039;ordinateur beaucoup plus facile. Quelles fonctionnalit\u00e9s inclut-il ?<\/p>","protected":false},"featured_media":13699,"template":"","meta":{"_seopress_robots_primary_cat":"none","_seopress_titles_title":"Windows 11 Home OEM | Benutzerfreundlich | SwissSoftware24","_seopress_titles_desc":"Erleben Sie Windows 11 Home OEM: Ein benutzerfreundliches und sicheres Betriebssystem f\u00fcr den t\u00e4glichen Gebrauch. Jetzt bei SwissSoftware24 verf\u00fcgbar.","_seopress_robots_index":""},"product_brand":[],"product_cat":[86,88],"product_tag":[],"class_list":{"0":"post-13698","1":"product","2":"type-product","3":"status-publish","4":"has-post-thumbnail","6":"product_cat-windows-fur-unternehmen","7":"product_cat-windows-11","9":"first","10":"instock","11":"taxable","12":"shipping-taxable","13":"purchasable","14":"product-type-simple"},"_links":{"self":[{"href":"https:\/\/swisssoftware24.ch\/fr\/wp-json\/wp\/v2\/product\/13698","targetHints":{"allow":["GET"]}}],"collection":[{"href":"https:\/\/swisssoftware24.ch\/fr\/wp-json\/wp\/v2\/product"}],"about":[{"href":"https:\/\/swisssoftware24.ch\/fr\/wp-json\/wp\/v2\/types\/product"}],"wp:featuredmedia":[{"embeddable":true,"href":"https:\/\/swisssoftware24.ch\/fr\/wp-json\/wp\/v2\/media\/13699"}],"wp:attachment":[{"href":"https:\/\/swisssoftware24.ch\/fr\/wp-json\/wp\/v2\/media?parent=13698"}],"wp:term":[{"taxonomy":"product_brand","embeddable":true,"href":"https:\/\/swisssoftware24.ch\/fr\/wp-json\/wp\/v2\/product_brand?post=13698"},{"taxonomy":"product_cat","embeddable":true,"href":"https:\/\/swisssoftware24.ch\/fr\/wp-json\/wp\/v2\/product_cat?post=13698"},{"taxonomy":"product_tag","embeddable":true,"href":"https:\/\/swisssoftware24.ch\/fr\/wp-json\/wp\/v2\/product_tag?post=13698"}],"curies":[{"name":"wp","href":"https:\/\/api.w.org\/{rel}","templated":true}]}}