{"id":13707,"date":"2023-02-26T19:17:13","date_gmt":"2023-02-26T18:17:13","guid":{"rendered":"https:\/\/www.swisssoftware24.ch\/?post_type=product&#038;p=13707"},"modified":"2026-04-07T11:20:41","modified_gmt":"2026-04-07T09:20:41","slug":"windows-11-pro","status":"publish","type":"product","link":"https:\/\/swisssoftware24.ch\/fr\/products\/windows-11-pro\/","title":{"rendered":"Windows 11 Pro"},"content":{"rendered":"<h1>Windows 11 Pro - Des fonctions pro pour la s\u00e9curit\u00e9, le travail \u00e0 distance et le contr\u00f4le<\/h1>\n<p><span style=\"font-weight: 400;\">Un bon syst\u00e8me d\u2019exploitation devrait te donner plus de contr\u00f4le quand ton PC doit \u201cvraiment\u201d travailler. Windows 11 Pro s\u2019adresse aux personnes qui veulent le quotidien fluide de Windows 11, mais qui ont aussi besoin de fonctions Pro utiles au travail : chiffrement des disques, acc\u00e8s \u00e0 distance et options pour l\u2019administration et les tests.<\/span><\/p>\n<p><span style=\"font-weight: 400;\">La diff\u00e9rence se traduit par une s\u00e9curit\u00e9 plus tangible au quotidien et plus de flexibilit\u00e9 - sans devoir assembler des outils suppl\u00e9mentaires. Tu peux chiffrer tes disques avec BitLocker, utiliser ton PC comme h\u00f4te Remote Desktop et tester dans des environnements isol\u00e9s avec Hyper-V ou Windows Sandbox, si tu veux v\u00e9rifier un logiciel ou un fichier avant qu\u2019il ne \u201ctouche\u201d ton syst\u00e8me.<\/span><\/p>\n<p><span style=\"font-weight: 400;\">Par rapport \u00e0 Windows 10 Pro, Windows 11 Pro est la g\u00e9n\u00e9ration plus r\u00e9cente et s\u2019appuie sur les exigences mat\u00e9rielles actuelles de Windows 11 comme TPM 2.0 et Secure Boot. C\u2019est d\u2019autant plus pertinent que Microsoft a mis fin au support de Windows 10 le 14 octobre 2025.<\/span><\/p>\n<p><span style=\"font-weight: 400;\">Si tu ach\u00e8tes Windows 11 Pro chez SwissSoftware24, tu re\u00e7ois rapidement ton produit num\u00e9rique par e-mail, avec la cl\u00e9 d\u2019activation et le lien de t\u00e9l\u00e9chargement officiel, ainsi qu\u2019une facture suisse adapt\u00e9e \u00e0 la comptabilit\u00e9. Tu profites aussi d\u2019un processus clair pour les particuliers et les entreprises, afin que l\u2019activation et la mise en route se passent sans accroc.<\/span><\/p>\n<h2><span style=\"font-weight: 400;\">Produit Windows 11 Pro pour PC compatibles avec BitLocker, Remote Desktop Host, Hyper-V et Windows Sandbox<\/span><\/h2>\n<p><span style=\"font-weight: 400;\">Windows 11 Pro est l\u2019\u00e9dition Pro de Windows 11 pour PC compatibles. Elle utilise les m\u00eames exigences de base que les autres \u00e9ditions Windows 11 (par ex. TPM 2.0 et Secure Boot) et ajoute des fonctions Pro comme BitLocker, Remote Desktop et la virtualisation.<\/span><\/p>\n<h2><span style=\"font-weight: 400;\">Qu\u2019est-ce qui diff\u00e9rencie Windows 11 Pro de Windows 11 Home ?<\/span><\/h2>\n<p><span style=\"font-weight: 400;\">Valeurs ajout\u00e9es Pro typiques (selon la documentation Microsoft) :<\/span><\/p>\n<ul>\n<li style=\"font-weight: 400;\" aria-level=\"1\"><span style=\"font-weight: 400;\">BitLocker Drive Encryption (chiffrement manuel des disques dans les \u00e9ditions Pro)<\/span><span style=\"font-weight: 400;\"><br \/>\n<\/span><\/li>\n<li style=\"font-weight: 400;\" aria-level=\"1\"><span style=\"font-weight: 400;\">Remote Desktop en tant qu\u2019h\u00f4te (le PC cible doit \u00eatre en Pro ; l\u2019appareil depuis lequel tu te connectes peut aussi \u00eatre en Home)<\/span><span style=\"font-weight: 400;\"><br \/>\n<\/span><\/li>\n<li style=\"font-weight: 400;\" aria-level=\"1\"><span style=\"font-weight: 400;\">Domain Join ou Microsoft Entra ID Join (pour les environnements de travail)<\/span><span style=\"font-weight: 400;\"><br \/>\n<\/span><\/li>\n<li style=\"font-weight: 400;\" aria-level=\"1\"><span style=\"font-weight: 400;\">Windows Sandbox (non pris en charge dans Windows Home, pris en charge dans Pro\/Enterprise\/Education)<\/span><span style=\"font-weight: 400;\"><br \/>\n<\/span><\/li>\n<li style=\"font-weight: 400;\" aria-level=\"1\"><span style=\"font-weight: 400;\">Hyper-V pour la virtualisation et les configurations de test<\/span><span style=\"font-weight: 400;\"><br \/>\n<\/span><\/li>\n<\/ul>\n<h2><span style=\"font-weight: 400;\">Quand Windows 11 Pro est-il un meilleur choix ?<\/span><\/h2>\n<ul>\n<li style=\"font-weight: 400;\" aria-level=\"1\"><span style=\"font-weight: 400;\">Tu travailles avec des donn\u00e9es sensibles et tu veux chiffrer tes disques avec BitLocker.<\/span><span style=\"font-weight: 400;\"><br \/>\n<\/span><\/li>\n<li style=\"font-weight: 400;\" aria-level=\"1\"><span style=\"font-weight: 400;\">Tu veux acc\u00e9der \u00e0 ton PC \u00e0 distance et tu as besoin de la fonction d\u2019h\u00f4te Remote Desktop.<\/span><span style=\"font-weight: 400;\"><br \/>\n<\/span><\/li>\n<li style=\"font-weight: 400;\" aria-level=\"1\"><span style=\"font-weight: 400;\">Tu testes des programmes, des fichiers ou des configurations dans un environnement isol\u00e9 (Windows Sandbox) ou tu utilises la virtualisation (Hyper-V).<\/span><span style=\"font-weight: 400;\"><br \/>\n<\/span><\/li>\n<li style=\"font-weight: 400;\" aria-level=\"1\"><span style=\"font-weight: 400;\">Tu as besoin d\u2019une int\u00e9gration \u201cbusiness\u201d comme Domain Join ou Microsoft Entra ID Join.<\/span><span style=\"font-weight: 400;\"><br \/>\n<\/span><\/li>\n<\/ul>\n<h2><span style=\"font-weight: 400;\">Note pour les personnes qui passent de Windows 10<\/span><\/h2>\n<p><span style=\"font-weight: 400;\">Microsoft a mis fin au support de Windows 10 le 14 octobre 2025. Passer \u00e0 Windows 11 est donc pertinent si tu veux continuer \u00e0 recevoir des mises \u00e0 jour actuelles.<\/span><span style=\"font-weight: 400;\"><br \/>\n<\/span><\/p>\n<h2><span style=\"font-weight: 400;\">Exigences syst\u00e8me:<\/span><\/h2>\n<h3><span style=\"font-weight: 400;\">Mindestanforderungen laut Microsoft (Windows 11)<\/span><\/h3>\n<ul>\n<li style=\"font-weight: 400;\" aria-level=\"1\"><span style=\"font-weight: 400;\">Processeur : 1 GHz ou plus, 2 c\u0153urs ou plus, processeur 64 bits compatible ou SoC<\/span><span style=\"font-weight: 400;\"><br \/>\n<\/span><\/li>\n<li style=\"font-weight: 400;\" aria-level=\"1\"><span style=\"font-weight: 400;\">M\u00e9moire : 4 Go de RAM<\/span><span style=\"font-weight: 400;\"><br \/>\n<\/span><\/li>\n<li style=\"font-weight: 400;\" aria-level=\"1\"><span style=\"font-weight: 400;\">Stockage : 64 Go ou plus<\/span><span style=\"font-weight: 400;\"><br \/>\n<\/span><\/li>\n<li style=\"font-weight: 400;\" aria-level=\"1\"><span style=\"font-weight: 400;\">Microprogramme syst\u00e8me : UEFI, compatible Secure Boot<\/span><span style=\"font-weight: 400;\"><br \/>\n<\/span><\/li>\n<li style=\"font-weight: 400;\" aria-level=\"1\"><span style=\"font-weight: 400;\">TPM: Trusted Platform Module (TPM) 2.0<\/span><span style=\"font-weight: 400;\"><br \/>\n<\/span><\/li>\n<li style=\"font-weight: 400;\" aria-level=\"1\"><span style=\"font-weight: 400;\">Graphismes : compatible DirectX 12, pilote WDDM 2.0<\/span><span style=\"font-weight: 400;\"><br \/>\n<\/span><\/li>\n<li style=\"font-weight: 400;\" aria-level=\"1\"><span style=\"font-weight: 400;\">\u00c9cran : plus de 9 pouces, 720p, 8 bits par canal de couleur<\/span><span style=\"font-weight: 400;\"><br \/>\n<\/span><\/li>\n<\/ul>\n<h2><span style=\"font-weight: 400;\">FAQ<\/span><\/h2>\n<h3>Pour qui est Windows 11 Pro ?<span style=\"font-weight: 400;\"><br \/>\n<\/span><\/h3>\n<p><span style=\"font-weight: 400;\">Windows 11 Pro est destin\u00e9 aux utilisateurs qui, en plus du quotidien Windows 11, ont besoin de fonctions Pro - par ex. BitLocker, Remote Desktop en tant qu\u2019h\u00f4te ou une int\u00e9gration business comme Domain Join ou Microsoft Entra ID Join.<\/span><\/p>\n<h3>Qu\u2019est-ce qui distingue Windows 11 Pro des autres syst\u00e8mes d\u2019exploitation ?<span style=\"font-weight: 400;\"><br \/>\n<\/span><\/h3>\n<p><span style=\"font-weight: 400;\">Il combine la plateforme Windows 11 avec des fonctions Pro pour le chiffrement, l\u2019acc\u00e8s \u00e0 distance et l\u2019administration. Microsoft cite notamment BitLocker et Remote Desktop comme caract\u00e9ristiques Pro.<\/span><\/p>\n<h3>Quels sont les principaux avantages de Windows 11 Pro ?<span style=\"font-weight: 400;\"><br \/>\n<\/span><\/h3>\n<p><span style=\"font-weight: 400;\">Les avantages cl\u00e9s sont le chiffrement BitLocker, la fonction d\u2019h\u00f4te Remote Desktop et des options de test isol\u00e9 (Windows Sandbox) ainsi que la virtualisation (Hyper-V). Ces fonctions sont orient\u00e9es \u00e9ditions Pro.<\/span><\/p>\n<h3>BitLocker est-il inclus dans Windows 11 Pro ?<span style=\"font-weight: 400;\"><br \/>\n<\/span><\/h3>\n<p><span style=\"font-weight: 400;\">Oui. Microsoft d\u00e9crit BitLocker Drive Encryption comme une fonction permettant de chiffrer manuellement des disques sur Windows Pro (ainsi que Enterprise\/Education).<\/span><\/p>\n<h3>Windows 11 Pro peut-il servir d\u2019h\u00f4te Remote Desktop ?<span style=\"font-weight: 400;\"><br \/>\n<\/span><\/h3>\n<p><span style=\"font-weight: 400;\">Oui. Microsoft indique que le serveur Remote Desktop (le PC auquel tu te connectes) doit \u00eatre en \u00e9dition Pro, tandis que l\u2019appareil client peut aussi \u00eatre en Home.<\/span><\/p>\n<h3>Windows Sandbox est-il disponible dans Windows 11 Pro ?<span style=\"font-weight: 400;\"><br \/>\n<\/span><\/h3>\n<p><span style=\"font-weight: 400;\">Oui. Microsoft indique Windows Sandbox comme pris en charge dans Pro\/Enterprise\/Education et non pris en charge dans Windows Home.<\/span><\/p>\n<h3>Quelles exigences minimales s\u2019appliquent \u00e0 Windows 11 Pro ?<span style=\"font-weight: 400;\"><br \/>\n<\/span><\/h3>\n<p><span style=\"font-weight: 400;\">Les exigences minimales correspondent aux exigences de base de Windows 11, par ex. 4 Go de RAM, 64 Go de stockage, UEFI Secure Boot et TPM 2.0.<\/span><\/p>\n<div class=\"flex flex-col text-sm pb-25\">\n<article class=\"text-token-text-primary w-full focus:outline-none [--shadow-height:45px] has-data-writing-block:pointer-events-none has-data-writing-block:-mt-(--shadow-height) has-data-writing-block:pt-(--shadow-height) [&amp;:has([data-writing-block])&gt;*]:pointer-events-auto scroll-mt-[calc(var(--header-height)+min(200px,max(70px,20svh)))]\" dir=\"auto\" tabindex=\"-1\" data-turn-id=\"request-699dda66-fe2c-8393-a3b8-9792bde0c47e-8\" data-testid=\"conversation-turn-40\" data-scroll-anchor=\"true\" data-turn=\"assistant\">\n<div class=\"text-base my-auto mx-auto pb-10 [--thread-content-margin:--spacing(4)] @w-sm\/main:[--thread-content-margin:--spacing(6)] @w-lg\/main:[--thread-content-margin:--spacing(16)] px-(--thread-content-margin)\">\n<div class=\"[--thread-content-max-width:40rem] @w-lg\/main:[--thread-content-max-width:48rem] mx-auto max-w-(--thread-content-max-width) flex-1 group\/turn-messages focus-visible:outline-hidden relative flex w-full min-w-0 flex-col agent-turn\" tabindex=\"-1\">\n<div class=\"flex max-w-full flex-col grow\">\n<div class=\"min-h-8 text-message relative flex w-full flex-col items-end gap-2 text-start break-words whitespace-normal [.text-message+&amp;]:mt-1\" dir=\"auto\" data-message-author-role=\"assistant\" data-message-id=\"a8d89ba8-5ee4-442e-a903-979eb75b2a1d\" data-message-model-slug=\"gpt-5-2-thinking\">\n<div class=\"flex w-full flex-col gap-1 empty:hidden first:pt-[1px]\">\n<div class=\"markdown prose dark:prose-invert w-full wrap-break-word light markdown-new-styling\">\n<p data-start=\"0\" data-end=\"71\"><strong>Ces options peuvent aussi t\u2019int\u00e9resser<\/strong><\/p>\n<p data-start=\"73\" data-end=\"256\"><a href=\"https:\/\/swisssoftware24.ch\/fr\/products\/windows-11-home\/\">Windows 11 Home<\/a> si tu veux Windows pour le quotidien et que les fonctions essentielles te suffisent - id\u00e9al pour un usage priv\u00e9, sans fonctions business comme BitLocker ou la jonction \u00e0 un domaine.<\/p>\n<p data-start=\"258\" data-end=\"459\" data-is-last-node=\"\" data-is-only-node=\"\"><a href=\"https:\/\/swisssoftware24.ch\/fr\/products\/windows-11-pro-oem\/\">Windows 11 Pro OEM<\/a> si tu as besoin de Windows 11 Pro pour un PC pr\u00e9cis et qu\u2019une version OEM pour une premi\u00e8re installation te convient (fonctionnellement comme Pro, mais davantage li\u00e9e \u00e0 la machine).<\/p>\n<\/div>\n<\/div>\n<\/div>\n<\/div>\n<\/div>\n<\/div>\n<\/article>\n<\/div>\n<h3><strong>Vous trouverez plus d'informations sur ce produit <a href=\"https:\/\/swisssoftware24.ch\/fr\/windows-11-pro-die-wichtigsten-funktionen-und-vorteile-fuer-profis\/\">ici<\/a>.<\/strong><\/h3>","protected":false},"excerpt":{"rendered":"<p><span style=\"font-weight: 400;\">Windows 11 Pro ist Windows f\u00fcr kompatible PCs mit extra Pro-Funktionen. Es kann Laufwerke mit BitLocker verschl\u00fcsseln. Es kann als Remote-Desktop-Host dienen, damit du deinen PC aus der Ferne nutzen kannst. Es unterst\u00fctzt Hyper-V f\u00fcr virtuelle Maschinen. Es unterst\u00fctzt Windows Sandbox, die es in Windows Home nicht gibt. Dein PC braucht die normalen Windows-11-Anforderungen wie TPM 2.0 und Secure Boot.<\/span><\/p>\n<p><span style=\"font-weight: 400;\">SwissSoftware24 ist Ihr zuverl\u00e4ssiger Partner f\u00fcr Microsoft Produkte &#8211; sowohl f\u00fcr Privatpersonen als auch f\u00fcr Gesch\u00e4ftskunden. Sie erhalten Ihr digitales Produkt innerhalb weniger Minuten, inklusive Aktivierungsschl\u00fcssel, offiziellem Download-Link und einer Schweizer Rechnung, die die MWST-Anforderungen erf\u00fcllt. Zus\u00e4tzlich profitieren Sie von 2 Jahren Garantie, direktem Premium-Support und echter Schweizer Kulanz, falls etwas nicht wie erwartet funktioniert. F\u00fcr individuelle Anforderungen bieten wir personalisierte L\u00f6sungen, die perfekt auf Ihre Bed\u00fcrfnisse zugeschnitten sind.<\/span><\/p>","protected":false},"featured_media":13708,"template":"","meta":{"_seopress_robots_primary_cat":"none","_seopress_titles_title":"Windows 11 Pro | F\u00fcr professionelle Nutzer | SwissSoftware24","_seopress_titles_desc":"Erleben Sie Windows 11 Pro: Erweiterte Funktionen, optimale Leistung und h\u00f6chste Sicherheit f\u00fcr Profis. Jetzt bei SwissSoftware24 verf\u00fcgbar.","_seopress_robots_index":""},"product_brand":[],"product_cat":[86,88],"product_tag":[],"class_list":{"0":"post-13707","1":"product","2":"type-product","3":"status-publish","4":"has-post-thumbnail","6":"product_cat-windows-fur-unternehmen","7":"product_cat-windows-11","9":"first","10":"onbackorder","11":"sale","12":"virtual","13":"taxable","14":"purchasable","15":"product-type-simple"},"_links":{"self":[{"href":"https:\/\/swisssoftware24.ch\/fr\/wp-json\/wp\/v2\/product\/13707","targetHints":{"allow":["GET"]}}],"collection":[{"href":"https:\/\/swisssoftware24.ch\/fr\/wp-json\/wp\/v2\/product"}],"about":[{"href":"https:\/\/swisssoftware24.ch\/fr\/wp-json\/wp\/v2\/types\/product"}],"wp:featuredmedia":[{"embeddable":true,"href":"https:\/\/swisssoftware24.ch\/fr\/wp-json\/wp\/v2\/media\/13708"}],"wp:attachment":[{"href":"https:\/\/swisssoftware24.ch\/fr\/wp-json\/wp\/v2\/media?parent=13707"}],"wp:term":[{"taxonomy":"product_brand","embeddable":true,"href":"https:\/\/swisssoftware24.ch\/fr\/wp-json\/wp\/v2\/product_brand?post=13707"},{"taxonomy":"product_cat","embeddable":true,"href":"https:\/\/swisssoftware24.ch\/fr\/wp-json\/wp\/v2\/product_cat?post=13707"},{"taxonomy":"product_tag","embeddable":true,"href":"https:\/\/swisssoftware24.ch\/fr\/wp-json\/wp\/v2\/product_tag?post=13707"}],"curies":[{"name":"wp","href":"https:\/\/api.w.org\/{rel}","templated":true}]}}