{"id":13733,"date":"2023-02-27T20:10:01","date_gmt":"2023-02-27T20:10:01","guid":{"rendered":"https:\/\/www.swisssoftware24.ch\/?post_type=product&#038;p=13733"},"modified":"2026-02-08T15:54:43","modified_gmt":"2026-02-08T14:54:43","slug":"windows-10-home-oem","status":"publish","type":"product","link":"https:\/\/swisssoftware24.ch\/fr\/products\/windows-10-home-oem\/","title":{"rendered":"Windows 10 Home OEM"},"content":{"rendered":"<p data-sourcepos=\"3:1-3:337\">Windows 10 Home OEM est parfait pour ceux qui recherchent un ordinateur simple et s\u00e9curis\u00e9 pour un usage domestique. Que vous naviguiez sur Internet, travailliez ou simplement vous d\u00e9tendiez, Windows 10 Home le rend possible. Avec un design moderne et de nombreuses fonctionnalit\u00e9s utiles, Windows 10 Home OEM est votre partenaire fiable dans votre vie num\u00e9rique.<\/p>\n<p data-sourcepos=\"5:1-5:452\">Windows 10 Home OEM est la solution id\u00e9ale pour ceux qui recherchent un ordinateur fiable et convivial pour un usage quotidien. Que vous naviguiez sur le Web, travailliez, jouiez ou soyez cr\u00e9atif, Windows 10 Home OEM vous fournit les outils dont vous avez besoin. Avec son design moderne, ses fonctionnalit\u00e9s de s\u00e9curit\u00e9 int\u00e9gr\u00e9es et ses nombreuses applications pour la productivit\u00e9 et les loisirs, Windows 10 Home OEM est votre compagnon id\u00e9al \u00e0 la maison.<\/p>\n<p data-sourcepos=\"7:1-7:383\">Windows 10 Home OEM offre tout ce dont vous avez besoin pour une exp\u00e9rience informatique productive et agr\u00e9able. Gr\u00e2ce \u00e0 son design moderne et \u00e0 son utilisation intuitive, vous pouvez vous concentrer enti\u00e8rement sur vos t\u00e2ches. Gr\u00e2ce \u00e0 ses fonctions de s\u00e9curit\u00e9 int\u00e9gr\u00e9es, votre appareil est bien prot\u00e9g\u00e9. Et avec le Microsoft Store, vous avez acc\u00e8s \u00e0 une vaste s\u00e9lection d'applications et de jeux.<\/p>\n<p data-sourcepos=\"9:1-9:210\">Mettez \u00e0 niveau votre appareil avec Windows 10 Home OEM et profitez d'un syst\u00e8me d'exploitation fluide, d'une productivit\u00e9 accrue et d'un environnement de travail s\u00e9curis\u00e9. D\u00e9couvrez tout le potentiel de votre ordinateur avec Windows 10 Home OEM.<\/p>\n<p data-sourcepos=\"9:1-9:210\"><strong>Vous trouverez plus d'informations sur ce produit\u00a0<a href=\"https:\/\/swisssoftware24.ch\/fr\/windows-10-home-ihr-partner-in-der-digitalen-welt\/\">ici<\/a>.<\/strong><\/p>\n<p><a href=\"https:\/\/www.microsoft.com\/en-us\/Useterms\/Retail\/Windows\/10\/Useterms_Retail_Windows_10_GermanGermany.htm\"><img loading=\"lazy\" decoding=\"async\" class=\"alignnone size-full wp-image-13691\" src=\"https:\/\/swisssoftware24.ch\/wp-content\/uploads\/2023\/02\/license_term-1.jpg\" alt=\"\" width=\"227\" height=\"40\" srcset=\"https:\/\/swisssoftware24.ch\/wp-content\/uploads\/2023\/02\/license_term-1.jpg 227w, https:\/\/swisssoftware24.ch\/wp-content\/uploads\/2023\/02\/license_term-1-64x11.jpg 64w\" sizes=\"auto, (max-width: 227px) 100vw, 227px\" \/><\/a><\/p>\n<h3>Windows 10 Home OEM \u2013 configuration syst\u00e8me requise<\/h3>\n<ul>\n<li><strong>Processeur<\/strong>\u00a0A partir de 1GHz<\/li>\n<li><strong>M\u00e9moire vive<\/strong>\u00a01 Go pour 32 bits ou 2 Go pour 64 bits<\/li>\n<li><strong>Espace disque<\/strong>\u00a016 Go pour 32 bits ou 20 Go pour 64 bits<\/li>\n<li><strong>Graphismes<\/strong>\u00a0DirectX 9 ou sup\u00e9rieur avec pilote WDDM 1.0<\/li>\n<\/ul>","protected":false},"excerpt":{"rendered":"<p><span style=\"font-weight: 400\">Windows 10 Home est un produit du fabricant de syst\u00e8mes d'exploitation le plus populaire, Microsoft. C'est un excellent choix pour un usage quotidien, qui vous permet d'optimiser votre travail et d'\u00e9conomiser beaucoup de temps. Que gagnerez-vous en choisissant ce best-seller ?<\/span><\/p>\n<p>Lien de t\u00e9l\u00e9chargement + cl\u00e9 de produit (ESD)<\/p>","protected":false},"featured_media":25408,"template":"","meta":{"_seopress_robots_primary_cat":"none","_seopress_titles_title":"Windows 10 Home OEM | Betriebssystem | SwissSoftware24\"","_seopress_titles_desc":"Windows 10 Home OEM bietet eine benutzerfreundliche Oberfl\u00e4che, schnelle Performance und innovative Funktionen f\u00fcr ein nahtloses PC-Erlebnis.","_seopress_robots_index":""},"product_brand":[],"product_cat":[86,87],"product_tag":[],"class_list":{"0":"post-13733","1":"product","2":"type-product","3":"status-publish","4":"has-post-thumbnail","6":"product_cat-windows-fur-unternehmen","7":"product_cat-windows-10","9":"first","10":"instock","11":"sale","12":"taxable","13":"shipping-taxable","14":"purchasable","15":"product-type-simple"},"_links":{"self":[{"href":"https:\/\/swisssoftware24.ch\/fr\/wp-json\/wp\/v2\/product\/13733","targetHints":{"allow":["GET"]}}],"collection":[{"href":"https:\/\/swisssoftware24.ch\/fr\/wp-json\/wp\/v2\/product"}],"about":[{"href":"https:\/\/swisssoftware24.ch\/fr\/wp-json\/wp\/v2\/types\/product"}],"wp:featuredmedia":[{"embeddable":true,"href":"https:\/\/swisssoftware24.ch\/fr\/wp-json\/wp\/v2\/media\/25408"}],"wp:attachment":[{"href":"https:\/\/swisssoftware24.ch\/fr\/wp-json\/wp\/v2\/media?parent=13733"}],"wp:term":[{"taxonomy":"product_brand","embeddable":true,"href":"https:\/\/swisssoftware24.ch\/fr\/wp-json\/wp\/v2\/product_brand?post=13733"},{"taxonomy":"product_cat","embeddable":true,"href":"https:\/\/swisssoftware24.ch\/fr\/wp-json\/wp\/v2\/product_cat?post=13733"},{"taxonomy":"product_tag","embeddable":true,"href":"https:\/\/swisssoftware24.ch\/fr\/wp-json\/wp\/v2\/product_tag?post=13733"}],"curies":[{"name":"wp","href":"https:\/\/api.w.org\/{rel}","templated":true}]}}