{"id":13737,"date":"2023-02-27T20:21:16","date_gmt":"2023-02-27T20:21:16","guid":{"rendered":"https:\/\/www.swisssoftware24.ch\/?post_type=product&#038;p=13737"},"modified":"2025-11-30T00:17:24","modified_gmt":"2025-11-29T23:17:24","slug":"windows-10-pro","status":"publish","type":"product","link":"https:\/\/swisssoftware24.ch\/fr\/products\/windows-10-pro\/","title":{"rendered":"Windows 10 Professionell"},"content":{"rendered":"<p><img loading=\"lazy\" decoding=\"async\" class=\"alignnone wp-image-13727 size-full\" src=\"https:\/\/swisssoftware24.ch\/wp-content\/uploads\/2023\/02\/du-hast.jpg\" alt=\"\" width=\"1200\" height=\"100\" srcset=\"https:\/\/swisssoftware24.ch\/wp-content\/uploads\/2023\/02\/du-hast.jpg 1200w, https:\/\/swisssoftware24.ch\/wp-content\/uploads\/2023\/02\/du-hast-600x50.jpg 600w, https:\/\/swisssoftware24.ch\/wp-content\/uploads\/2023\/02\/du-hast-64x5.jpg 64w, https:\/\/swisssoftware24.ch\/wp-content\/uploads\/2023\/02\/du-hast-300x25.jpg 300w, https:\/\/swisssoftware24.ch\/wp-content\/uploads\/2023\/02\/du-hast-1024x85.jpg 1024w, https:\/\/swisssoftware24.ch\/wp-content\/uploads\/2023\/02\/du-hast-768x64.jpg 768w\" sizes=\"auto, (max-width: 1200px) 100vw, 1200px\" \/><\/p>\n<p data-sourcepos=\"3:1-3:368\">Windows 10 Pro est le choix id\u00e9al pour ceux qui ont besoin de plus de performances et de s\u00e9curit\u00e9. Si vous recherchez plus que les fonctionnalit\u00e9s de base d'un syst\u00e8me d'exploitation, Windows 10 Pro est fait pour vous. Avec ses fonctionnalit\u00e9s avanc\u00e9es et sa s\u00e9curit\u00e9 renforc\u00e9e, Windows 10 Pro est id\u00e9al pour un usage professionnel et personnel.<\/p>\n<p data-sourcepos=\"5:1-5:411\">Windows 10 Pro vous offre une multitude d'outils puissants pour votre travail. Gr\u00e2ce \u00e0 des fonctionnalit\u00e9s telles que Hyper-V, vous pouvez cr\u00e9er et ex\u00e9cuter des machines virtuelles. C'est id\u00e9al pour les d\u00e9veloppeurs, les testeurs et tous ceux qui ont besoin d'environnements de travail flexibles. De plus, Windows 10 Pro offre des fonctionnalit\u00e9s r\u00e9seau avanc\u00e9es qui vous permettent de connecter votre appareil en toute s\u00e9curit\u00e9 \u00e0 des r\u00e9seaux d'entreprise.<\/p>\n<p data-sourcepos=\"7:1-7:311\">La s\u00e9curit\u00e9 est notre priorit\u00e9 absolue. Windows 10 Pro offre des fonctionnalit\u00e9s de s\u00e9curit\u00e9 compl\u00e8tes, telles que BitLocker, pour chiffrer vos donn\u00e9es et les prot\u00e9ger contre tout acc\u00e8s non autoris\u00e9. De plus, avec Windows 10 Pro, vous pouvez g\u00e9rer vos appareils de mani\u00e8re centralis\u00e9e, optimisant ainsi votre infrastructure informatique.<\/p>\n<p data-sourcepos=\"9:1-9:237\">Modernisez votre espace de travail avec Windows 10 Pro OEM et augmentez votre productivit\u00e9. D\u00e9couvrez les avantages d'un syst\u00e8me d'exploitation puissant et s\u00e9curis\u00e9 qui peut \u00eatre personnalis\u00e9 selon vos besoins individuels.<\/p>\n<p data-sourcepos=\"9:1-9:237\"><strong>Vous trouverez plus d'informations sur ce produit <a href=\"https:\/\/swisssoftware24.ch\/en\/windows-10-pro-alles-was-sie-wissen-muessen\/\">ici<\/a>.<\/strong><\/p>\n<p><a href=\"https:\/\/www.microsoft.com\/en-us\/Useterms\/Retail\/Windows\/10\/Useterms_Retail_Windows_10_GermanGermany.htm\"><img loading=\"lazy\" decoding=\"async\" class=\"alignnone size-full wp-image-13691\" src=\"https:\/\/swisssoftware24.ch\/wp-content\/uploads\/2023\/02\/license_term-1.jpg\" alt=\"\" width=\"227\" height=\"40\" srcset=\"https:\/\/swisssoftware24.ch\/wp-content\/uploads\/2023\/02\/license_term-1.jpg 227w, https:\/\/swisssoftware24.ch\/wp-content\/uploads\/2023\/02\/license_term-1-64x11.jpg 64w\" sizes=\"auto, (max-width: 227px) 100vw, 227px\" \/><\/a><\/p>\n<h3>Windows 10 Pro \u2013 configuration syst\u00e8me requise<\/h3>\n<ul>\n<li><strong>Processeur<\/strong>\u00a0A partir de 1GHz<\/li>\n<li><strong>M\u00e9moire vive<\/strong>\u00a01 Go pour 32 bits ou 2 Go pour 64 bits<\/li>\n<li><strong>Espace disque<\/strong>\u00a016 Go pour 32 bits ou 20 Go pour 64 bits<\/li>\n<li><strong>Graphismes<\/strong>\u00a0DirectX 9 ou sup\u00e9rieur avec pilote WDDM 1.0<\/li>\n<\/ul>","protected":false},"excerpt":{"rendered":"<p><strong>ESD, Toutes les langues, Livraison en 5 minutes.\u00a0<\/strong><\/p>\n<p><span style=\"font-weight: 400\">Windows 10 Pro de Microsoft est l'un des syst\u00e8mes d'exploitation les plus fr\u00e9quemment choisis dans les entreprises. Gr\u00e2ce \u00e0 leurs innovations, il vous permet d'optimiser le travail et d'\u00e9conomiser beaucoup de temps pr\u00e9cieux.<\/span><\/p>\n<p>Lien de t\u00e9l\u00e9chargement + cl\u00e9 de produit (ESD)<\/p>","protected":false},"featured_media":25409,"template":"","meta":{"_seopress_robots_primary_cat":"none","_seopress_titles_title":"Windows 10 Pro | Sicherheit und Produktivit\u00e4t | SwissSoftware24","_seopress_titles_desc":"Mit Windows 10 Pro genie\u00dfen Sie fortschrittliche Funktionen, erh\u00f6hte Sicherheit und Effizienz. Perfekt f\u00fcr Unternehmen und Power-User.","_seopress_robots_index":""},"product_brand":[],"product_cat":[86,87],"product_tag":[],"class_list":{"0":"post-13737","1":"product","2":"type-product","3":"status-publish","4":"has-post-thumbnail","6":"product_cat-windows-fur-unternehmen","7":"product_cat-windows-10","9":"first","10":"onbackorder","11":"sale","12":"taxable","13":"shipping-taxable","14":"purchasable","15":"product-type-simple"},"_links":{"self":[{"href":"https:\/\/swisssoftware24.ch\/fr\/wp-json\/wp\/v2\/product\/13737","targetHints":{"allow":["GET"]}}],"collection":[{"href":"https:\/\/swisssoftware24.ch\/fr\/wp-json\/wp\/v2\/product"}],"about":[{"href":"https:\/\/swisssoftware24.ch\/fr\/wp-json\/wp\/v2\/types\/product"}],"wp:featuredmedia":[{"embeddable":true,"href":"https:\/\/swisssoftware24.ch\/fr\/wp-json\/wp\/v2\/media\/25409"}],"wp:attachment":[{"href":"https:\/\/swisssoftware24.ch\/fr\/wp-json\/wp\/v2\/media?parent=13737"}],"wp:term":[{"taxonomy":"product_brand","embeddable":true,"href":"https:\/\/swisssoftware24.ch\/fr\/wp-json\/wp\/v2\/product_brand?post=13737"},{"taxonomy":"product_cat","embeddable":true,"href":"https:\/\/swisssoftware24.ch\/fr\/wp-json\/wp\/v2\/product_cat?post=13737"},{"taxonomy":"product_tag","embeddable":true,"href":"https:\/\/swisssoftware24.ch\/fr\/wp-json\/wp\/v2\/product_tag?post=13737"}],"curies":[{"name":"wp","href":"https:\/\/api.w.org\/{rel}","templated":true}]}}