{"id":13743,"date":"2023-02-27T20:32:47","date_gmt":"2023-02-27T20:32:47","guid":{"rendered":"https:\/\/www.swisssoftware24.ch\/?post_type=product&#038;p=13743"},"modified":"2026-01-23T13:42:26","modified_gmt":"2026-01-23T12:42:26","slug":"windows-10-home","status":"publish","type":"product","link":"https:\/\/swisssoftware24.ch\/fr\/products\/windows-10-home\/","title":{"rendered":"Windows 10 Home"},"content":{"rendered":"<p><img loading=\"lazy\" decoding=\"async\" class=\"alignnone wp-image-13745 size-full\" src=\"https:\/\/swisssoftware24.ch\/wp-content\/uploads\/2023\/02\/sichere-distribution-von-microsoft-lizenzen.jpeg\" alt=\"\" width=\"1200\" height=\"100\" srcset=\"https:\/\/swisssoftware24.ch\/wp-content\/uploads\/2023\/02\/sichere-distribution-von-microsoft-lizenzen.jpeg 1200w, https:\/\/swisssoftware24.ch\/wp-content\/uploads\/2023\/02\/sichere-distribution-von-microsoft-lizenzen-600x50.jpeg 600w, https:\/\/swisssoftware24.ch\/wp-content\/uploads\/2023\/02\/sichere-distribution-von-microsoft-lizenzen-64x5.jpeg 64w, https:\/\/swisssoftware24.ch\/wp-content\/uploads\/2023\/02\/sichere-distribution-von-microsoft-lizenzen-300x25.jpeg 300w, https:\/\/swisssoftware24.ch\/wp-content\/uploads\/2023\/02\/sichere-distribution-von-microsoft-lizenzen-1024x85.jpeg 1024w, https:\/\/swisssoftware24.ch\/wp-content\/uploads\/2023\/02\/sichere-distribution-von-microsoft-lizenzen-768x64.jpeg 768w\" sizes=\"auto, (max-width: 1200px) 100vw, 1200px\" \/><\/p>\n<p data-sourcepos=\"3:1-3:337\">Windows 10 Home est parfait pour ceux qui recherchent un ordinateur simple et s\u00e9curis\u00e9 pour un usage domestique. Que vous naviguiez sur Internet, travailliez ou simplement vous d\u00e9tendiez, Windows 10 Home le rend possible. Avec un design moderne et de nombreuses fonctionnalit\u00e9s utiles, Windows 10 Home est votre partenaire fiable dans votre vie num\u00e9rique.<\/p>\n<p data-sourcepos=\"5:1-5:452\">Windows 10 Home est la solution id\u00e9ale pour ceux qui recherchent un ordinateur fiable et convivial pour un usage quotidien. Que vous naviguiez sur le Web, travailliez, jouiez ou soyez cr\u00e9atif, Windows 10 Home vous fournit les outils dont vous avez besoin. Avec son design moderne, ses fonctionnalit\u00e9s de s\u00e9curit\u00e9 int\u00e9gr\u00e9es et ses nombreuses applications pour la productivit\u00e9 et les loisirs, Windows 10 Home est votre compagnon id\u00e9al \u00e0 la maison.<\/p>\n<p data-sourcepos=\"7:1-7:383\">Windows 10 Home offre tout ce dont vous avez besoin pour une exp\u00e9rience informatique productive et agr\u00e9able. Gr\u00e2ce \u00e0 son design moderne et \u00e0 son utilisation intuitive, vous pouvez vous concentrer enti\u00e8rement sur vos t\u00e2ches. Gr\u00e2ce \u00e0 ses fonctions de s\u00e9curit\u00e9 int\u00e9gr\u00e9es, votre appareil est bien prot\u00e9g\u00e9. Et avec le Microsoft Store, vous avez acc\u00e8s \u00e0 une vaste s\u00e9lection d'applications et de jeux.<\/p>\n<p data-sourcepos=\"9:1-9:210\">Mettez \u00e0 niveau votre appareil avec Windows 10 Home et profitez d'un syst\u00e8me d'exploitation fluide, d'une productivit\u00e9 accrue et d'un environnement de travail s\u00e9curis\u00e9. D\u00e9couvrez tout le potentiel de votre ordinateur avec Windows 10 Home.<\/p>\n<p data-sourcepos=\"9:1-9:210\"><strong>Vous trouverez plus d'informations sur ce produit\u00a0<a href=\"https:\/\/swisssoftware24.ch\/fr\/windows-10-home-ihr-partner-in-der-digitalen-welt\/\">ici<\/a>.<\/strong><\/p>\n<p><a href=\"https:\/\/www.microsoft.com\/en-us\/Useterms\/Retail\/Windows\/10\/Useterms_Retail_Windows_10_GermanGermany.htm\"><img loading=\"lazy\" decoding=\"async\" class=\"alignnone size-full wp-image-13691\" src=\"https:\/\/swisssoftware24.ch\/wp-content\/uploads\/2023\/02\/license_term-1.jpg\" alt=\"\" width=\"227\" height=\"40\" srcset=\"https:\/\/swisssoftware24.ch\/wp-content\/uploads\/2023\/02\/license_term-1.jpg 227w, https:\/\/swisssoftware24.ch\/wp-content\/uploads\/2023\/02\/license_term-1-64x11.jpg 64w\" sizes=\"auto, (max-width: 227px) 100vw, 227px\" \/><\/a><\/p>\n<h3>Windows 10 Home \u2013 configuration syst\u00e8me requise<\/h3>\n<ul>\n<li><strong>Processeur<\/strong>\u00a0A partir de 1GHz<\/li>\n<li><strong>M\u00e9moire vive<\/strong>\u00a01 Go pour 32 bits ou 2 Go pour 64 bits<\/li>\n<li><strong>Espace disque<\/strong>\u00a016 Go pour 32 bits ou 20 Go pour 64 bits<\/li>\n<li><strong>Graphismes<\/strong>\u00a0DirectX 9 ou sup\u00e9rieur avec pilote WDDM 1.0<\/li>\n<\/ul>","protected":false},"excerpt":{"rendered":"<p><span style=\"font-weight: 400\">Windows 10 Home est un produit du fabricant de syst\u00e8mes d'exploitation le plus populaire, Microsoft. C'est un excellent choix pour un usage quotidien, qui vous permet d'optimiser votre travail et d'\u00e9conomiser beaucoup de temps. Que gagnerez-vous en choisissant ce best-seller ?<\/span><\/p>\n<p>Lien de t\u00e9l\u00e9chargement + cl\u00e9 de produit (ESD)<\/p>","protected":false},"featured_media":25410,"template":"","meta":{"_seopress_robots_primary_cat":"none","_seopress_titles_title":"Windows 10 Home | Betriebssystem | SwissSoftware24","_seopress_titles_desc":"Erleben Sie mit Windows 10 Home eine leistungsstarke und sichere Betriebssysteml\u00f6sung, die optimal f\u00fcr Alltag und Beruf geeignet ist. Jetzt bei SwissSoftware24!","_seopress_robots_index":""},"product_brand":[],"product_cat":[86,87],"product_tag":[],"class_list":{"0":"post-13743","1":"product","2":"type-product","3":"status-publish","4":"has-post-thumbnail","6":"product_cat-windows-fur-unternehmen","7":"product_cat-windows-10","9":"first","10":"onbackorder","11":"sale","12":"taxable","13":"shipping-taxable","14":"purchasable","15":"product-type-simple"},"_links":{"self":[{"href":"https:\/\/swisssoftware24.ch\/fr\/wp-json\/wp\/v2\/product\/13743","targetHints":{"allow":["GET"]}}],"collection":[{"href":"https:\/\/swisssoftware24.ch\/fr\/wp-json\/wp\/v2\/product"}],"about":[{"href":"https:\/\/swisssoftware24.ch\/fr\/wp-json\/wp\/v2\/types\/product"}],"wp:featuredmedia":[{"embeddable":true,"href":"https:\/\/swisssoftware24.ch\/fr\/wp-json\/wp\/v2\/media\/25410"}],"wp:attachment":[{"href":"https:\/\/swisssoftware24.ch\/fr\/wp-json\/wp\/v2\/media?parent=13743"}],"wp:term":[{"taxonomy":"product_brand","embeddable":true,"href":"https:\/\/swisssoftware24.ch\/fr\/wp-json\/wp\/v2\/product_brand?post=13743"},{"taxonomy":"product_cat","embeddable":true,"href":"https:\/\/swisssoftware24.ch\/fr\/wp-json\/wp\/v2\/product_cat?post=13743"},{"taxonomy":"product_tag","embeddable":true,"href":"https:\/\/swisssoftware24.ch\/fr\/wp-json\/wp\/v2\/product_tag?post=13743"}],"curies":[{"name":"wp","href":"https:\/\/api.w.org\/{rel}","templated":true}]}}