{"id":13759,"date":"2023-02-27T21:04:39","date_gmt":"2023-02-27T21:04:39","guid":{"rendered":"https:\/\/www.swisssoftware24.ch\/?post_type=product&#038;p=13759"},"modified":"2026-04-12T17:03:45","modified_gmt":"2026-04-12T15:03:45","slug":"microsoft-365-business-standard","status":"publish","type":"product","link":"https:\/\/swisssoftware24.ch\/fr\/products\/microsoft-365-business-standard\/","title":{"rendered":"Microsoft 365 Business Standard"},"content":{"rendered":"<p><img loading=\"lazy\" decoding=\"async\" src=\"https:\/\/swisssoftware24.ch\/wp-content\/uploads\/2023\/02\/auf_the_nutzer.jpg\" alt=\"\" width=\"1200\" height=\"100\" \/><\/p>\n<h1>Microsoft 365 Business Standard &#8211; wichtigste Funktionen<\/h1>\n<ul>\n<li style=\"font-weight: 400;\"><span style=\"font-weight: 400;\">Les programmes que vous utilisez sont toujours dans la version la plus r\u00e9cente et la plus s\u00e9curis\u00e9e gr\u00e2ce aux derni\u00e8res mises \u00e0 jour de Microsoft.<\/span><\/li>\n<li style=\"font-weight: 400;\"><span style=\"font-weight: 400;\">Acc\u00e9dez aux fichiers de votre compte utilisateur o\u00f9 que vous soyez. De plus, chaque utilisateur licenci\u00e9 de votre entreprise installe l&#039;application mobile Office sur un maximum de 5 t\u00e9l\u00e9phones, 5 ordinateurs et 5 tablettes.<\/span><\/li>\n<li style=\"font-weight: 400;\"><span style=\"font-weight: 400;\">Jusqu&#039;\u00e0 1 To de stockage gratuit pour chaque utilisateur dans OneDrive. Les fichiers stock\u00e9s dans le cloud sont en outre prot\u00e9g\u00e9s par une fonction de d\u00e9tection des ran\u00e7ongiciels ou la possibilit\u00e9 de r\u00e9cup\u00e9rer les donn\u00e9es jusqu&#039;\u00e0 30 jours.<\/span><\/li>\n<li style=\"font-weight: 400;\"><span style=\"font-weight: 400;\">H\u00e9bergement de messagerie de 50 Go et possibilit\u00e9 d&#039;utiliser un domaine de messagerie personnalis\u00e9.<\/span><\/li>\n<li style=\"font-weight: 400;\"><span style=\"font-weight: 400;\">Le centre de gestion num\u00e9rique au sein de l&#039;application Microsoft Teams permet d&#039;am\u00e9liorer la communication entre coll\u00e8gues, de rationaliser le travail ou de transf\u00e9rer facilement des t\u00e2ches et des politiques, par exemple gr\u00e2ce \u00e0 l&#039;option de partage d&#039;\u00e9cran.<\/span><\/li>\n<li style=\"font-weight: 400;\"><span style=\"font-weight: 400;\">Assistance technique t\u00e9l\u00e9phonique et en ligne 24h\/24 et 7j\/7 par des sp\u00e9cialistes Microsoft.<\/span><\/li>\n<\/ul>\n<h2>Microsoft 365 Business Standard &#8211; ausf\u00fchrliche Produktbeschreibung<\/h2>\n<p><span style=\"font-weight: 400;\">Microsoft 365 Business Standard est une suite d&#039;outils Office qui comprend des programmes tels que Word, Excel, PowerPoint, Outlook, OneNote, ainsi qu&#039;Access et Publisher. Tous ces logiciels sont mis \u00e0 jour r\u00e9guli\u00e8rement, de sorte que toute nouvelle fonctionnalit\u00e9 ajout\u00e9e \u00e0 l&#039;un d&#039;entre eux sera \u00e9galement entre vos mains. La combinaison de tant d&#039;opportunit\u00e9s que les programmes ci-dessus vous offrent vous permet de cr\u00e9er des pr\u00e9sentations professionnelles et de rationaliser le travail sur des projets ou d&#039;augmenter l&#039;efficacit\u00e9 de vos activit\u00e9s.<\/span><\/p>\n<p><span style=\"font-weight: 400;\">La s\u00e9curit\u00e9 des donn\u00e9es est particuli\u00e8rement importante dans les entreprises, c&#039;est pourquoi Microsoft a pr\u00e9par\u00e9 un syst\u00e8me de s\u00e9curit\u00e9 sp\u00e9cial et l&#039;acc\u00e8s \u00e0 6 To d&#039;espace de stockage dans OneDrive, qui vous permet de stocker des documents. De plus, le cloud dispose de fonctions de d\u00e9tection des ransomwares et constitue donc une protection contre les attaques de pirates sur les donn\u00e9es de l&#039;entreprise. Il comprend \u00e9galement un dossier sp\u00e9cial appel\u00e9 Personal Vault, qui poss\u00e8de une autre couche de s\u00e9curit\u00e9 - une v\u00e9rification d&#039;identit\u00e9 \u00e0 deux facteurs qui prot\u00e8ge l&#039;acc\u00e8s aux donn\u00e9es au sein de l&#039;organisation.<\/span><\/p>\n<p><span style=\"font-weight: 400;\">Chaque entreprise a besoin d&#039;une bonne organisation du temps, c&#039;est pourquoi Microsoft 365 Business Standard s&#039;entend \u00e9galement plus facilement avec le calendrier. Il peut \u00eatre partag\u00e9 pour organiser des r\u00e9unions simples avec des coll\u00e8gues ou surveiller les d\u00e9lais de r\u00e9alisation des t\u00e2ches et des projets. Outlook, un programme de messagerie \u00e9lectronique s\u00e9curis\u00e9 avec 50 Go de donn\u00e9es par utilisateur, am\u00e9liorerait \u00e9galement la communication. La s\u00e9curit\u00e9 avanc\u00e9e des utilisateurs de messagerie Microsoft vous permet de vous d\u00e9barrasser rapidement des pi\u00e8ces jointes potentiellement dangereuses et de chiffrer les fichiers.<\/span><\/p>\n<p><span style=\"font-weight: 400;\">Outlook vous permet de personnaliser les adresses e-mail en d\u00e9finissant des noms de domaine personnalis\u00e9s. De plus, il poss\u00e8de de nombreuses autres fonctions utiles dans l&#039;entreprise, telles que : B. trier rapidement le contenu re\u00e7u, envoyer des messages via des r\u00e9ponses automatiques, sugg\u00e9r\u00e9es ou, bien s\u00fbr, acc\u00e9der aux e-mails sur des appareils mobiles, des tablettes et des ordinateurs. M\u00eame sans acc\u00e8s \u00e0 Internet, la progression des travaux n&#039;est pas interrompue, puisque tout peut \u00eatre fait en ligne et hors ligne.<\/span><\/p>\n<p><span style=\"font-weight: 400;\">Il est important que vous puissiez \u00e9galement travailler dans d&#039;autres programmes inclus dans le package Microsoft 365 Business Standard sans acc\u00e8s au r\u00e9seau. Toutes les activit\u00e9s effectu\u00e9es sont synchronis\u00e9es lors de la connexion \u00e0 Internet. Les solutions cloud vous permettent \u00e9galement de partager des fichiers car plusieurs personnes peuvent travailler sur le m\u00eame document en m\u00eame temps. Cependant, pour qu&#039;aucun progr\u00e8s ne soit perdu et que toutes les activit\u00e9s puissent \u00eatre identifi\u00e9es, Microsoft a con\u00e7u des fonctions telles que l&#039;historique, le suivi et les modifications sugg\u00e9r\u00e9es dans le document. Toute personne modifiant le document voit les actions qui y ont \u00e9t\u00e9 effectu\u00e9es, m\u00eame si elle se joint plus tard. Cela signifie \u00e9galement qu&#039;aucun progr\u00e8s n&#039;est perdu.<\/span><\/p>\n<p><span style=\"font-weight: 400;\">Pour faciliter la communication, le forfait comprend \u00e9galement Teams, que vous pouvez utiliser pour contacter instantan\u00e9ment vos coll\u00e8gues. Il existe 3 fa\u00e7ons, c&#039;est-\u00e0-dire via le chat, l&#039;appel vid\u00e9o ou audio. Un avantage suppl\u00e9mentaire de la variante vid\u00e9o est le partage d&#039;\u00e9cran, ce qui facilite grandement la discussion ou l&#039;explication des t\u00e2ches. Le package Microsoft 365 Business Standard vous permet \u00e9galement d&#039;organiser des webinaires avec inscription des participants, confirmations par e-mail et rapports.<\/span><\/p>\n<p><img loading=\"lazy\" decoding=\"async\" class=\"alignnone wp-image-13761 size-full\" src=\"https:\/\/swisssoftware24.ch\/wp-content\/uploads\/2023\/02\/auf-mehreren-geraeten.jpeg\" alt=\"\" width=\"1200\" height=\"100\" srcset=\"https:\/\/swisssoftware24.ch\/wp-content\/uploads\/2023\/02\/auf-mehreren-geraeten.jpeg 1200w, https:\/\/swisssoftware24.ch\/wp-content\/uploads\/2023\/02\/auf-mehreren-geraeten-600x50.jpeg 600w, https:\/\/swisssoftware24.ch\/wp-content\/uploads\/2023\/02\/auf-mehreren-geraeten-64x5.jpeg 64w, https:\/\/swisssoftware24.ch\/wp-content\/uploads\/2023\/02\/auf-mehreren-geraeten-300x25.jpeg 300w, https:\/\/swisssoftware24.ch\/wp-content\/uploads\/2023\/02\/auf-mehreren-geraeten-1024x85.jpeg 1024w, https:\/\/swisssoftware24.ch\/wp-content\/uploads\/2023\/02\/auf-mehreren-geraeten-768x64.jpeg 768w\" sizes=\"auto, (max-width: 1200px) 100vw, 1200px\" \/><\/p>\n<p><a href=\"https:\/\/www.microsoft.com\/en-us\/UseTerms\/Retail\/Microsoft365\/Microsoft365Apps\/UseTerms_Retail_Microsoft365_Microsoft365Apps_German.htm\"><img loading=\"lazy\" decoding=\"async\" class=\"alignnone size-full wp-image-13691\" src=\"https:\/\/swisssoftware24.ch\/wp-content\/uploads\/2023\/02\/license_term-1.jpg\" alt=\"\" width=\"227\" height=\"40\" srcset=\"https:\/\/swisssoftware24.ch\/wp-content\/uploads\/2023\/02\/license_term-1.jpg 227w, https:\/\/swisssoftware24.ch\/wp-content\/uploads\/2023\/02\/license_term-1-64x11.jpg 64w\" sizes=\"auto, (max-width: 227px) 100vw, 227px\" \/><\/a><\/p>\n<h3>Microsoft 365 Business Standard &#8211; anforderungen<\/h3>\n<ul>\n<li><strong>Processeur\u00a0<\/strong>PC : 1 GHz ou plus rapide, processeur x86 bits ou x64 bits avec SSE2<br \/>\nMac\u00a0: processeur Intel<br \/>\nAndroid : Android KitKat 4.4 ou sup\u00e9rieur et un processeur ARM ou Intel x86<br \/>\nSyst\u00e8me d&#039;exploitation : N\/A<\/li>\n<li><strong>Syst\u00e8me d'exploitation<\/strong>PC : Windows 7 Service Pack 1, Windows 8.1, Windows 10 et 11, Windows 10 Server, Windows Server 2012 R2, Windows Server 2008 R2 ou Windows Server 2012<br \/>\nOSX : mac OS<br \/>\nAndroid\u00a0: version du syst\u00e8me d&#039;exploitation\u00a0: KitKat (4.4.X) ou version ult\u00e9rieure<br \/>\niOS : Office pour iPad\u00ae et iPhone\u00ae n\u00e9cessite iOS 10.0 ou sup\u00e9rieur. Office pour iPad Pro\u2122 n\u00e9cessite iOS 10.0 ou sup\u00e9rieur.<\/li>\n<li><strong>M\u00e9moire vive<\/strong>PC : 1 Go de RAM (32 bits) ; 2 Go de RAM (64 bits)<br \/>\nOS X : 4 Go de RAM<br \/>\nAndroid : 1 Go<br \/>\niOS : N\/A<\/li>\n<li><strong>Espace disque\u00a0<\/strong>PC : 3 Go d&#039;espace de stockage disponible<br \/>\nOSX : 6 Go - format de disque dur HFS+<br \/>\nAndro\u00efd : N\/A<br \/>\niOS : N\/A<\/li>\n<li><strong>Filtrer\u00a0<\/strong>PC : R\u00e9solution de 1024 x 768 pixels<br \/>\nOSX : R\u00e9solution de 1280 x 800 pixels<br \/>\nAndro\u00efd : N\/A<br \/>\niOS : N\/A<\/li>\n<\/ul>","protected":false},"excerpt":{"rendered":"<p><span style=\"font-weight: 400;\">Microsoft 365 Business Standard est le package id\u00e9al pour les entreprises. Que gagnez-vous \u00e0 le choisir vous-m\u00eame ? Un confort de travail sans pr\u00e9c\u00e9dent, une efficacit\u00e9 accrue et un acc\u00e8s \u00e0 des solutions modernes mais intuitives.<\/span><\/p>\n<p>Lien de t\u00e9l\u00e9chargement + cl\u00e9 de produit (ESD)<\/p>\n<p><strong>Livraison: Par e-mail en 5 minutes<\/strong><\/p>\n<p><strong>Licence : 1 an pour 1 utilisateur<\/strong><\/p>\n<p><strong>Version linguistique: Toutes les langues <\/strong><\/p>","protected":false},"featured_media":13760,"template":"","meta":{"_seopress_robots_primary_cat":"none","_seopress_titles_title":"Microsoft 365 Business Standard | SwissSoftware24","_seopress_titles_desc":"Nutzen Sie Microsoft 365 Business Standard f\u00fcr leistungsstarke E-Mail-, Office- und Kollaborationsl\u00f6sungen. Ideal f\u00fcr kleine und mittlere Unternehmen.","_seopress_robots_index":""},"product_brand":[],"product_cat":[15],"product_tag":[],"class_list":{"0":"post-13759","1":"product","2":"type-product","3":"status-publish","4":"has-post-thumbnail","6":"product_cat-uncategorised","8":"first","9":"instock","10":"sale","11":"taxable","12":"shipping-taxable","13":"purchasable","14":"product-type-simple"},"_links":{"self":[{"href":"https:\/\/swisssoftware24.ch\/fr\/wp-json\/wp\/v2\/product\/13759","targetHints":{"allow":["GET"]}}],"collection":[{"href":"https:\/\/swisssoftware24.ch\/fr\/wp-json\/wp\/v2\/product"}],"about":[{"href":"https:\/\/swisssoftware24.ch\/fr\/wp-json\/wp\/v2\/types\/product"}],"wp:featuredmedia":[{"embeddable":true,"href":"https:\/\/swisssoftware24.ch\/fr\/wp-json\/wp\/v2\/media\/13760"}],"wp:attachment":[{"href":"https:\/\/swisssoftware24.ch\/fr\/wp-json\/wp\/v2\/media?parent=13759"}],"wp:term":[{"taxonomy":"product_brand","embeddable":true,"href":"https:\/\/swisssoftware24.ch\/fr\/wp-json\/wp\/v2\/product_brand?post=13759"},{"taxonomy":"product_cat","embeddable":true,"href":"https:\/\/swisssoftware24.ch\/fr\/wp-json\/wp\/v2\/product_cat?post=13759"},{"taxonomy":"product_tag","embeddable":true,"href":"https:\/\/swisssoftware24.ch\/fr\/wp-json\/wp\/v2\/product_tag?post=13759"}],"curies":[{"name":"wp","href":"https:\/\/api.w.org\/{rel}","templated":true}]}}