{"id":13773,"date":"2023-02-27T21:30:50","date_gmt":"2023-02-27T20:30:50","guid":{"rendered":"https:\/\/www.swisssoftware24.ch\/?post_type=product&#038;p=13773"},"modified":"2025-11-29T23:56:54","modified_gmt":"2025-11-29T22:56:54","slug":"microsoft-office-home-student-2019","status":"publish","type":"product","link":"https:\/\/swisssoftware24.ch\/fr\/products\/microsoft-office-home-student-2019\/","title":{"rendered":"Microsoft Office Home &amp; Student 2019"},"content":{"rendered":"<p><img loading=\"lazy\" decoding=\"async\" class=\"alignnone wp-image-13775\" src=\"https:\/\/swisssoftware24.ch\/wp-content\/uploads\/2023\/02\/office19.jpeg\" alt=\"\" width=\"1200\" height=\"100\" srcset=\"https:\/\/swisssoftware24.ch\/wp-content\/uploads\/2023\/02\/office19.jpeg 1200w, https:\/\/swisssoftware24.ch\/wp-content\/uploads\/2023\/02\/office19-600x50.jpeg 600w, https:\/\/swisssoftware24.ch\/wp-content\/uploads\/2023\/02\/office19-64x5.jpeg 64w, https:\/\/swisssoftware24.ch\/wp-content\/uploads\/2023\/02\/office19-300x25.jpeg 300w, https:\/\/swisssoftware24.ch\/wp-content\/uploads\/2023\/02\/office19-1024x85.jpeg 1024w, https:\/\/swisssoftware24.ch\/wp-content\/uploads\/2023\/02\/office19-768x64.jpeg 768w\" sizes=\"auto, (max-width: 1200px) 100vw, 1200px\" \/><\/p>\n<h3 data-sourcepos=\"5:1-5:66\"><strong>D\u00e9couvrez la suite Office qui vous facilite la vie!<\/strong><\/h3>\n<p data-sourcepos=\"7:1-7:322\">Microsoft Office Home &amp; Student 2019 est l'outil fiable pour cr\u00e9er des documents professionnels, des feuilles de calcul et des pr\u00e9sentations impressionnantes. Que vous soyez \u00e9tudiant, que vous travailliez \u00e0 domicile ou que vous souhaitiez simplement organiser vos finances, Office 2019 vous offre tout ce dont vous avez besoin.<\/p>\n<h2><strong>Remarque: ce produit alternatif est moins cher et ne n\u00e9cessite pas d'abonnement (seulement 59\u00a0CHF).\u00a0 <\/strong><\/h2>\n<h2><strong><a href=\"https:\/\/swisssoftware24.ch\/fr\/products\/office-2024-standard-5-user\/\">Office 2024 pour 5 utilisateurs<\/a><\/strong><\/h2>\n<p data-sourcepos=\"9:1-9:55\"><strong>Pourquoi choisir Office 2019:<\/strong><\/p>\n<ul data-sourcepos=\"11:1-15:0\">\n<li data-sourcepos=\"11:1-11:264\"><strong>Utilisation intuitive:<\/strong> M\u00eame sans exp\u00e9rience approfondie des programmes Office, vous vous familiariserez rapidement avec Office 2019. L'interface conviviale et les instructions claires vous permettent de vous concentrer pleinement sur votre contenu.<\/li>\n<li data-sourcepos=\"12:1-12:298\"><strong>Fonctions polyvalentes:<\/strong> Cr\u00e9ez des textes, des tableaux, des diagrammes et des pr\u00e9sentations en toute simplicit\u00e9. Gr\u00e2ce \u00e0 des fonctions avanc\u00e9es telles que le formatage automatique, la v\u00e9rification orthographique et la possibilit\u00e9 d'ins\u00e9rer divers objets graphiques, vous pouvez cr\u00e9er des documents de haut niveau.<\/li>\n<li data-sourcepos=\"13:1-13:199\"><strong>Collaboration efficace:<\/strong> Partagez vos documents avec d'autres et travaillez-y en m\u00eame temps. Gr\u00e2ce \u00e0 la fonction de partage en temps r\u00e9el, la collaboration avec d'autres devient un jeu d'enfant.<\/li>\n<li data-sourcepos=\"14:1-15:0\"><strong>Toujours \u00e0 port\u00e9e de main:<\/strong> Office 2019 est non seulement disponible pour l'ordinateur, mais aussi sous forme d'application mobile. Vous pouvez ainsi acc\u00e9der \u00e0 vos documents de partout et \u00e0 tout moment.<\/li>\n<\/ul>\n<p data-sourcepos=\"16:1-16:37\"><strong>Ce qui est inclus dans Office 2019:<\/strong><\/p>\n<ul data-sourcepos=\"18:1-22:0\">\n<li data-sourcepos=\"18:1-18:105\"><strong>Word:<\/strong> Cr\u00e9ez des documents professionnels, des simples lettres aux rapports complexes.<\/li>\n<li data-sourcepos=\"19:1-19:92\"><strong>Excel:<\/strong> Analysez des donn\u00e9es, cr\u00e9ez des graphiques et g\u00e9rez vos finances.<\/li>\n<li data-sourcepos=\"20:1-20:98\"><strong>PowerPoint:<\/strong> Concevez des pr\u00e9sentations impressionnantes qui captiveront votre public.<\/li>\n<li data-sourcepos=\"21:1-22:0\"><strong>OneNote:<\/strong> Rassemblez des notes, des id\u00e9es et des informations en un seul endroit.<\/li>\n<\/ul>\n<p data-sourcepos=\"23:1-23:105\"><strong>N'h\u00e9sitez plus et d\u00e9couvrez le potentiel de Microsoft Office Home &amp; Student 2019!<\/strong><\/p>\n<p><strong>Vous trouverez plus d'informations sur ce produit\u00a0<a href=\"https:\/\/swisssoftware24.ch\/fr\/microsoft-office-home-student-2019-dein-partner-fuer-studium-und-arbeit\/\">ici<\/a>.<\/strong><\/p>\n<p><img loading=\"lazy\" decoding=\"async\" class=\"alignnone wp-image-13776 size-full\" src=\"https:\/\/swisssoftware24.ch\/wp-content\/uploads\/2023\/02\/office3860.png\" alt=\"\" width=\"1200\" height=\"100\" srcset=\"https:\/\/swisssoftware24.ch\/wp-content\/uploads\/2023\/02\/office3860.png 1200w, https:\/\/swisssoftware24.ch\/wp-content\/uploads\/2023\/02\/office3860-600x50.png 600w, https:\/\/swisssoftware24.ch\/wp-content\/uploads\/2023\/02\/office3860-64x5.png 64w, https:\/\/swisssoftware24.ch\/wp-content\/uploads\/2023\/02\/office3860-300x25.png 300w, https:\/\/swisssoftware24.ch\/wp-content\/uploads\/2023\/02\/office3860-1024x85.png 1024w, https:\/\/swisssoftware24.ch\/wp-content\/uploads\/2023\/02\/office3860-768x64.png 768w\" sizes=\"auto, (max-width: 1200px) 100vw, 1200px\" \/><\/p>\n<p><img loading=\"lazy\" decoding=\"async\" class=\"alignnone size-full wp-image-13691\" src=\"https:\/\/swisssoftware24.ch\/wp-content\/uploads\/2023\/02\/license_term-1.jpg\" alt=\"\" width=\"227\" height=\"40\" srcset=\"https:\/\/swisssoftware24.ch\/wp-content\/uploads\/2023\/02\/license_term-1.jpg 227w, https:\/\/swisssoftware24.ch\/wp-content\/uploads\/2023\/02\/license_term-1-64x11.jpg 64w\" sizes=\"auto, (max-width: 227px) 100vw, 227px\" \/><\/p>\n<h3>Microsoft Office Home &amp; Student 2019 \u2013 configuration syst\u00e8me requise<\/h3>\n<ul>\n<li><strong>Syst\u00e8me d'exploitation<\/strong> \u00c0 partir de Windows 10 \/ Mac - les trois derni\u00e8res versions de macOS<\/li>\n<li><strong>Processeur<\/strong>\u00a01,6 GHz ou plus rapide, double c\u0153ur<\/li>\n<li><strong>M\u00e9moire vive<\/strong>\u00a04 Go de RAM ; 2 Go de RAM (32 bits) \/ Mac \u00e0 partir de 4 Go de RAM<\/li>\n<li><strong>Espace disque<\/strong>\u00a04 Go<\/li>\n<li><strong>Graphismes<\/strong>\u00a0DirectX 9 ou sup\u00e9rieur avec WDDM 2.0<\/li>\n<\/ul>","protected":false},"excerpt":{"rendered":"<p><span style=\"font-weight: 400;\">Le package Microsoft Office Home &amp; Student 2019 a \u00e9t\u00e9 cr\u00e9\u00e9 pour les \u00e9coliers, les \u00e9tudiants ou les personnes qui ont besoin de programmes Office de base pour la vie quotidienne \u00e0 la maison. Que gagnez-vous en choisissant ce forfait ? Commodit\u00e9 de travail avec acc\u00e8s \u00e0 toutes les fonctions des programmes Microsoft les plus populaires !<\/span><\/p>\n<p><strong>Versand:\u00a0 Per E-Mail in 24 Stunden<br \/>\n<\/strong><\/p>\n<p><strong>Lizenz:\u00a0 Dauerlizenz f\u00fcr 1 PC<\/strong><\/p>\n<p><strong>Version linguistique: Toutes les langues <\/strong><\/p>","protected":false},"featured_media":13774,"template":"","meta":{"_seopress_robots_primary_cat":"none","_seopress_titles_title":"Microsoft Office Home & Student 2019 | SwissSoftware24","_seopress_titles_desc":"Nutzen Sie Microsoft Office Home & Student 2019 f\u00fcr effizientes Arbeiten mit Word, Excel und PowerPoint. Perfekt f\u00fcr Zuhause und Studium. Jetzt erh\u00e4ltlich!","_seopress_robots_index":""},"product_brand":[],"product_cat":[71,73,122,76],"product_tag":[],"class_list":{"0":"post-13773","1":"product","2":"type-product","3":"status-publish","4":"has-post-thumbnail","6":"product_cat-office","7":"product_cat-office-2019","8":"product_cat-office-bestseller","9":"product_cat-office-fur-mac","11":"first","12":"instock","13":"taxable","14":"shipping-taxable","15":"purchasable","16":"product-type-variable"},"_links":{"self":[{"href":"https:\/\/swisssoftware24.ch\/fr\/wp-json\/wp\/v2\/product\/13773","targetHints":{"allow":["GET"]}}],"collection":[{"href":"https:\/\/swisssoftware24.ch\/fr\/wp-json\/wp\/v2\/product"}],"about":[{"href":"https:\/\/swisssoftware24.ch\/fr\/wp-json\/wp\/v2\/types\/product"}],"wp:featuredmedia":[{"embeddable":true,"href":"https:\/\/swisssoftware24.ch\/fr\/wp-json\/wp\/v2\/media\/13774"}],"wp:attachment":[{"href":"https:\/\/swisssoftware24.ch\/fr\/wp-json\/wp\/v2\/media?parent=13773"}],"wp:term":[{"taxonomy":"product_brand","embeddable":true,"href":"https:\/\/swisssoftware24.ch\/fr\/wp-json\/wp\/v2\/product_brand?post=13773"},{"taxonomy":"product_cat","embeddable":true,"href":"https:\/\/swisssoftware24.ch\/fr\/wp-json\/wp\/v2\/product_cat?post=13773"},{"taxonomy":"product_tag","embeddable":true,"href":"https:\/\/swisssoftware24.ch\/fr\/wp-json\/wp\/v2\/product_tag?post=13773"}],"curies":[{"name":"wp","href":"https:\/\/api.w.org\/{rel}","templated":true}]}}