{"id":13780,"date":"2023-02-27T21:42:04","date_gmt":"2023-02-27T20:42:04","guid":{"rendered":"https:\/\/www.swisssoftware24.ch\/?post_type=product&#038;p=13780"},"modified":"2025-11-29T23:56:54","modified_gmt":"2025-11-29T22:56:54","slug":"adobe-photoshop-elements-premiere-elements-2023","status":"publish","type":"product","link":"https:\/\/swisssoftware24.ch\/fr\/products\/adobe-photoshop-elements-premiere-elements-2023\/","title":{"rendered":"Adobe Photoshop Elements + Premiere Elements 2023"},"content":{"rendered":"<h1>Adobe Photoshop Elements + Premiere Elements 2023 \u2013 fonctions les plus importantes<\/h1>\n<p>Principales caract\u00e9ristiques comprennent:<\/p>\n<ol>\n<li>Outils d'\u00e9dition vid\u00e9o: Comprend la d\u00e9tection automatique des images-cl\u00e9s et des outils intelligents pour couper et changer les arri\u00e8re-plans dans les vid\u00e9os.<\/li>\n<li>Effet Matrice et Effet Bokeh: Ces effets offrent des effets visuels int\u00e9ressants dans les projets. L'effet Matrice ressemble \u00e0 l'art pixel des jeux vid\u00e9o des ann\u00e9es 80 et 90, donnant aux projets une apparence r\u00e9tro. L'effet Bokeh reproduit l'\u00e9clairage flou de l'arri\u00e8re-plan sur les photos, ajoutant de la douceur et de la profondeur pour un look unique.<\/li>\n<li>Mode d'\u00e9dition de texte am\u00e9lior\u00e9: Permet une \u00e9dition de texte plus facile directement dans l'aper\u00e7u du projet, acc\u00e9l\u00e9rant le processus d'\u00e9dition.<\/li>\n<li>Am\u00e9lioration des outils d'organisation de projets: Rationalise la recherche et le tri des photos et facilite le stockage des projets dans le cloud.<\/li>\n<li>Compatibilit\u00e9 avec les formats de fichiers populaires: Prend en charge les formats tels que JPEG, PNG, RAW et AVI.<\/li>\n<li>Prise en charge des calques: Permet une \u00e9dition graphique plus avanc\u00e9e.<\/li>\n<\/ol>\n<h2>Adobe Photoshop Elements + Premiere Elements 2023 \u2013 description d\u00e9taill\u00e9e du produit<\/h2>\n<p>Compar\u00e9e aux versions pr\u00e9c\u00e9dentes, cette \u00e9dition a \u00e9t\u00e9 am\u00e9lior\u00e9e sous divers aspects et introduit plusieurs nouvelles fonctionnalit\u00e9s:<\/p>\n<ol>\n<li>Am\u00e9liorations de l'\u00e9dition vid\u00e9o: y compris la d\u00e9tection automatique des images-cl\u00e9s et des outils intelligents pour couper et changer les arri\u00e8re-plans. Ces am\u00e9liorations simplifient le processus d'\u00e9dition vid\u00e9o, le rendant plus rapide et plus facile.<\/li>\n<li>Outils de d\u00e9coupe intelligents et de changement d'arri\u00e8re-plan: offrent un meilleur contr\u00f4le de l'\u00e9dition vid\u00e9o, permettant aux utilisateurs de choisir quels \u00e9l\u00e9ments couper et quels \u00e9l\u00e9ments conserver en arri\u00e8re-plan, et de supprimer ou de changer facilement l'arri\u00e8re-plan dans les images s\u00e9lectionn\u00e9es.<\/li>\n<li>Nouveaux effets sp\u00e9ciaux: tels que les effets Matrice et Bokeh, ajoutent une touche visuelle \u00e0 vos projets, offrant des styles visuels distinctifs.<\/li>\n<li>Am\u00e9liorations de l'\u00e9dition de texte: des fonctionnalit\u00e9s d'\u00e9dition de texte am\u00e9lior\u00e9es, y compris diverses options d'alignement, du texte dans des formes, des styles de texte suppl\u00e9mentaires et des fonctions typographiques, rendent l'int\u00e9gration du texte aux images transparente.<\/li>\n<li>Am\u00e9liorations de l'organisation des projets: des outils de recherche et de tri de photos plus rapides et plus intuitifs, permettant aux utilisateurs de trouver rapidement des photos sp\u00e9cifiques et des mat\u00e9riaux.<\/li>\n<li>Outils de stockage dans le cloud: stockez et partagez facilement des projets dans le cloud pour un acc\u00e8s pratique depuis diff\u00e9rents appareils et une s\u00e9curit\u00e9 accrue des donn\u00e9es.<\/li>\n<\/ol>\n<p>Adobe Photoshop Elements propose \u00e9galement une version simplifi\u00e9e pour une retouche photo rapide, y compris sur les appareils mobiles. La version de base de l'application est disponible gratuitement, avec des fonctionnalit\u00e9s suppl\u00e9mentaires disponibles moyennant un abonnement mensuel si d\u00e9sir\u00e9.<\/p>\n<p><iframe loading=\"lazy\" title=\"Premiere Elements 2023: Press play for creativity.\" width=\"800\" height=\"450\" src=\"https:\/\/www.youtube.com\/embed\/ptFPEc7fQMo?feature=oembed\" frameborder=\"0\" allow=\"accelerometer; autoplay; clipboard-write; encrypted-media; gyroscope; picture-in-picture; web-share\" referrerpolicy=\"strict-origin-when-cross-origin\" allowfullscreen><\/iframe><\/p>\n<h3>Adobe Photoshop Elements + Premiere Elements 2023 \u2013 configuration syst\u00e8me requise<\/h3>\n<p>Windows:<\/p>\n<ul>\n<li><strong>Processeur\u00a0<\/strong>Processeur Intel de 6e g\u00e9n\u00e9ration ou sup\u00e9rieur, ou processeur AMD \u00e9quivalent avec prise en charge de SSE4.1<\/li>\n<li><strong>M\u00e9moire vive\u00a0<\/strong>8 Go de RAM<\/li>\n<li><strong>M\u00e9moire\u00a0<\/strong>5,8 Go d'espace disque libre pour l'installation ; espace suppl\u00e9mentaire pour le t\u00e9l\u00e9chargement de contenu en ligne ; jusqu'\u00e0 20 Go d'espace suppl\u00e9mentaire pour les fichiers temporaires pendant l'installation et l'utilisation (non compatible avec les syst\u00e8mes de fichiers sensibles \u00e0 la casse ou les supports de stockage flash portables)<\/li>\n<li><strong>syst\u00e8me\u00a0<\/strong>Microsoft Windows 10 Version 2004 ou sup\u00e9rieure (Version 21H1 recommand\u00e9e) ; Microsoft Windows 11 (Version 21H2) ; uniquement les versions 64 bits ; Windows 7 et Windows 8.1 ne sont pas pris en charge<\/li>\n<li><strong>\u00c9cran\u00a0<\/strong>R\u00e9solution de l'\u00e9cran de 1280 x 800 pixels \u00e0 une \u00e9chelle de 100 %<\/li>\n<li><strong>Connexion Internet<\/strong>: requise pour l'activation du produit et le t\u00e9l\u00e9chargement de contenu<\/li>\n<\/ul>\n<p>macOS:<\/p>\n<ul>\n<li><strong>Processeur\u00a0<\/strong>Processeur Intel de 6e g\u00e9n\u00e9ration ou sup\u00e9rieur, processeur Apple M1 (avec Rosetta 2)<\/li>\n<li><strong>M\u00e9moire vive\u00a0<\/strong>8 Go de RAM<\/li>\n<li><strong>M\u00e9moire\u00a0<\/strong>6 Go d'espace disque libre pour l'installation ; espace suppl\u00e9mentaire pour le t\u00e9l\u00e9chargement de contenu en ligne ; jusqu'\u00e0 20 Go d'espace suppl\u00e9mentaire pour les fichiers temporaires pendant l'installation et l'utilisation (non compatible avec les syst\u00e8mes de fichiers sensibles \u00e0 la casse ou les supports de stockage flash portables)<\/li>\n<li><strong>syst\u00e8me\u00a0<\/strong>macOS Version 10.15 ou macOS 11<\/li>\n<li><strong>\u00c9cran\u00a0<\/strong>R\u00e9solution de l'\u00e9cran de 1280 x 800 pixels \u00e0 une \u00e9chelle de 100 %<\/li>\n<li><strong>Connexion Internet<\/strong>: requise pour l'activation du produit et le t\u00e9l\u00e9chargement de contenu<\/li>\n<\/ul>","protected":false},"excerpt":{"rendered":"<p>Adobe Photoshop Elements + Premiere Elements est un ensemble de logiciels qui offre une large gamme d'outils et de fonctionnalit\u00e9s avanc\u00e9s pour la retouche de photos et de vid\u00e9os. Il permet de cr\u00e9er et de modifier facilement des images et comprend de nombreux outils de retouche, de correction des couleurs, de suppression d'\u00e9l\u00e9ments ind\u00e9sirables, de cr\u00e9ation d'effets sp\u00e9ciaux, et bien plus encore. Cela permet aux utilisateurs d'obtenir un aspect professionnel pour leurs projets sans avoir besoin de connaissances techniques avanc\u00e9es.<\/p>\n<p>ESD Windows\/Mac<\/p>\n<p><b>Langues disponibles<\/b>: allemand, fran\u00e7ais, anglais, italien, tch\u00e8que, n\u00e9erlandais, japonais, polonais, su\u00e9dois et espagnol.<\/p>\n<p>Lien de t\u00e9l\u00e9chargement + cl\u00e9 de produit (ESD) pour 1 PC<\/p>","protected":false},"featured_media":25684,"template":"","meta":{"_seopress_robots_primary_cat":"none","_seopress_titles_title":"Photoshop Elements + Premiere Elements 2023 | SwissSoftware24","_seopress_titles_desc":"Erstellen Sie atemberaubende Fotos und Videos mit Adobe Photoshop Elements + Premiere Elements 2023. Ideal f\u00fcr Einsteiger und Hobbyfotografen.","_seopress_robots_index":""},"product_brand":[],"product_cat":[83,91,92,97,100],"product_tag":[],"class_list":{"0":"post-13780","1":"product","2":"type-product","3":"status-publish","4":"has-post-thumbnail","6":"product_cat-video-grafik-andere","7":"product_cat-adobe","8":"product_cat-animation","9":"product_cat-grafik-design","10":"product_cat-video","12":"first","13":"outofstock","14":"sale","15":"taxable","16":"shipping-taxable","17":"purchasable","18":"product-type-simple"},"_links":{"self":[{"href":"https:\/\/swisssoftware24.ch\/fr\/wp-json\/wp\/v2\/product\/13780","targetHints":{"allow":["GET"]}}],"collection":[{"href":"https:\/\/swisssoftware24.ch\/fr\/wp-json\/wp\/v2\/product"}],"about":[{"href":"https:\/\/swisssoftware24.ch\/fr\/wp-json\/wp\/v2\/types\/product"}],"wp:featuredmedia":[{"embeddable":true,"href":"https:\/\/swisssoftware24.ch\/fr\/wp-json\/wp\/v2\/media\/25684"}],"wp:attachment":[{"href":"https:\/\/swisssoftware24.ch\/fr\/wp-json\/wp\/v2\/media?parent=13780"}],"wp:term":[{"taxonomy":"product_brand","embeddable":true,"href":"https:\/\/swisssoftware24.ch\/fr\/wp-json\/wp\/v2\/product_brand?post=13780"},{"taxonomy":"product_cat","embeddable":true,"href":"https:\/\/swisssoftware24.ch\/fr\/wp-json\/wp\/v2\/product_cat?post=13780"},{"taxonomy":"product_tag","embeddable":true,"href":"https:\/\/swisssoftware24.ch\/fr\/wp-json\/wp\/v2\/product_tag?post=13780"}],"curies":[{"name":"wp","href":"https:\/\/api.w.org\/{rel}","templated":true}]}}