{"id":13784,"date":"2023-02-27T21:49:21","date_gmt":"2023-02-27T20:49:21","guid":{"rendered":"https:\/\/www.swisssoftware24.ch\/?post_type=product&#038;p=13784"},"modified":"2026-04-14T11:35:34","modified_gmt":"2026-04-14T09:35:34","slug":"adobe-premiere-elements-2023","status":"publish","type":"product","link":"https:\/\/swisssoftware24.ch\/fr\/products\/adobe-premiere-elements-2023\/","title":{"rendered":"Adobe Premiere Elements 2023"},"content":{"rendered":"<p>Adobe Premiere Elements 2023 est un logiciel de montage vid\u00e9o puissant et convivial qui offre de nombreuses fonctions d'\u00e9dition. Les utilisateurs peuvent couper, fusionner, ajuster la vitesse et corriger les couleurs des vid\u00e9os pour obtenir des r\u00e9sultats professionnels. Des effets sp\u00e9ciaux, des transitions, des sous-titres et des superpositions de texte permettent une conception cr\u00e9ative des vid\u00e9os. De plus, les pistes audio peuvent \u00eatre \u00e9dit\u00e9es et synchronis\u00e9es pour obtenir un son parfait.<\/p>\n<p>Le logiciel se caract\u00e9rise par des outils d'automatisation intelligents qui facilitent le processus de montage. Des fonctions telles que la stabilisation vid\u00e9o, la correction des couleurs et les sous-titres automatiques optimisent les vid\u00e9os en quelques clics. Gr\u00e2ce \u00e0 la s\u00e9lection pr\u00e9cise des objets, les effets peuvent \u00eatre appliqu\u00e9s de mani\u00e8re cibl\u00e9e, tandis que les superpositions anim\u00e9es assurent un design moderne. L'aper\u00e7u en temps r\u00e9el et plusieurs pistes audio rendent le processus de montage encore plus efficace.<\/p>\n<p>Adobe Premiere Elements 2023 prend en charge diff\u00e9rents formats vid\u00e9o et options d'exportation, ce qui permet d'utiliser le contenu sur diff\u00e9rentes plateformes. La gestion intuitive des fichiers facilite l'organisation des projets sur le disque dur et dans le cloud. Les sauvegardes automatiques prot\u00e8gent les modifications contre la perte de donn\u00e9es. Cela fait de Premiere Elements le choix id\u00e9al pour tous ceux qui souhaitent cr\u00e9er des vid\u00e9os de haute qualit\u00e9 de mani\u00e8re simple et cr\u00e9ative.<\/p>\n<p><strong>Vous trouverez plus d'informations sur ce produit\u00a0<a href=\"https:\/\/swisssoftware24.ch\/fr\/adobe-premiere-elements-2023-dein-tor-zur-muehelosen-videobearbeitung\/\">ici<\/a>.<\/strong><\/p>\n<h3>Adobe Premiere Elements 2023 \u2013 configuration syst\u00e8me requise<\/h3>\n<p>Windows:<\/p>\n<ul>\n<li><strong>Processeur\u00a0<\/strong>Processeur Intel de 6e g\u00e9n\u00e9ration ou sup\u00e9rieur, ou processeur AMD \u00e9quivalent avec prise en charge de SSE4.1<\/li>\n<li><strong>M\u00e9moire vive\u00a0<\/strong>8 Go de RAM<\/li>\n<li><strong>M\u00e9moire\u00a0<\/strong>5,8 Go d'espace disque libre pour l'installation ; espace suppl\u00e9mentaire pour le t\u00e9l\u00e9chargement de contenu en ligne ; jusqu'\u00e0 20 Go d'espace suppl\u00e9mentaire pour les fichiers temporaires pendant l'installation et l'utilisation (non compatible avec les syst\u00e8mes de fichiers sensibles \u00e0 la casse ou les supports de stockage flash portables)<\/li>\n<li><strong>syst\u00e8me\u00a0<\/strong>Microsoft Windows 10 Version 2004 ou sup\u00e9rieure (Version 21H1 recommand\u00e9e) ; Microsoft Windows 11 (Version 21H2) ; uniquement les versions 64 bits ; Windows 7 et Windows 8.1 ne sont pas pris en charge<\/li>\n<li><strong>\u00c9cran\u00a0<\/strong>R\u00e9solution de l'\u00e9cran de 1280 x 800 pixels \u00e0 une \u00e9chelle de 100 %<\/li>\n<li><strong>Connexion Internet<\/strong>: requise pour l'activation du produit et le t\u00e9l\u00e9chargement de contenu<\/li>\n<\/ul>\n<p>macOS:<\/p>\n<ul>\n<li><strong>Processeur\u00a0<\/strong>Processeur Intel de 6e g\u00e9n\u00e9ration ou sup\u00e9rieur, processeur Apple M1 (avec Rosetta 2)<\/li>\n<li><strong>M\u00e9moire vive\u00a0<\/strong>8 Go de RAM<\/li>\n<li><strong>M\u00e9moire\u00a0<\/strong>6 Go d'espace disque libre pour l'installation ; espace suppl\u00e9mentaire pour le t\u00e9l\u00e9chargement de contenu en ligne ; jusqu'\u00e0 20 Go d'espace suppl\u00e9mentaire pour les fichiers temporaires pendant l'installation et l'utilisation (non compatible avec les syst\u00e8mes de fichiers sensibles \u00e0 la casse ou les supports de stockage flash portables)<\/li>\n<li><strong>syst\u00e8me\u00a0<\/strong>macOS Version 10.15 ou macOS 11<\/li>\n<li><strong>\u00c9cran\u00a0<\/strong>R\u00e9solution de l'\u00e9cran de 1280 x 800 pixels \u00e0 une \u00e9chelle de 100 %<\/li>\n<li><strong>Connexion Internet<\/strong>: requise pour l'activation du produit et le t\u00e9l\u00e9chargement de contenu<\/li>\n<\/ul>","protected":false},"excerpt":{"rendered":"<p>Adobe Premiere Elements est un logiciel de montage vid\u00e9o con\u00e7u pour les d\u00e9butants et les utilisateurs interm\u00e9diaires. Il offre une gamme de fonctionnalit\u00e9s permettant un montage vid\u00e9o rapide et intuitif, des effets sp\u00e9ciaux et des am\u00e9liorations sonores.<\/p>\n<p>ESD Windows\/Mac<\/p>\n<p><b>Langues disponibles<\/b>: allemand, fran\u00e7ais, anglais, italien, tch\u00e8que, n\u00e9erlandais, japonais, polonais, su\u00e9dois et espagnol.<\/p>\n<p>Lien de t\u00e9l\u00e9chargement + cl\u00e9 de produit (ESD) pour 1 PC<\/p>","protected":false},"featured_media":25689,"template":"","meta":{"_seopress_robots_primary_cat":"none","_seopress_titles_title":"Adobe Premiere Elements 2023 | SwissSoftware24","_seopress_titles_desc":"Mit Adobe Premiere Elements 2023 k\u00f6nnen Sie ganz einfach hochwertige Videos bearbeiten und teilen. Ideal f\u00fcr Einsteiger und Fortgeschrittene.","_seopress_robots_index":""},"product_brand":[],"product_cat":[83,91,92,97,100],"product_tag":[],"class_list":{"0":"post-13784","1":"product","2":"type-product","3":"status-publish","4":"has-post-thumbnail","6":"product_cat-video-grafik-andere","7":"product_cat-adobe","8":"product_cat-animation","9":"product_cat-grafik-design","10":"product_cat-video","12":"first","13":"instock","14":"virtual","15":"taxable","16":"purchasable","17":"product-type-simple"},"_links":{"self":[{"href":"https:\/\/swisssoftware24.ch\/fr\/wp-json\/wp\/v2\/product\/13784","targetHints":{"allow":["GET"]}}],"collection":[{"href":"https:\/\/swisssoftware24.ch\/fr\/wp-json\/wp\/v2\/product"}],"about":[{"href":"https:\/\/swisssoftware24.ch\/fr\/wp-json\/wp\/v2\/types\/product"}],"wp:featuredmedia":[{"embeddable":true,"href":"https:\/\/swisssoftware24.ch\/fr\/wp-json\/wp\/v2\/media\/25689"}],"wp:attachment":[{"href":"https:\/\/swisssoftware24.ch\/fr\/wp-json\/wp\/v2\/media?parent=13784"}],"wp:term":[{"taxonomy":"product_brand","embeddable":true,"href":"https:\/\/swisssoftware24.ch\/fr\/wp-json\/wp\/v2\/product_brand?post=13784"},{"taxonomy":"product_cat","embeddable":true,"href":"https:\/\/swisssoftware24.ch\/fr\/wp-json\/wp\/v2\/product_cat?post=13784"},{"taxonomy":"product_tag","embeddable":true,"href":"https:\/\/swisssoftware24.ch\/fr\/wp-json\/wp\/v2\/product_tag?post=13784"}],"curies":[{"name":"wp","href":"https:\/\/api.w.org\/{rel}","templated":true}]}}