{"id":13789,"date":"2023-02-27T21:57:17","date_gmt":"2023-02-27T21:57:17","guid":{"rendered":"https:\/\/www.swisssoftware24.ch\/?post_type=product&#038;p=13789"},"modified":"2026-02-28T20:18:22","modified_gmt":"2026-02-28T19:18:22","slug":"g-data-total-security","status":"publish","type":"product","link":"https:\/\/swisssoftware24.ch\/fr\/products\/g-data-total-security\/","title":{"rendered":"G Data Total Security"},"content":{"rendered":"<p>G Data Total Security est une solution de s\u00e9curit\u00e9 puissante qui offre une protection compl\u00e8te contre les virus, les cyberattaques et les menaces en ligne. Avec un pare-feu int\u00e9gr\u00e9, un contr\u00f4le parental, une fonction VPN et des options de sauvegarde, le logiciel prot\u00e8ge non seulement votre syst\u00e8me, mais aussi vos donn\u00e9es personnelles et les activit\u00e9s en ligne de votre famille.<\/p>\n<p>La protection antivirus d\u00e9tecte et supprime les virus, les chevaux de Troie, les attaques de phishing et les sites web malveillants, tandis que le pare-feu bloque les acc\u00e8s non autoris\u00e9s et s\u00e9curise votre r\u00e9seau. Gr\u00e2ce au contr\u00f4le parental int\u00e9gr\u00e9, les parents peuvent contr\u00f4ler l'utilisation d'Internet par leurs enfants et filtrer les contenus ind\u00e9sirables. De plus, la fonction VPN assure une navigation anonyme et prot\u00e8ge votre vie priv\u00e9e en chiffrant le trafic Internet.<\/p>\n<p>Avec des fonctionnalit\u00e9s suppl\u00e9mentaires telles que les sauvegardes automatiques, l'optimisation du syst\u00e8me et la protection des op\u00e9rations bancaires et des achats en ligne, G Data Total Security offre une solution de s\u00e9curit\u00e9 holistique pour les utilisateurs priv\u00e9s et les familles. Ceux qui souhaitent une s\u00e9curit\u00e9 maximale lors de la navigation, du travail et du streaming trouveront un choix fiable dans ce logiciel.<\/p>\n<p><strong>Vous trouverez plus d'informations sur ce produit\u00a0<a href=\"https:\/\/swisssoftware24.ch\/fr\/g-data-total-security-umfassender-schutz-fuer-ihren-pc-und-ihre-online-privatsphaere\/\">ici<\/a>.<\/strong><\/p>\n<h3>G Data Total Security \u2013 configuration syst\u00e8me requise<\/h3>\n<ul>\n<li><strong>Syst\u00e8me d'exploitation<\/strong>\u00a0Windows 10\/8.1\/7 (SP1); macOS 10.12 et versions ult\u00e9rieures\u00a0; Android 4.1 et sup\u00e9rieur\u00a0; iOS 11 et versions ult\u00e9rieures<\/li>\n<li><strong>M\u00e9moire vive\u00a0<\/strong>2 Go de RAM<\/li>\n<\/ul>","protected":false},"excerpt":{"rendered":"<p><span style=\"font-weight: 400\">G Data Total Security est un logiciel complet pour prot\u00e9ger votre ordinateur et votre vie priv\u00e9e en ligne. Si vous choisissez de le faire, vous b\u00e9n\u00e9ficierez d&#039;une protection pour un, trois, cinq ou dix appareils, selon le type de licence que vous choisissez.<\/span><\/p>","protected":false},"featured_media":25754,"template":"","meta":{"_seopress_robots_primary_cat":"none","_seopress_titles_title":"G Data Total Security | SwissSoftware24","_seopress_titles_desc":"G Data Total Security bietet umfassenden Schutz vor Viren, Malware und Online-Bedrohungen. Maximale Sicherheit f\u00fcr Ihre Ger\u00e4te.","_seopress_robots_index":""},"product_brand":[],"product_cat":[111,63,93],"product_tag":[],"class_list":{"0":"post-13789","1":"product","2":"type-product","3":"status-publish","4":"has-post-thumbnail","6":"product_cat-g-data","7":"product_cat-antivirus-security","8":"product_cat-antivirus","10":"first","11":"instock","12":"sale","13":"taxable","14":"shipping-taxable","15":"purchasable","16":"product-type-variable","17":"has-default-attributes"},"_links":{"self":[{"href":"https:\/\/swisssoftware24.ch\/fr\/wp-json\/wp\/v2\/product\/13789","targetHints":{"allow":["GET"]}}],"collection":[{"href":"https:\/\/swisssoftware24.ch\/fr\/wp-json\/wp\/v2\/product"}],"about":[{"href":"https:\/\/swisssoftware24.ch\/fr\/wp-json\/wp\/v2\/types\/product"}],"wp:featuredmedia":[{"embeddable":true,"href":"https:\/\/swisssoftware24.ch\/fr\/wp-json\/wp\/v2\/media\/25754"}],"wp:attachment":[{"href":"https:\/\/swisssoftware24.ch\/fr\/wp-json\/wp\/v2\/media?parent=13789"}],"wp:term":[{"taxonomy":"product_brand","embeddable":true,"href":"https:\/\/swisssoftware24.ch\/fr\/wp-json\/wp\/v2\/product_brand?post=13789"},{"taxonomy":"product_cat","embeddable":true,"href":"https:\/\/swisssoftware24.ch\/fr\/wp-json\/wp\/v2\/product_cat?post=13789"},{"taxonomy":"product_tag","embeddable":true,"href":"https:\/\/swisssoftware24.ch\/fr\/wp-json\/wp\/v2\/product_tag?post=13789"}],"curies":[{"name":"wp","href":"https:\/\/api.w.org\/{rel}","templated":true}]}}