{"id":14745,"date":"2023-03-05T00:19:23","date_gmt":"2023-03-04T23:19:23","guid":{"rendered":"https:\/\/swisssoftware24.ch\/?post_type=product&#038;p=14745"},"modified":"2025-11-29T23:56:54","modified_gmt":"2025-11-29T22:56:54","slug":"microsoft-office-home-business-2016","status":"publish","type":"product","link":"https:\/\/swisssoftware24.ch\/fr\/products\/microsoft-office-home-business-2016\/","title":{"rendered":"Microsoft Office Famille et Entreprise 2016"},"content":{"rendered":"<p data-sourcepos=\"1:1-1:362\">Microsoft Office Home &amp; Business 2016 est une suite logicielle con\u00e7ue pour r\u00e9pondre aux besoins des petites entreprises, des travailleurs ind\u00e9pendants et des particuliers. Il comprend des programmes populaires comme Word, Excel, PowerPoint et Outlook, qui facilitent la cr\u00e9ation de documents, de feuilles de calcul, de pr\u00e9sentations et la gestion des e-mails.<\/p>\n<p data-sourcepos=\"3:1-3:248\">Ce package Office 2016 est destin\u00e9 \u00e0 un usage personnel et professionnel, offrant des outils pour les t\u00e2ches quotidiennes telles que la communication par e-mail, la cr\u00e9ation de documents, la planification financi\u00e8re et la conception de pr\u00e9sentations.<\/p>\n<p data-sourcepos=\"5:1-5:250\">En achetant Office Home &amp; Business 2016, l'utilisateur re\u00e7oit une licence perp\u00e9tuelle, ce qui signifie qu'il n'a pas \u00e0 payer d'abonnement. Le logiciel peut \u00eatre install\u00e9 sur plusieurs appareils, ce qui facilite le travail depuis diff\u00e9rents endroits.<\/p>\n<p data-sourcepos=\"7:1-7:265\">Microsoft Office Home &amp; Business 2016 est un choix solide pour tous ceux qui recherchent une suite bureautique fiable et conviviale. Il offre un large \u00e9ventail de fonctionnalit\u00e9s qui sont d'une grande utilit\u00e9 tant dans la vie priv\u00e9e que professionnelle.<\/p>\n<p data-sourcepos=\"7:1-7:265\"><strong>Vous trouverez plus d'informations sur ce produit\u00a0<a href=\"https:\/\/swisssoftware24.ch\/fr\/microsoft-office-home-business-2016-ihr-buero-in-einer-box\/\">ici<\/a>.<\/strong><\/p>\n<h3>Microsoft Office Home &amp; Business 2016 \u2013 configuration syst\u00e8me requise<\/h3>\n<ul>\n<li><strong>Syst\u00e8me d'exploitation<\/strong>\u00a0Depuis Windows 7 et Windows Serveur 2008<\/li>\n<li><strong>Processeur<\/strong>\u00a01 GHz ou plus rapide, processeur x86 ou x64 avec jeu d&#039;instructions SSE2<\/li>\n<li><strong>M\u00e9moire vive<\/strong>\u00a02 Go de RAM<\/li>\n<li><strong>Espace disque<\/strong>\u00a0 3 Go<\/li>\n<li><strong>Graphismes<\/strong>\u00a0DirectX 10 ou sup\u00e9rieur<\/li>\n<\/ul>","protected":false},"excerpt":{"rendered":"<p>Promotion !<\/p>\n<p>Microsoft Office Home &amp; Business 2016 est une collection des outils de bureau les plus populaires \u00e0 utiliser dans les entreprises. Quels avantages pouvez-vous tirer de ce package ? Avant tout, du TEMPS gagn\u00e9 gr\u00e2ce \u00e0 l'optimisation des t\u00e2ches effectu\u00e9es ! Et en plus...<\/p>\n<p>Lien de t\u00e9l\u00e9chargement + cl\u00e9 de produit (ESD) pour 1 PC<\/p>","protected":false},"featured_media":14746,"template":"","meta":{"_seopress_robots_primary_cat":"none","_seopress_titles_title":"Microsoft Office Home & Business 2016 | SwissSoftware24","_seopress_titles_desc":"Microsoft Office Home & Business 2016 bietet bew\u00e4hrte Tools wie Word, Excel und Outlook f\u00fcr Zuhause und B\u00fcro. Ideal f\u00fcr Produktivit\u00e4t.","_seopress_robots_index":""},"product_brand":[],"product_cat":[71,72],"product_tag":[],"class_list":{"0":"post-14745","1":"product","2":"type-product","3":"status-publish","4":"has-post-thumbnail","6":"product_cat-office","7":"product_cat-office-2016","9":"first","10":"instock","11":"sale","12":"taxable","13":"shipping-taxable","14":"purchasable","15":"product-type-simple"},"_links":{"self":[{"href":"https:\/\/swisssoftware24.ch\/fr\/wp-json\/wp\/v2\/product\/14745","targetHints":{"allow":["GET"]}}],"collection":[{"href":"https:\/\/swisssoftware24.ch\/fr\/wp-json\/wp\/v2\/product"}],"about":[{"href":"https:\/\/swisssoftware24.ch\/fr\/wp-json\/wp\/v2\/types\/product"}],"wp:featuredmedia":[{"embeddable":true,"href":"https:\/\/swisssoftware24.ch\/fr\/wp-json\/wp\/v2\/media\/14746"}],"wp:attachment":[{"href":"https:\/\/swisssoftware24.ch\/fr\/wp-json\/wp\/v2\/media?parent=14745"}],"wp:term":[{"taxonomy":"product_brand","embeddable":true,"href":"https:\/\/swisssoftware24.ch\/fr\/wp-json\/wp\/v2\/product_brand?post=14745"},{"taxonomy":"product_cat","embeddable":true,"href":"https:\/\/swisssoftware24.ch\/fr\/wp-json\/wp\/v2\/product_cat?post=14745"},{"taxonomy":"product_tag","embeddable":true,"href":"https:\/\/swisssoftware24.ch\/fr\/wp-json\/wp\/v2\/product_tag?post=14745"}],"curies":[{"name":"wp","href":"https:\/\/api.w.org\/{rel}","templated":true}]}}