{"id":14751,"date":"2023-03-05T00:27:33","date_gmt":"2023-03-04T23:27:33","guid":{"rendered":"https:\/\/swisssoftware24.ch\/?post_type=product&#038;p=14751"},"modified":"2025-12-08T09:12:56","modified_gmt":"2025-12-08T08:12:56","slug":"microsoft-365-apps-for-faculty","status":"publish","type":"product","link":"https:\/\/swisssoftware24.ch\/fr\/products\/microsoft-365-apps-for-faculty\/","title":{"rendered":"Microsoft 365 Apps pour le corps enseignant"},"content":{"rendered":"<p data-start=\"82\" data-end=\"598\">Microsoft 365 Apps for Faculty offre aux enseignants et aux \u00e9tablissements d'enseignement une suite Office puissante avec des applications \u00e9prouv\u00e9es telles que Word, Excel, PowerPoint, Outlook, OneNote, Publisher et Access. Ces programmes permettent la cr\u00e9ation, l'\u00e9dition et le partage de mat\u00e9riel p\u00e9dagogique, de pr\u00e9sentations et de documents. Gr\u00e2ce \u00e0 l'int\u00e9gration transparente du cloud avec OneDrive, les enseignants peuvent acc\u00e9der \u00e0 leurs fichiers \u00e0 tout moment et travailler de mani\u00e8re flexible \u00e0 partir de divers appareils.<\/p>\n<p data-start=\"600\" data-end=\"1064\">Jusqu'\u00e0 5 PC ou Mac, 5 tablettes et 5 smartphones peuvent \u00eatre utilis\u00e9s avec une seule licence, ce qui garantit une grande flexibilit\u00e9 pour l'enseignement en classe ou \u00e0 domicile. Les mises \u00e0 jour r\u00e9guli\u00e8res et les am\u00e9liorations de s\u00e9curit\u00e9 maintiennent le logiciel \u00e0 jour et prot\u00e8gent de mani\u00e8re fiable les donn\u00e9es sensibles. La collaboration en temps r\u00e9el permet de travailler sur des documents avec des coll\u00e8gues et des \u00e9tudiants.<\/p>\n<p data-start=\"1066\" data-end=\"1433\">Microsoft 365 Apps for Faculty est sp\u00e9cialement con\u00e7u pour les \u00e9tablissements d'enseignement \u00e0 but non lucratif et offre une solution rentable pour les enseignants et le personnel administratif. Les outils puissants aident \u00e0 optimiser les flux de travail, \u00e0 concevoir des le\u00e7ons num\u00e9riques et \u00e0 am\u00e9liorer la communication au sein de l'\u00e9cole ou de l'universit\u00e9.<\/p>\n<p data-start=\"1435\" data-end=\"1797\" data-is-last-node=\"\">Gr\u00e2ce \u00e0 l'interface utilisateur intuitive et \u00e0 l'int\u00e9gration facile dans la vie scolaire quotidienne, Microsoft 365 Apps for Faculty est une solution parfaite pour tous ceux qui souhaitent travailler efficacement et ind\u00e9pendamment de l'emplacement. La combinaison d'applications Office classiques, de services cloud et d'une utilisation flexible fait de cette licence le choix id\u00e9al pour le secteur de l'\u00e9ducation.<\/p>\n<p data-start=\"1435\" data-end=\"1797\" data-is-last-node=\"\"><strong>Vous trouverez plus d'informations sur ce produit\u00a0<a href=\"https:\/\/swisssoftware24.ch\/fr\/microsoft-365-apps-for-faculty-die-optimale-loesung-fuer-lehrkraefte\/\">ici<\/a>.<\/strong><\/p>\n<h3>Microsoft 365 Apps for faculty \u2013 configuration syst\u00e8me requise<\/h3>\n<ul>\n<li>Android, iOS, Mac OS, Windows 10, Windows 11<\/li>\n<\/ul>","protected":false},"excerpt":{"rendered":"<p>Microsoft 365 Apps pour les enseignants (Office 365 ProPlus pour les enseignants et les \u00e9ducateurs) est une version avanc\u00e9e de Microsoft 365.<\/p>\n<p>Lien de t\u00e9l\u00e9chargement + cl\u00e9 de produit (ESD) 1 pour l&#039;ann\u00e9e<\/p>","protected":false},"featured_media":14752,"template":"","meta":{"_seopress_robots_primary_cat":"none","_seopress_titles_title":"Microsoft 365 Apps for Faculty | SwissSoftware24","_seopress_titles_desc":"Microsoft 365 Apps for Faculty bietet leistungsstarke Office-Tools f\u00fcr Lehrkr\u00e4fte, einschlie\u00dflich Word, Excel und PowerPoint. Ideal f\u00fcr den Bildungsbereich.","_seopress_robots_index":""},"product_brand":[],"product_cat":[98,71],"product_tag":[],"class_list":{"0":"post-14751","1":"product","2":"type-product","3":"status-publish","4":"has-post-thumbnail","6":"product_cat-microsoft-365-edu","7":"product_cat-office","9":"first","10":"outofstock","11":"sale","12":"taxable","13":"shipping-taxable","14":"purchasable","15":"product-type-simple"},"_links":{"self":[{"href":"https:\/\/swisssoftware24.ch\/fr\/wp-json\/wp\/v2\/product\/14751","targetHints":{"allow":["GET"]}}],"collection":[{"href":"https:\/\/swisssoftware24.ch\/fr\/wp-json\/wp\/v2\/product"}],"about":[{"href":"https:\/\/swisssoftware24.ch\/fr\/wp-json\/wp\/v2\/types\/product"}],"wp:featuredmedia":[{"embeddable":true,"href":"https:\/\/swisssoftware24.ch\/fr\/wp-json\/wp\/v2\/media\/14752"}],"wp:attachment":[{"href":"https:\/\/swisssoftware24.ch\/fr\/wp-json\/wp\/v2\/media?parent=14751"}],"wp:term":[{"taxonomy":"product_brand","embeddable":true,"href":"https:\/\/swisssoftware24.ch\/fr\/wp-json\/wp\/v2\/product_brand?post=14751"},{"taxonomy":"product_cat","embeddable":true,"href":"https:\/\/swisssoftware24.ch\/fr\/wp-json\/wp\/v2\/product_cat?post=14751"},{"taxonomy":"product_tag","embeddable":true,"href":"https:\/\/swisssoftware24.ch\/fr\/wp-json\/wp\/v2\/product_tag?post=14751"}],"curies":[{"name":"wp","href":"https:\/\/api.w.org\/{rel}","templated":true}]}}