{"id":14754,"date":"2023-03-05T00:35:03","date_gmt":"2023-03-04T23:35:03","guid":{"rendered":"https:\/\/swisssoftware24.ch\/?post_type=product&#038;p=14754"},"modified":"2025-11-30T00:17:24","modified_gmt":"2025-11-29T23:17:24","slug":"microsoft-word-2021","status":"publish","type":"product","link":"https:\/\/swisssoftware24.ch\/fr\/products\/microsoft-word-2021\/","title":{"rendered":"Microsoft Word 2021"},"content":{"rendered":"<p data-start=\"77\" data-end=\"602\">Microsoft Word 2021 est l'une des principales applications mondiales pour la cr\u00e9ation et l'\u00e9dition de documents, con\u00e7ue pour un usage personnel et professionnel. Avec une vari\u00e9t\u00e9 d'outils de formatage, de mod\u00e8les et de styles, les utilisateurs peuvent cr\u00e9er rapidement et facilement des documents professionnels. Le logiciel offre \u00e9galement une int\u00e9gration transparente avec Microsoft 365, permettant d'ins\u00e9rer facilement des donn\u00e9es d'Excel, PowerPoint ou Outlook dans des documents Word.<\/p>\n<p data-start=\"604\" data-end=\"1075\">Une caract\u00e9ristique remarquable de Word 2021 est ses outils de collaboration avanc\u00e9s, qui permettent aux utilisateurs de modifier des documents en temps r\u00e9el avec d'autres utilisateurs. Gr\u00e2ce \u00e0 la fonction de co-\u00e9dition, aux commentaires et au suivi des modifications, les \u00e9quipes peuvent collaborer efficacement, \u00e9changer des commentaires et optimiser le contenu. De plus, le stockage cloud dans OneDrive garantit que les documents sont disponibles \u00e0 tout moment et depuis n'importe quel appareil.<\/p>\n<p data-start=\"1077\" data-end=\"1568\" data-is-last-node=\"\">Une attention particuli\u00e8re a \u00e9t\u00e9 accord\u00e9e \u00e0 l'accessibilit\u00e9 \u2013 les lecteurs d'\u00e9cran, la commande vocale et un v\u00e9rificateur d'accessibilit\u00e9 font de Word une solution inclusive pour tous les utilisateurs. De plus, le logiciel offre des fonctions de recherche et de r\u00e9f\u00e9rencement int\u00e9gr\u00e9es, avec lesquelles les citations et les bibliographies peuvent \u00eatre facilement g\u00e9r\u00e9es. Microsoft Word 2021 est compatible avec Windows 10, Windows 11 et macOS et peut \u00eatre install\u00e9 sur un PC ou un Mac.<\/p>\n<p data-start=\"1077\" data-end=\"1568\" data-is-last-node=\"\"><strong>Vous trouverez plus d'informations sur ce produit\u00a0<a href=\"https:\/\/swisssoftware24.ch\/fr\/microsoft-word-2021-die-beste-loesung-fuer-professionelle-dokumente\/\">ici<\/a>.<\/strong><\/p>\n<h3>Microsoft Word 2021 \u2013 configuration syst\u00e8me requise<\/h3>\n<ul>\n<li><strong>Processeur\u00a0<\/strong>Windows 11 ou Windows 10 avec 1,6 GHz, processeur 2 c\u0153urs\/dernier macOS<\/li>\n<li><strong>Syst\u00e8me d'exploitation\u00a0<\/strong>Windows 11 ou Windows 10 pour PC ; macOS pour Mac<\/li>\n<li><strong>M\u00e9moire vive\u00a0<\/strong>4 Go (64 bits), 2 Go (32 bits) de RAM pour PC\u00a0; 4 Go de RAM pour Mac<\/li>\n<li><strong>Espace disque\u00a0<\/strong>4 Go d&#039;espace disque disponible pour PC, 10 Go pour Mac<\/li>\n<li><strong>Carte graphique\u00a0<\/strong>Carte graphique DirectX 10 pour utiliser l&#039;acc\u00e9l\u00e9ration mat\u00e9rielle graphique pour PC<\/li>\n<li><strong>Exigences syst\u00e8me suppl\u00e9mentaires<\/strong>Acc\u00e8s Internet et compte Microsoft<\/li>\n<\/ul>","protected":false},"excerpt":{"rendered":"<p>Microsoft Word 2021 ist eine der weltweit f\u00fchrenden Anwendungen zur Dokumentenerstellung und -bearbeitung, die sowohl f\u00fcr den privaten als auch f\u00fcr den beruflichen Gebrauch entwickelt wurde. Mit einer Vielzahl an Formatierungswerkzeugen, Vorlagen und Stilen k\u00f6nnen Benutzer schnell und einfach professionelle Dokumente erstellen. Die Software bietet zudem eine nahtlose Integration mit Microsoft 365, wodurch Daten aus [&hellip;]<\/p>","protected":false},"featured_media":14755,"template":"","meta":{"_seopress_robots_primary_cat":"none","_seopress_titles_title":"Microsoft Word 2021 | SwissSoftware24","_seopress_titles_desc":"Microsoft Word 2021 bietet leistungsstarke Textverarbeitung mit neuen Funktionen f\u00fcr Ihre Produktivit\u00e4t. Ideal f\u00fcr B\u00fcro und Studium.","_seopress_robots_index":""},"product_brand":[],"product_cat":[71,96],"product_tag":[],"class_list":{"0":"post-14754","1":"product","2":"type-product","3":"status-publish","4":"has-post-thumbnail","6":"product_cat-office","7":"product_cat-einzelne-office-programme","9":"first","10":"onbackorder","11":"taxable","12":"shipping-taxable","13":"purchasable","14":"product-type-simple"},"_links":{"self":[{"href":"https:\/\/swisssoftware24.ch\/fr\/wp-json\/wp\/v2\/product\/14754","targetHints":{"allow":["GET"]}}],"collection":[{"href":"https:\/\/swisssoftware24.ch\/fr\/wp-json\/wp\/v2\/product"}],"about":[{"href":"https:\/\/swisssoftware24.ch\/fr\/wp-json\/wp\/v2\/types\/product"}],"wp:featuredmedia":[{"embeddable":true,"href":"https:\/\/swisssoftware24.ch\/fr\/wp-json\/wp\/v2\/media\/14755"}],"wp:attachment":[{"href":"https:\/\/swisssoftware24.ch\/fr\/wp-json\/wp\/v2\/media?parent=14754"}],"wp:term":[{"taxonomy":"product_brand","embeddable":true,"href":"https:\/\/swisssoftware24.ch\/fr\/wp-json\/wp\/v2\/product_brand?post=14754"},{"taxonomy":"product_cat","embeddable":true,"href":"https:\/\/swisssoftware24.ch\/fr\/wp-json\/wp\/v2\/product_cat?post=14754"},{"taxonomy":"product_tag","embeddable":true,"href":"https:\/\/swisssoftware24.ch\/fr\/wp-json\/wp\/v2\/product_tag?post=14754"}],"curies":[{"name":"wp","href":"https:\/\/api.w.org\/{rel}","templated":true}]}}