{"id":14757,"date":"2023-03-05T00:58:52","date_gmt":"2023-03-04T23:58:52","guid":{"rendered":"https:\/\/swisssoftware24.ch\/?post_type=product&#038;p=14757"},"modified":"2025-11-29T23:56:54","modified_gmt":"2025-11-29T22:56:54","slug":"avg-internet-security","status":"publish","type":"product","link":"https:\/\/swisssoftware24.ch\/fr\/products\/avg-internet-security\/","title":{"rendered":"AVG Internet Security"},"content":{"rendered":"<p data-start=\"80\" data-end=\"344\">AVG Internet Security est un logiciel de s\u00e9curit\u00e9 puissant qui prot\u00e8ge contre les virus, les ransomwares, les logiciels espions, le phishing et autres menaces en ligne. Gr\u00e2ce \u00e0 la protection en temps r\u00e9el, aux mises \u00e0 jour automatiques et aux analyses \u00e0 la demande, votre appareil reste s\u00e9curis\u00e9 \u00e0 tout moment.<\/p>\n<p data-start=\"346\" data-end=\"632\">En plus de la protection contre les logiciels malveillants, AVG offre \u00e9galement des fonctionnalit\u00e9s de confidentialit\u00e9, notamment la protection des e-mails et le blocage des publicit\u00e9s ind\u00e9sirables. La fonction \"Trouver mon appareil\" vous aide \u00e0 localiser un appareil perdu ou vol\u00e9 ou \u00e0 effacer les donn\u00e9es \u00e0 distance.<\/p>\n<p data-start=\"634\" data-end=\"1061\" data-is-last-node=\"\" data-is-only-node=\"\">Le pare-feu int\u00e9gr\u00e9 et la protection contre l'acc\u00e8s \u00e0 distance bloquent les attaques de pirates, tandis que les fonctions de s\u00e9curit\u00e9 pour les op\u00e9rations bancaires en ligne et les achats s\u00e9curis\u00e9s d\u00e9tectent les faux sites web et emp\u00eachent le vol de vos donn\u00e9es. Avec des mises \u00e0 jour logicielles r\u00e9guli\u00e8res et un support client 24h\/24 et 7j\/7, AVG Internet Security offre une solution de s\u00e9curit\u00e9 fiable pour Windows, macOS, Android et iOS.<\/p>\n<p data-start=\"634\" data-end=\"1061\" data-is-last-node=\"\" data-is-only-node=\"\"><strong>Vous trouverez plus d'informations sur ce produit\u00a0<a href=\"https:\/\/swisssoftware24.ch\/fr\/avg-internet-security-schutz-fuer-ihre-geraete-und-online-sicherheit\/\">ici<\/a>.<\/strong><\/p>\n<h3>AVG Internet Security \u2013 configuration syst\u00e8me requise<\/h3>\n<p><strong>Syst\u00e8me d'exploitation<\/strong>\u00a0Windows 10, 8, Windows 7<\/p>","protected":false},"excerpt":{"rendered":"<p>AVG Antivirus offre une protection avanc\u00e9e et des performances \u00e9lev\u00e9es pour votre ordinateur ou d'autres appareils sous licence. Quelles autres fonctionnalit\u00e9s propose-t-il ?<\/p>","protected":false},"featured_media":25750,"template":"","meta":{"_seopress_robots_primary_cat":"none","_seopress_titles_title":"AVG Internet Security | SwissSoftware24","_seopress_titles_desc":"Sch\u00fctzen Sie Ihre Daten mit AVG Internet Security. Umfassender Schutz vor Viren, Malware und Hackern. F\u00fcr sorgenfreies Surfen.","_seopress_robots_index":""},"product_brand":[],"product_cat":[113,63,93],"product_tag":[],"class_list":{"0":"post-14757","1":"product","2":"type-product","3":"status-publish","4":"has-post-thumbnail","6":"product_cat-avg","7":"product_cat-antivirus-security","8":"product_cat-antivirus","10":"first","11":"onbackorder","12":"taxable","13":"shipping-taxable","14":"purchasable","15":"product-type-variable"},"_links":{"self":[{"href":"https:\/\/swisssoftware24.ch\/fr\/wp-json\/wp\/v2\/product\/14757","targetHints":{"allow":["GET"]}}],"collection":[{"href":"https:\/\/swisssoftware24.ch\/fr\/wp-json\/wp\/v2\/product"}],"about":[{"href":"https:\/\/swisssoftware24.ch\/fr\/wp-json\/wp\/v2\/types\/product"}],"wp:featuredmedia":[{"embeddable":true,"href":"https:\/\/swisssoftware24.ch\/fr\/wp-json\/wp\/v2\/media\/25750"}],"wp:attachment":[{"href":"https:\/\/swisssoftware24.ch\/fr\/wp-json\/wp\/v2\/media?parent=14757"}],"wp:term":[{"taxonomy":"product_brand","embeddable":true,"href":"https:\/\/swisssoftware24.ch\/fr\/wp-json\/wp\/v2\/product_brand?post=14757"},{"taxonomy":"product_cat","embeddable":true,"href":"https:\/\/swisssoftware24.ch\/fr\/wp-json\/wp\/v2\/product_cat?post=14757"},{"taxonomy":"product_tag","embeddable":true,"href":"https:\/\/swisssoftware24.ch\/fr\/wp-json\/wp\/v2\/product_tag?post=14757"}],"curies":[{"name":"wp","href":"https:\/\/api.w.org\/{rel}","templated":true}]}}