{"id":14914,"date":"2023-03-05T20:44:55","date_gmt":"2023-03-05T19:44:55","guid":{"rendered":"https:\/\/swisssoftware24.ch\/?post_type=product&#038;p=14914"},"modified":"2025-12-06T19:32:25","modified_gmt":"2025-12-06T18:32:25","slug":"bitdefender-internet-security","status":"publish","type":"product","link":"https:\/\/swisssoftware24.ch\/fr\/products\/bitdefender-internet-security\/","title":{"rendered":"Bitdefender Internet Security"},"content":{"rendered":"<p class=\"\" data-start=\"85\" data-end=\"566\">Bitdefender Internet Security offre une protection avanc\u00e9e contre les virus, les logiciels malveillants et les menaces en ligne, garantissant ainsi la s\u00e9curit\u00e9 de vos donn\u00e9es personnelles \u00e0 tout moment. Gr\u00e2ce aux technologies anti-phishing de pointe, le logiciel d\u00e9tecte et bloque les sites web frauduleux qui tentent de voler des informations sensibles telles que les mots de passe ou les donn\u00e9es bancaires. De plus, le pare-feu int\u00e9gr\u00e9 prot\u00e8ge votre r\u00e9seau contre les acc\u00e8s non autoris\u00e9s et les cyberattaques potentielles.<\/p>\n<p class=\"\" data-start=\"568\" data-end=\"1066\">En plus de la d\u00e9fense classique contre les menaces, Bitdefender Internet Security propose \u00e9galement des fonctionnalit\u00e9s de blocage des publicit\u00e9s et de protection de la vie priv\u00e9e en ligne. En supprimant automatiquement les cookies et en effa\u00e7ant l'historique du navigateur, les utilisateurs b\u00e9n\u00e9ficient d'un plus grand anonymat lors de la navigation sur Internet. Le logiciel dispose \u00e9galement d'une interface utilisateur intuitive qui permet une gestion facile de toutes les fonctions de s\u00e9curit\u00e9 \u2013 id\u00e9al aussi bien pour les utilisateurs exp\u00e9riment\u00e9s que pour les d\u00e9butants.<\/p>\n<p class=\"\" data-start=\"1068\" data-end=\"1554\">Compar\u00e9 aux versions plus simples comme Bitdefender Antivirus Plus, ce produit offre une protection r\u00e9seau am\u00e9lior\u00e9e et un blocage des publicit\u00e9s, rendant la vie num\u00e9rique plus s\u00fbre. Gr\u00e2ce aux mises \u00e0 jour automatiques, votre syst\u00e8me est toujours \u00e0 jour sans avoir \u00e0 vous soucier des mises \u00e0 jour manuelles. Bitdefender Internet Security est le choix parfait pour tous ceux qui accordent de l'importance aux normes de s\u00e9curit\u00e9 les plus \u00e9lev\u00e9es et \u00e0 une utilisation d'Internet sans souci.<\/p>\n<p><strong>Vous trouverez plus d'informations sur ce produit\u00a0<a href=\"https:\/\/swisssoftware24.ch\/fr\/bitdefender-internet-security-ihr-zuverlaessiger-schutz-vor-online-bedrohungen\/\">ici<\/a>.<\/strong><\/p>\n<h3>Bitdefender Internet Security \u2013 configuration syst\u00e8me requise<\/h3>\n<ul>\n<li><strong>Syst\u00e8me d'exploitation<\/strong>\u00a0Windows 7 avec Service Pack 1, Windows 8, Windows 8.1 et Windows 10<\/li>\n<li><strong>M\u00e9moire (RAM)<\/strong>\u00a02 Go<\/li>\n<li><strong>Espace disque libre disponible<\/strong>\u00a02,5 Go de m\u00e9moire libre<\/li>\n<\/ul>","protected":false},"excerpt":{"rendered":"<p>Bitdefender Internet Security a \u00e9t\u00e9 con\u00e7u pour les utilisateurs n\u00e9cessitant une protection avanc\u00e9e. Il offre une large gamme de fonctions de s\u00e9curit\u00e9 qui prot\u00e8gent contre les virus, les logiciels malveillants, le phishing et d'autres menaces tout en pr\u00e9servant la confidentialit\u00e9 des utilisateurs. Le programme est convivial et n'alourdit pas le syst\u00e8me.<\/p>\n<p>En choisissant ce produit, vous obtenez, selon l'option s\u00e9lectionn\u00e9e, une licence d'un ou deux ans sous forme de cl\u00e9 \u00e9lectronique permettant l'utilisation du logiciel antivirus sur un, trois ou cinq appareils. Cette version est con\u00e7ue pour les ordinateurs avec des syst\u00e8mes d'exploitation Windows. Le logiciel est disponible en plusieurs langues.<\/p>","protected":false},"featured_media":33970,"template":"","meta":{"_seopress_robots_primary_cat":"none","_seopress_titles_title":"Bitdefender Internet Security | SwissSoftware24","_seopress_titles_desc":"Sch\u00fctzen Sie Ihr digitales Leben mit Bitdefender Internet Security. Leistungsstarker Schutz vor Viren, Phishing und Ransomware.","_seopress_robots_index":""},"product_brand":[],"product_cat":[112,63,93],"product_tag":[],"class_list":{"0":"post-14914","1":"product","2":"type-product","3":"status-publish","4":"has-post-thumbnail","6":"product_cat-bitdefender","7":"product_cat-antivirus-security","8":"product_cat-antivirus","10":"first","11":"onbackorder","12":"taxable","13":"shipping-taxable","14":"purchasable","15":"product-type-variable"},"_links":{"self":[{"href":"https:\/\/swisssoftware24.ch\/fr\/wp-json\/wp\/v2\/product\/14914","targetHints":{"allow":["GET"]}}],"collection":[{"href":"https:\/\/swisssoftware24.ch\/fr\/wp-json\/wp\/v2\/product"}],"about":[{"href":"https:\/\/swisssoftware24.ch\/fr\/wp-json\/wp\/v2\/types\/product"}],"wp:featuredmedia":[{"embeddable":true,"href":"https:\/\/swisssoftware24.ch\/fr\/wp-json\/wp\/v2\/media\/33970"}],"wp:attachment":[{"href":"https:\/\/swisssoftware24.ch\/fr\/wp-json\/wp\/v2\/media?parent=14914"}],"wp:term":[{"taxonomy":"product_brand","embeddable":true,"href":"https:\/\/swisssoftware24.ch\/fr\/wp-json\/wp\/v2\/product_brand?post=14914"},{"taxonomy":"product_cat","embeddable":true,"href":"https:\/\/swisssoftware24.ch\/fr\/wp-json\/wp\/v2\/product_cat?post=14914"},{"taxonomy":"product_tag","embeddable":true,"href":"https:\/\/swisssoftware24.ch\/fr\/wp-json\/wp\/v2\/product_tag?post=14914"}],"curies":[{"name":"wp","href":"https:\/\/api.w.org\/{rel}","templated":true}]}}