{"id":14925,"date":"2023-03-05T21:14:43","date_gmt":"2023-03-05T20:14:43","guid":{"rendered":"https:\/\/swisssoftware24.ch\/?post_type=product&#038;p=14925"},"modified":"2025-11-29T23:56:54","modified_gmt":"2025-11-29T22:56:54","slug":"panda-dome-essential","status":"publish","type":"product","link":"https:\/\/swisssoftware24.ch\/fr\/products\/panda-dome-essential\/","title":{"rendered":"Panda Dome Essential"},"content":{"rendered":"<p class=\"\" data-start=\"78\" data-end=\"510\">Panda Dome Essential offre une protection en temps r\u00e9el contre les virus, les logiciels malveillants et les cyberattaques, garantissant ainsi la s\u00e9curit\u00e9 de vos appareils \u00e0 tout moment. Gr\u00e2ce au pare-feu avanc\u00e9, les connexions r\u00e9seau ind\u00e9sirables sont bloqu\u00e9es et votre Wi-Fi est prot\u00e9g\u00e9 contre les intrus potentiels. La fonction VPN int\u00e9gr\u00e9e assure l'anonymat en ligne, le cryptage IP et une transmission s\u00e9curis\u00e9e des donn\u00e9es pour prot\u00e9ger votre vie priv\u00e9e.<\/p>\n<p class=\"\" data-start=\"512\" data-end=\"978\">Avec des options de contr\u00f4le parental intelligentes, Panda Dome Essential permet de surveiller et de limiter le temps en ligne des enfants et de bloquer les contenus inappropri\u00e9s. De plus, le logiciel analyse les appareils externes comme les cl\u00e9s USB et les disques durs pour s'assurer qu'aucune menace n'entre dans votre syst\u00e8me. La fonction de surveillance Wi-Fi analyse votre r\u00e9seau et signale les activit\u00e9s suspectes pour emp\u00eacher les acc\u00e8s non autoris\u00e9s.<\/p>\n<p class=\"\" data-start=\"980\" data-end=\"1437\">Panda Dome Essential offre \u00e9galement des fonctions de s\u00e9curit\u00e9 pratiques pour les appareils mobiles, telles que les contr\u00f4les d'acc\u00e8s aux applications, le suivi de localisation et les alarmes antivol. En cas de perte ou de vol de l'appareil, vous pouvez verrouiller votre smartphone, supprimer des donn\u00e9es ou activer une alarme de mouvement. Avec sa large compatibilit\u00e9 pour Windows et macOS, ainsi que diverses versions linguistiques, Panda Dome Essential est la solution id\u00e9ale pour une protection compl\u00e8te.<\/p>\n<p data-start=\"980\" data-end=\"1437\"><strong>Vous trouverez plus d'informations sur ce produit\u00a0<a href=\"https:\/\/swisssoftware24.ch\/fr\/panda-dome-essential-umfassender-schutz-fuer-ihre-geraete\/\">ici<\/a>.<\/strong><\/p>\n<h3>Panda Dome Essential \u2013 configuration syst\u00e8me requise<\/h3>\n<p><strong>Windows<\/strong><\/p>\n<ul>\n<li><strong>syst\u00e8me<\/strong>Microsoft\u00ae Windows 10, Windows 8.1, Windows 7<\/li>\n<li><strong>Processeur\u00a0<\/strong>Pentium 300 MHz ou sup\u00e9rieur<\/li>\n<li><strong>RAM.\u00a0<\/strong>256 MB<\/li>\n<li><strong>disque dur\u00a0<\/strong>240\u00a0MB<\/li>\n<\/ul>\n<p><strong>Mac<\/strong><\/p>\n<ul>\n<li><strong>syst\u00e8me<\/strong>\u00a0Mac OS X 10.10 ou sup\u00e9rieur<\/li>\n<li><strong>disque dur\u00a0\u00a0<\/strong>200 MB<\/li>\n<\/ul>\n<p><strong>Android<\/strong><\/p>\n<ul>\n<li><strong>Android<\/strong>4 ou sup\u00e9rieur<\/li>\n<\/ul>\n<p><strong>iPhone\/iPad<\/strong><\/p>\n<ul>\n<li><strong>syst\u00e8me\u00a0<\/strong>iOS 7 ou sup\u00e9rieur<\/li>\n<\/ul>","protected":false},"excerpt":{"rendered":"<p>Panda Dome Essential est une solution de cybers\u00e9curit\u00e9 efficace qui prot\u00e8ge contre les menaces cybern\u00e9tiques. Il prot\u00e8ge non seulement les ordinateurs (\u00e0 la fois sous Windows et Mac, ainsi que les syst\u00e8mes Linux), mais \u00e9tend \u00e9galement sa s\u00e9curit\u00e9 aux appareils mobiles vuln\u00e9rables.<\/p>","protected":false},"featured_media":25714,"template":"","meta":{"_seopress_robots_primary_cat":"none","_seopress_titles_title":"Panda Dome Essential | Grundschutz | SwissSoftware24","_seopress_titles_desc":"Sch\u00fctzen Sie Ihre Ger\u00e4te mit Panda Dome Essential. Grundlegender Schutz vor Viren und Malware. Einfach und effektiv.","_seopress_robots_index":""},"product_brand":[],"product_cat":[130,115,63,93],"product_tag":[],"class_list":{"0":"post-14925","1":"product","2":"type-product","3":"status-publish","4":"has-post-thumbnail","6":"product_cat-antivirushome","7":"product_cat-panda","8":"product_cat-antivirus-security","9":"product_cat-antivirus","11":"first","12":"instock","13":"sale","14":"taxable","15":"shipping-taxable","16":"purchasable","17":"product-type-variable"},"_links":{"self":[{"href":"https:\/\/swisssoftware24.ch\/fr\/wp-json\/wp\/v2\/product\/14925","targetHints":{"allow":["GET"]}}],"collection":[{"href":"https:\/\/swisssoftware24.ch\/fr\/wp-json\/wp\/v2\/product"}],"about":[{"href":"https:\/\/swisssoftware24.ch\/fr\/wp-json\/wp\/v2\/types\/product"}],"wp:featuredmedia":[{"embeddable":true,"href":"https:\/\/swisssoftware24.ch\/fr\/wp-json\/wp\/v2\/media\/25714"}],"wp:attachment":[{"href":"https:\/\/swisssoftware24.ch\/fr\/wp-json\/wp\/v2\/media?parent=14925"}],"wp:term":[{"taxonomy":"product_brand","embeddable":true,"href":"https:\/\/swisssoftware24.ch\/fr\/wp-json\/wp\/v2\/product_brand?post=14925"},{"taxonomy":"product_cat","embeddable":true,"href":"https:\/\/swisssoftware24.ch\/fr\/wp-json\/wp\/v2\/product_cat?post=14925"},{"taxonomy":"product_tag","embeddable":true,"href":"https:\/\/swisssoftware24.ch\/fr\/wp-json\/wp\/v2\/product_tag?post=14925"}],"curies":[{"name":"wp","href":"https:\/\/api.w.org\/{rel}","templated":true}]}}