{"id":14947,"date":"2023-03-05T21:39:41","date_gmt":"2023-03-05T20:39:41","guid":{"rendered":"https:\/\/swisssoftware24.ch\/?post_type=product&#038;p=14947"},"modified":"2025-11-29T23:56:54","modified_gmt":"2025-11-29T22:56:54","slug":"mcafee-internet-security","status":"publish","type":"product","link":"https:\/\/swisssoftware24.ch\/fr\/products\/mcafee-internet-security\/","title":{"rendered":"McAfee Internet Security"},"content":{"rendered":"<p><img loading=\"lazy\" decoding=\"async\" class=\"alignnone wp-image-14937 size-full\" src=\"https:\/\/swisssoftware24.ch\/wp-content\/uploads\/2023\/03\/mcafee_together.jpg\" alt=\"\" width=\"1200\" height=\"100\" srcset=\"https:\/\/swisssoftware24.ch\/wp-content\/uploads\/2023\/03\/mcafee_together.jpg 1200w, https:\/\/swisssoftware24.ch\/wp-content\/uploads\/2023\/03\/mcafee_together-600x50.jpg 600w, https:\/\/swisssoftware24.ch\/wp-content\/uploads\/2023\/03\/mcafee_together-64x5.jpg 64w, https:\/\/swisssoftware24.ch\/wp-content\/uploads\/2023\/03\/mcafee_together-300x25.jpg 300w, https:\/\/swisssoftware24.ch\/wp-content\/uploads\/2023\/03\/mcafee_together-1024x85.jpg 1024w, https:\/\/swisssoftware24.ch\/wp-content\/uploads\/2023\/03\/mcafee_together-768x64.jpg 768w\" sizes=\"auto, (max-width: 1200px) 100vw, 1200px\" \/><\/p>\n<p class=\"\" data-start=\"199\" data-end=\"601\">McAfee Internet Security offre une protection compl\u00e8te pour vos appareils et vos donn\u00e9es \u2013 id\u00e9al pour les familles et les utilisateurs individuels. Le logiciel vous prot\u00e8ge contre les virus, les logiciels malveillants, le phishing et autres menaces en ligne, et chiffre votre adresse IP pour une navigation internet anonyme. En m\u00eame temps, il aide \u00e0 identifier et \u00e0 corriger les failles de s\u00e9curit\u00e9 telles que les mots de passe faibles ou les r\u00e9seaux non s\u00e9curis\u00e9s.<\/p>\n<p class=\"\" data-start=\"603\" data-end=\"1004\">Les fonctionnalit\u00e9s suppl\u00e9mentaires incluent un contr\u00f4le parental qui restreint l'acc\u00e8s au contenu inappropri\u00e9, ainsi qu'un suivi des appareils en cas de perte ou de vol. Le programme peut \u00eatre utilis\u00e9 sur plusieurs plateformes telles que Windows, macOS, iOS et Android avec une seule licence. Sa facilit\u00e9 d'utilisation et sa configuration flexible en font un pack de s\u00e9curit\u00e9 id\u00e9al pour la maison.<\/p>\n<p class=\"\" data-start=\"1006\" data-end=\"1283\">De plus, McAfee Internet Security prend en charge l'optimisation du PC, les mises \u00e0 jour automatiques, un gestionnaire de mots de passe int\u00e9gr\u00e9 et un support technique en plusieurs langues. Il offre non seulement la s\u00e9curit\u00e9, mais aussi la commodit\u00e9 dans l'utilisation quotidienne des services num\u00e9riques.<\/p>\n<p data-start=\"1006\" data-end=\"1283\"><strong>Vous trouverez plus d'informations sur ce produit\u00a0<a href=\"https:\/\/swisssoftware24.ch\/fr\/mcafee-internet-security-intelligenter-schutz-fuer-die-digitale-welt\/\">ici<\/a>.<\/strong><\/p>\n<h3>McAfee Internet Security \u2013 configuration syst\u00e8me requise<\/h3>\n<ul>\n<li>Syst\u00e8me d'exploitation Windows, Mac, Android et iOS<\/li>\n<li>Processeur de 1 GHz ou plus rapide, processeur x86 ou x64<\/li>\n<li>1 Go de RAM<\/li>\n<li>1 \u00e0 2 Go d'espace disque<\/li>\n<li>Les graphiques ne sont pas applicables.<\/li>\n<\/ul>","protected":false},"excerpt":{"rendered":"<p><span style=\"font-weight: 400\">McAfee Internet Security est une solution compl\u00e8te de s\u00e9curit\u00e9 Internet con\u00e7ue pour les utilisateurs ayant un, trois, cinq ou m\u00eame dix appareils. Le prix de la licence d\u00e9pend de leur quantit\u00e9. Les sites Web et les messages potentiellement dangereux qui pourraient compromettre votre vie priv\u00e9e et votre s\u00e9curit\u00e9 ne sont plus une pr\u00e9occupation pour vous.<\/span><\/p>","protected":false},"featured_media":25708,"template":"","meta":{"_seopress_robots_primary_cat":"none","_seopress_titles_title":"McAfee Internet Security | Schutz online | SwissSoftware24","_seopress_titles_desc":"McAfee Internet Security: Sch\u00fctzen Sie Ihre Ger\u00e4te vor Online-Bedrohungen. Zuverl\u00e4ssiger Schutz f\u00fcr sicheres Surfen.","_seopress_robots_index":""},"product_brand":[],"product_cat":[93,63,130,110],"product_tag":[],"class_list":{"0":"post-14947","1":"product","2":"type-product","3":"status-publish","4":"has-post-thumbnail","6":"product_cat-antivirus","7":"product_cat-antivirus-security","8":"product_cat-antivirushome","9":"product_cat-mcafee","11":"first","12":"instock","13":"sale","14":"taxable","15":"shipping-taxable","16":"purchasable","17":"product-type-variable"},"_links":{"self":[{"href":"https:\/\/swisssoftware24.ch\/fr\/wp-json\/wp\/v2\/product\/14947","targetHints":{"allow":["GET"]}}],"collection":[{"href":"https:\/\/swisssoftware24.ch\/fr\/wp-json\/wp\/v2\/product"}],"about":[{"href":"https:\/\/swisssoftware24.ch\/fr\/wp-json\/wp\/v2\/types\/product"}],"wp:featuredmedia":[{"embeddable":true,"href":"https:\/\/swisssoftware24.ch\/fr\/wp-json\/wp\/v2\/media\/25708"}],"wp:attachment":[{"href":"https:\/\/swisssoftware24.ch\/fr\/wp-json\/wp\/v2\/media?parent=14947"}],"wp:term":[{"taxonomy":"product_brand","embeddable":true,"href":"https:\/\/swisssoftware24.ch\/fr\/wp-json\/wp\/v2\/product_brand?post=14947"},{"taxonomy":"product_cat","embeddable":true,"href":"https:\/\/swisssoftware24.ch\/fr\/wp-json\/wp\/v2\/product_cat?post=14947"},{"taxonomy":"product_tag","embeddable":true,"href":"https:\/\/swisssoftware24.ch\/fr\/wp-json\/wp\/v2\/product_tag?post=14947"}],"curies":[{"name":"wp","href":"https:\/\/api.w.org\/{rel}","templated":true}]}}