{"id":14952,"date":"2023-03-05T21:47:06","date_gmt":"2023-03-05T20:47:06","guid":{"rendered":"https:\/\/swisssoftware24.ch\/?post_type=product&#038;p=14952"},"modified":"2026-02-03T10:30:03","modified_gmt":"2026-02-03T09:30:03","slug":"mcafee-live-safe","status":"publish","type":"product","link":"https:\/\/swisssoftware24.ch\/fr\/products\/mcafee-live-safe\/","title":{"rendered":"McAfee Live Safe"},"content":{"rendered":"<p><img loading=\"lazy\" decoding=\"async\" class=\"alignnone wp-image-14954 size-full\" src=\"https:\/\/swisssoftware24.ch\/wp-content\/uploads\/2023\/03\/mcafee_livesafe.jpg\" alt=\"\" width=\"1200\" height=\"100\" srcset=\"https:\/\/swisssoftware24.ch\/wp-content\/uploads\/2023\/03\/mcafee_livesafe.jpg 1200w, https:\/\/swisssoftware24.ch\/wp-content\/uploads\/2023\/03\/mcafee_livesafe-600x50.jpg 600w, https:\/\/swisssoftware24.ch\/wp-content\/uploads\/2023\/03\/mcafee_livesafe-64x5.jpg 64w, https:\/\/swisssoftware24.ch\/wp-content\/uploads\/2023\/03\/mcafee_livesafe-300x25.jpg 300w, https:\/\/swisssoftware24.ch\/wp-content\/uploads\/2023\/03\/mcafee_livesafe-1024x85.jpg 1024w, https:\/\/swisssoftware24.ch\/wp-content\/uploads\/2023\/03\/mcafee_livesafe-768x64.jpg 768w\" sizes=\"auto, (max-width: 1200px) 100vw, 1200px\" \/><\/p>\n<p class=\"\" data-start=\"184\" data-end=\"669\">McAfee LiveSafe offre une protection compl\u00e8te pour tous vos appareils \u2013 qu'il s'agisse d'un PC, d'un smartphone ou d'une tablette \u2013 le tout sous une seule licence pour un nombre illimit\u00e9 d'appareils. Le logiciel prot\u00e8ge contre les virus, les logiciels malveillants, le phishing et les attaques de piratage, tout en chiffrant votre adresse IP pour pr\u00e9server votre confidentialit\u00e9 en ligne. Gr\u00e2ce au contr\u00f4le parental int\u00e9gr\u00e9, vous gardez \u00e9galement le contr\u00f4le des activit\u00e9s en ligne de vos enfants \u00e0 tout moment.<\/p>\n<p class=\"\" data-start=\"671\" data-end=\"1077\">Le suivi des appareils est \u00e9galement particuli\u00e8rement utile, car il permet la localisation et le verrouillage \u00e0 distance en cas de perte ou de vol. Des fonctionnalit\u00e9s telles que Web Advisor, Password Manager, Vulnerability Scanner et des outils d'optimisation du PC font de McAfee LiveSafe une solution de s\u00e9curit\u00e9 tout-en-un id\u00e9ale. Il peut \u00eatre utilis\u00e9 sur Windows, macOS, Android et iOS.<\/p>\n<p class=\"\" data-start=\"1079\" data-end=\"1325\">L'interface utilisateur est intuitive, multilingue et compl\u00e9t\u00e9e par un support technique gratuit. Les mises \u00e0 jour automatiques garantissent que votre logiciel de s\u00e9curit\u00e9 est toujours \u00e0 jour \u2013 pour une protection maximale en temps r\u00e9el.<\/p>\n<p data-start=\"1079\" data-end=\"1325\"><strong>Vous trouverez plus d'informations sur ce produit\u00a0<a href=\"https:\/\/swisssoftware24.ch\/fr\/mcafee-live-safe-maximale-sicherheit-fuer-ihre-digitale-welt\/\">ici<\/a>.<\/strong><\/p>\n<h3>McAfee Live Safe \u2013 configuration syst\u00e8me requise<\/h3>\n<ul>\n<li>Betriebssystem: Microsoft Windows 11, 10, 8.1 mit allen Patches (32-Bit und 64-Bit). Keine Unterst\u00fctzung f\u00fcr Windows Enterprise.; Build 4.17.1 oder h\u00f6her: MacOS 10.15 und h\u00f6her; Smartphones und Tablets mit Google Android Version 9 oder neuer; Apple iOS 15 oder neuere Version; ChromeOS-Version 102.0.5005 oder h\u00f6her;<\/li>\n<li>Ausr\u00fcstung: 2 GB RAM; 1,3 GB freier Speicherplatz; Prozessor 1 GHz Windows-Architektur: x64, x86. Mac-Architektur: x64, x86, ARM64 (Rosetta II erforderlich);<\/li>\n<li>Unterst\u00fctzte Browser: Firefox; Google Chrome; Safari (Mac und iOS); Microsoft Edge (Chromium-basiert);<\/li>\n<li>Internetverbindung erforderlich &#8211; Schnelle Verbindung empfohlen.<\/li>\n<\/ul>","protected":false},"excerpt":{"rendered":"<p><span style=\"font-weight: 400\">McAfee LiveSafe est un logiciel de s\u00e9curit\u00e9 complet d\u00e9velopp\u00e9 par McAfee, l'un des principaux fournisseurs de cybers\u00e9curit\u00e9. Il offre une protection multi-appareils, comprenant une protection contre les virus, un pare-feu, une protection contre le vol d'identit\u00e9, et une gestion de mots de passe, entre autres fonctionnalit\u00e9s, pour votre ordinateur, votre smartphone et votre tablette.<\/span><\/p>\n<p>Lien de t\u00e9l\u00e9chargement + cl\u00e9 de produit (ESD) 1 pour l&#039;ann\u00e9e<\/p>","protected":false},"featured_media":25709,"template":"","meta":{"_seopress_robots_primary_cat":"none","_seopress_titles_title":"McAfee Live Safe | Rundumschutz | SwissSoftware24","_seopress_titles_desc":"McAfee Live Safe bietet umfassenden Schutz f\u00fcr alle Ihre Ger\u00e4te. Sichern Sie Ihre Daten und Privatsph\u00e4re online.","_seopress_robots_index":""},"product_brand":[],"product_cat":[110,63,93],"product_tag":[],"class_list":{"0":"post-14952","1":"product","2":"type-product","3":"status-publish","4":"has-post-thumbnail","6":"product_cat-mcafee","7":"product_cat-antivirus-security","8":"product_cat-antivirus","10":"first","11":"onbackorder","12":"sale","13":"taxable","14":"shipping-taxable","15":"purchasable","16":"product-type-simple"},"_links":{"self":[{"href":"https:\/\/swisssoftware24.ch\/fr\/wp-json\/wp\/v2\/product\/14952","targetHints":{"allow":["GET"]}}],"collection":[{"href":"https:\/\/swisssoftware24.ch\/fr\/wp-json\/wp\/v2\/product"}],"about":[{"href":"https:\/\/swisssoftware24.ch\/fr\/wp-json\/wp\/v2\/types\/product"}],"wp:featuredmedia":[{"embeddable":true,"href":"https:\/\/swisssoftware24.ch\/fr\/wp-json\/wp\/v2\/media\/25709"}],"wp:attachment":[{"href":"https:\/\/swisssoftware24.ch\/fr\/wp-json\/wp\/v2\/media?parent=14952"}],"wp:term":[{"taxonomy":"product_brand","embeddable":true,"href":"https:\/\/swisssoftware24.ch\/fr\/wp-json\/wp\/v2\/product_brand?post=14952"},{"taxonomy":"product_cat","embeddable":true,"href":"https:\/\/swisssoftware24.ch\/fr\/wp-json\/wp\/v2\/product_cat?post=14952"},{"taxonomy":"product_tag","embeddable":true,"href":"https:\/\/swisssoftware24.ch\/fr\/wp-json\/wp\/v2\/product_tag?post=14952"}],"curies":[{"name":"wp","href":"https:\/\/api.w.org\/{rel}","templated":true}]}}