{"id":14961,"date":"2023-03-05T22:03:19","date_gmt":"2023-03-05T21:03:19","guid":{"rendered":"https:\/\/swisssoftware24.ch\/?post_type=product&#038;p=14961"},"modified":"2025-11-30T00:17:24","modified_gmt":"2025-11-29T23:17:24","slug":"kaspersky-small-office-security-for-10-devices","status":"publish","type":"product","link":"https:\/\/swisssoftware24.ch\/fr\/products\/kaspersky-small-office-security-for-10-devices\/","title":{"rendered":"Kaspersky Small Office Security pour 10 appareils"},"content":{"rendered":"<p class=\"\" data-start=\"200\" data-end=\"515\">Kaspersky Small Office Security est sp\u00e9cialement con\u00e7u pour les petites entreprises qui ont besoin d'une protection robuste sans avoir \u00e0 g\u00e9rer des solutions informatiques complexes. Le logiciel prot\u00e8ge de mani\u00e8re fiable jusqu'\u00e0 10 appareils \u2013 y compris les PC, les ordinateurs portables, les serveurs et les appareils mobiles \u2013 contre les logiciels malveillants, les ransomwares et le phishing.<\/p>\n<p class=\"\" data-start=\"517\" data-end=\"816\">Gr\u00e2ce \u00e0 des fonctionnalit\u00e9s int\u00e9gr\u00e9es telles qu'un gestionnaire de mots de passe, le chiffrement de fichiers et la sauvegarde automatique des donn\u00e9es, les petites entreprises b\u00e9n\u00e9ficient d'un package de s\u00e9curit\u00e9 complet. De plus, la solution offre une s\u00e9curit\u00e9 mobile et une surveillance du r\u00e9seau pour d\u00e9tecter rapidement les acc\u00e8s non autoris\u00e9s ou les fuites de donn\u00e9es.<\/p>\n<p class=\"\" data-start=\"818\" data-end=\"1063\">Kaspersky Small Office Security s'installe en quelques minutes et est facile \u00e0 g\u00e9rer \u2013 sans n\u00e9cessiter une expertise technique approfondie. Cela le rend id\u00e9al pour les entreprises qui ont besoin d'une protection fiable avec une ma\u00eetrise totale des co\u00fbts.<\/p>\n<p data-start=\"818\" data-end=\"1063\"><strong>Vous trouverez plus d'informations sur ce produit\u00a0<a href=\"https:\/\/swisssoftware24.ch\/fr\/kaspersky-small-office-security-rundum-schutz-fuer-kleine-unternehmen\/\">ici<\/a>.<\/strong><\/p>\n<h3>Kaspersky Small Office Security pour 10 appareils \u2013 configuration syst\u00e8me requise<\/h3>\n<ul>\n<li><strong>Syst\u00e8me d'exploitation<\/strong>\u00a0Windows, Mac, Andro\u00efd, iOS<\/li>\n<li><strong>Processeur<\/strong>\u00a01,6 GHz ou plus rapide, processeur x86 ou x64<\/li>\n<li><strong>M\u00e9moire vive<\/strong>\u00a01 Go de RAM<\/li>\n<li><strong>Espace disque<\/strong>\u00a02 Go<\/li>\n<li><strong>Graphismes<\/strong>\u00a0Non<\/li>\n<\/ul>","protected":false},"excerpt":{"rendered":"<p>Kaspersky Small Office Security est un ensemble de s\u00e9curit\u00e9 sp\u00e9cialement con\u00e7u pour les petites entreprises, offrant de nombreuses fonctionnalit\u00e9s pour prot\u00e9ger les donn\u00e9es de l'entreprise. Il assure la protection des ordinateurs, des serveurs et des appareils mobiles contre divers types de menaces en ligne, telles que les virus, les logiciels malveillants, les ran\u00e7ongiciels, les attaques de phishing et bien d'autres.<\/p>\n<p>Lien de t\u00e9l\u00e9chargement + cl\u00e9 de produit (ESD) pendant 1 an.<\/p>","protected":false},"featured_media":25829,"template":"","meta":{"_seopress_robots_primary_cat":"none","_seopress_titles_title":"Kaspersky Small Office Security | SwissSoftware24","_seopress_titles_desc":"Kaspersky Small Office Security: Sch\u00fctzen Sie 10 Ger\u00e4te in Ihrem B\u00fcro vor Viren und Bedrohungen. Maximale Sicherheit garantiert.","_seopress_robots_index":""},"product_brand":[],"product_cat":[108,63,79],"product_tag":[],"class_list":{"0":"post-14961","1":"product","2":"type-product","3":"status-publish","4":"has-post-thumbnail","6":"product_cat-kaspersky","7":"product_cat-antivirus-security","8":"product_cat-sicherheit-fur-firmen","10":"first","11":"onbackorder","12":"virtual","13":"taxable","14":"purchasable","15":"product-type-simple"},"_links":{"self":[{"href":"https:\/\/swisssoftware24.ch\/fr\/wp-json\/wp\/v2\/product\/14961","targetHints":{"allow":["GET"]}}],"collection":[{"href":"https:\/\/swisssoftware24.ch\/fr\/wp-json\/wp\/v2\/product"}],"about":[{"href":"https:\/\/swisssoftware24.ch\/fr\/wp-json\/wp\/v2\/types\/product"}],"wp:featuredmedia":[{"embeddable":true,"href":"https:\/\/swisssoftware24.ch\/fr\/wp-json\/wp\/v2\/media\/25829"}],"wp:attachment":[{"href":"https:\/\/swisssoftware24.ch\/fr\/wp-json\/wp\/v2\/media?parent=14961"}],"wp:term":[{"taxonomy":"product_brand","embeddable":true,"href":"https:\/\/swisssoftware24.ch\/fr\/wp-json\/wp\/v2\/product_brand?post=14961"},{"taxonomy":"product_cat","embeddable":true,"href":"https:\/\/swisssoftware24.ch\/fr\/wp-json\/wp\/v2\/product_cat?post=14961"},{"taxonomy":"product_tag","embeddable":true,"href":"https:\/\/swisssoftware24.ch\/fr\/wp-json\/wp\/v2\/product_tag?post=14961"}],"curies":[{"name":"wp","href":"https:\/\/api.w.org\/{rel}","templated":true}]}}