{"id":14964,"date":"2023-03-05T22:11:53","date_gmt":"2023-03-05T21:11:53","guid":{"rendered":"https:\/\/swisssoftware24.ch\/?post_type=product&#038;p=14964"},"modified":"2025-11-29T23:56:54","modified_gmt":"2025-11-29T22:56:54","slug":"windows-server-standard-2022","status":"publish","type":"product","link":"https:\/\/swisssoftware24.ch\/fr\/products\/windows-server-standard-2022\/","title":{"rendered":"Windows Server Standard 2022"},"content":{"rendered":"<div class=\"flex max-w-full flex-col flex-grow\">\n<div class=\"min-h-8 text-message flex w-full flex-col items-end gap-2 whitespace-normal break-words text-start [.text-message+&amp;]:mt-5\" dir=\"auto\" data-message-author-role=\"assistant\" data-message-id=\"5f5e8709-5a2e-41a1-b5f6-7f6ed7ab06fc\" data-message-model-slug=\"gpt-4o\">\n<div class=\"flex w-full flex-col gap-1 empty:hidden first:pt-[3px]\">\n<div class=\"markdown prose w-full break-words dark:prose-invert light\">\n<p data-start=\"79\" data-end=\"420\">Windows Server Standard 2022 offre une plateforme s\u00e9curis\u00e9e et efficace pour les entreprises de toutes tailles. Gr\u00e2ce \u00e0 la technologie Secured-Core Server, il prot\u00e8ge contre les logiciels malveillants avanc\u00e9s, tandis que les protocoles de s\u00e9curit\u00e9 Server Message Block (SMB) am\u00e9lior\u00e9s et le cryptage AES-256 standard assurent une connectivit\u00e9 s\u00e9curis\u00e9e.<\/p>\n<p data-start=\"422\" data-end=\"726\">La compression SMB optimise le transfert de donn\u00e9es, ce qui r\u00e9duit la consommation de bande passante du r\u00e9seau. De plus, l'int\u00e9gration am\u00e9lior\u00e9e des applications permet une collaboration transparente entre les applications. Le Centre d'administration Windows moderne simplifie la gestion et la maintenance de l'environnement serveur.<\/p>\n<p data-start=\"728\" data-end=\"1101\" data-is-last-node=\"\">Gr\u00e2ce aux fonctionnalit\u00e9s hybrides Azure telles que les solutions de sauvegarde et de restauration, la synchronisation des serveurs de fichiers avec le cloud et la virtualisation de bureau, Windows Server 2022 prend en charge une infrastructure informatique flexible et \u00e9volutive. L'am\u00e9lioration de la virtualisation GPU et la gestion optimis\u00e9e du stockage garantissent un environnement serveur performant et p\u00e9renne.<\/p>\n<p data-start=\"728\" data-end=\"1101\" data-is-last-node=\"\"><strong>Vous trouverez plus d'informations sur ce produit\u00a0<a href=\"https:\/\/swisssoftware24.ch\/fr\/windows-server-standard-2022-eine-moderne-loesung-fuer-unternehmen\/\">ici<\/a>.<\/strong><\/p>\n<\/div>\n<\/div>\n<\/div>\n<\/div>\n<h3>Windows Server Standard 2022 \u2013 configuration syst\u00e8me requise<\/h3>\n<ul>\n<li>Prozessor: 64-Bit-1,4-GHz-Prozessor x64-Befehlssatzkompatibel. Unterst\u00fctzt NX und DEP, CMPXCHG16b, LAHF\/SAHF und Prefetching.<\/li>\n<li>Speicher\/RAM: 512 MB (2 GB f\u00fcr Server mit Desktop Experience-Installationsoption). Geben Sie ECC (Error Correcting Code) oder eine \u00e4hnliche Technologie f\u00fcr Bereitstellungen auf physischen Hosts ein.<\/li>\n<li>Festplattenspeicher: Mindestens 32 GB (Windows Server 2022 mit Server Core-Installationsoption).<\/li>\n<li>Netzwerkanforderungen: Ethernet-Adapter mit einer Bandbreite von mindestens 1 Gigabit pro Sekunde. Konform mit der PCI-Express-Architekturspezifikation.<\/li>\n<li>Zus\u00e4tzliche Anforderungen: UEFI 2.3.1c-basiertes System und Firmware, die sicheren Start unterst\u00fctzen; Vertrauensw\u00fcrdiges Plattformmodul; Ein Grafikger\u00e4t und Monitor, der Super VGA (1024 x 768) oder eine h\u00f6here Aufl\u00f6sung unterst\u00fctzt.<\/li>\n<li>Einige Funktionen, wie z. B. die BitLocker-Laufwerkverschl\u00fcsselung, erfordern ein Trusted Platform Module (TPM). Wenn Ihr Computer ein TPM verwendet, muss es die folgenden Anforderungen erf\u00fcllen:\n<ul>\n<li>Les TPM mat\u00e9riels doivent impl\u00e9menter la version 2.0 de la sp\u00e9cification TPM.<\/li>\n<li>Les TPM qui impl\u00e9mentent la version 2.0 doivent avoir un certificat EK pr\u00e9-fourni au TPM par le fabricant du mat\u00e9riel ou pouvant \u00eatre t\u00e9l\u00e9charg\u00e9 par l'appareil lors du premier d\u00e9marrage.<\/li>\n<li>Les TPM qui impl\u00e9mentent la version 2.0 doivent \u00eatre livr\u00e9s avec des banques PCR SHA-256 et impl\u00e9menter les PCR 0 \u00e0 23 pour SHA-256. Il est acceptable de livrer des TPM avec une banque PCR commutable pouvant \u00eatre utilis\u00e9e pour les mesures SHA-1 et SHA-256.<\/li>\n<li>L'option UEFI de d\u00e9sactivation du TPM n'est pas requise.<\/li>\n<\/ul>\n<\/li>\n<\/ul>","protected":false},"excerpt":{"rendered":"<p>Windows Server Standard 2022 est un syst\u00e8me con\u00e7u pour les environnements de conteneurs \u00e0 fort trafic adapt\u00e9s aux entreprises utilisant des serveurs physiques. Il fonctionne \u00e9galement bien avec de faibles niveaux de virtualisation et permet l'int\u00e9gration des environnements informatiques sur site avec la plateforme cloud Azure.<\/p>","protected":false},"featured_media":37006,"template":"","meta":{"_seopress_robots_primary_cat":"none","_seopress_titles_title":"Windows Server Standard 2022 | SwissSoftware24","_seopress_titles_desc":"Windows Server Standard 2022: Sch\u00fctzen und optimieren Sie Ihre IT-Umgebung mit den neuesten Funktionen und verbesserter Sicherheit.","_seopress_robots_index":""},"product_brand":[],"product_cat":[78,89],"product_tag":[],"class_list":{"0":"post-14964","1":"product","2":"type-product","3":"status-publish","4":"has-post-thumbnail","6":"product_cat-server-software","7":"product_cat-windows-server","9":"first","10":"instock","11":"taxable","12":"shipping-taxable","13":"purchasable","14":"product-type-variable"},"_links":{"self":[{"href":"https:\/\/swisssoftware24.ch\/fr\/wp-json\/wp\/v2\/product\/14964","targetHints":{"allow":["GET"]}}],"collection":[{"href":"https:\/\/swisssoftware24.ch\/fr\/wp-json\/wp\/v2\/product"}],"about":[{"href":"https:\/\/swisssoftware24.ch\/fr\/wp-json\/wp\/v2\/types\/product"}],"wp:featuredmedia":[{"embeddable":true,"href":"https:\/\/swisssoftware24.ch\/fr\/wp-json\/wp\/v2\/media\/37006"}],"wp:attachment":[{"href":"https:\/\/swisssoftware24.ch\/fr\/wp-json\/wp\/v2\/media?parent=14964"}],"wp:term":[{"taxonomy":"product_brand","embeddable":true,"href":"https:\/\/swisssoftware24.ch\/fr\/wp-json\/wp\/v2\/product_brand?post=14964"},{"taxonomy":"product_cat","embeddable":true,"href":"https:\/\/swisssoftware24.ch\/fr\/wp-json\/wp\/v2\/product_cat?post=14964"},{"taxonomy":"product_tag","embeddable":true,"href":"https:\/\/swisssoftware24.ch\/fr\/wp-json\/wp\/v2\/product_tag?post=14964"}],"curies":[{"name":"wp","href":"https:\/\/api.w.org\/{rel}","templated":true}]}}