{"id":14969,"date":"2023-03-05T22:25:13","date_gmt":"2023-03-05T21:25:13","guid":{"rendered":"https:\/\/swisssoftware24.ch\/?post_type=product&#038;p=14969"},"modified":"2025-11-30T00:17:24","modified_gmt":"2025-11-29T23:17:24","slug":"microsoft-sql-server-2016-standard","status":"publish","type":"product","link":"https:\/\/swisssoftware24.ch\/fr\/products\/microsoft-sql-server-2016-standard\/","title":{"rendered":"Microsoft SQL Server 2016 Standard"},"content":{"rendered":"<p>Microsoft SQL Server 2016 Standard est une solution de base de donn\u00e9es robuste dot\u00e9e d'un traitement transactionnel en ligne (OLTP) avanc\u00e9 pour une gestion rapide et efficace des volumes de transactions \u00e9lev\u00e9s. Ceci est particuli\u00e8rement avantageux pour des secteurs tels que la finance, la vente au d\u00e9tail et le commerce \u00e9lectronique, garantissant des performances constantes et fiables. Le logiciel offre \u00e9galement une excellente \u00e9volutivit\u00e9, permettant aux entreprises de g\u00e9rer de mani\u00e8re transparente les volumes de donn\u00e9es en expansion.<\/p>\n<p>Des mesures de s\u00e9curit\u00e9 am\u00e9lior\u00e9es offrent une protection compl\u00e8te des donn\u00e9es sensibles, \u00e0 la fois lorsqu'elles sont stock\u00e9es et pendant leur transfert. Des fonctionnalit\u00e9s telles que la s\u00e9curit\u00e9 au niveau des lignes, Always Encrypted et le masquage dynamique des donn\u00e9es restreignent l'acc\u00e8s aux informations confidentielles aux seuls utilisateurs autoris\u00e9s. Cela rend SQL Server 2016 particuli\u00e8rement adapt\u00e9 aux organisations ayant des exigences strictes en mati\u00e8re de confidentialit\u00e9 des donn\u00e9es.<\/p>\n<p>L'analyse int\u00e9gr\u00e9e \u00e0 la base de donn\u00e9es permet aux utilisateurs d'effectuer des analyses de donn\u00e9es complexes directement au sein de la base de donn\u00e9es elle-m\u00eame, \u00e9liminant ainsi le besoin d'outils analytiques distincts. L'int\u00e9gration du langage R facilite l'analyse pr\u00e9dictive, l'exploration de donn\u00e9es et l'apprentissage automatique. De plus, la prise en charge par SQL Server du traitement des donn\u00e9es JSON permet un m\u00e9lange flexible de structures de donn\u00e9es relationnelles et non relationnelles.<\/p>\n<p>La plateforme de donn\u00e9es hybride permet aux entreprises d'utiliser SQL Server 2016 \u00e0 la fois sur site et dans le cloud avec Microsoft Azure. Cela offre une \u00e9volutivit\u00e9 flexible, une sauvegarde des donn\u00e9es am\u00e9lior\u00e9e et une gestion plus rationalis\u00e9e de l'infrastructure informatique. SQL Server int\u00e8gre \u00e9galement de puissantes fonctionnalit\u00e9s de suivi des donn\u00e9es historiques gr\u00e2ce aux tables temporelles, simplifiant ainsi les processus de conformit\u00e9 et d'audit.<\/p>\n<p><strong>Vous trouverez plus d'informations sur ce produit\u00a0<a href=\"https:\/\/swisssoftware24.ch\/fr\/microsoft-sql-server-2016-standard-ein-umfassender-leitfaden\/\">ici<\/a>.<\/strong><\/p>\n<h1><span style=\"font-size: 16px\">Microsoft SQL Server 2016 Standard \u2013 configuration syst\u00e8me requise<\/span><\/h1>\n<ul>\n<li><strong>Surveillance\u00a0<\/strong>n\u00e9cessite une carte graphique Super VGA avec une r\u00e9solution minimale de 800\u00d7600 pixels<\/li>\n<li><strong>Processeur\u00a0<\/strong>processeur x64: AMD Opteron, AMD Athlon 64, Intel Xeon avec prise en charge Intel EM64T, Intel Pentium IV avec prise en charge EM64T; minimum: processeur x64: 1,4 GHz, recommand\u00e9: 2,0 GHz ou plus rapide.<\/li>\n<li><strong>M\u00e9moire vive\u00a0<\/strong>Minimum: 1 Go | Au moins 4 Go. Avec l'augmentation de la taille de la base de donn\u00e9es, la m\u00e9moire doit \u00e9galement \u00eatre augment\u00e9e pour assurer des performances optimales.<\/li>\n<li><strong>disque dur\u00a0<\/strong>n\u00e9cessite au moins 6 Go d'espace disque disponible.<\/li>\n<\/ul>\n<p>&nbsp;<\/p>","protected":false},"excerpt":{"rendered":"<p>Lien de t\u00e9l\u00e9chargement + cl\u00e9 de produit (ESD)<\/p>\n<p>Microsoft SQL Server 2016 Standard est con\u00e7u pour les professionnels qui d\u00e9veloppent des applications critiques et intelligentes \u00e0 l'aide d'une plateforme de base de donn\u00e9es \u00e9volutive et hybride.<\/p>","protected":false},"featured_media":25655,"template":"","meta":{"_seopress_robots_primary_cat":"none","_seopress_titles_title":"Microsoft SQL Server 2016 Standard | SwissSoftware24","_seopress_titles_desc":"Microsoft SQL Server 2016 Standard: Leistungsstarke Datenbankl\u00f6sungen f\u00fcr Ihr Unternehmen. Zuverl\u00e4ssig und skalierbar.","_seopress_robots_index":""},"product_brand":[],"product_cat":[78,81,89],"product_tag":[],"class_list":{"0":"post-14969","1":"product","2":"type-product","3":"status-publish","4":"has-post-thumbnail","6":"product_cat-server-software","7":"product_cat-sql-server","8":"product_cat-windows-server","10":"first","11":"onbackorder","12":"taxable","13":"shipping-taxable","14":"purchasable","15":"product-type-simple"},"_links":{"self":[{"href":"https:\/\/swisssoftware24.ch\/fr\/wp-json\/wp\/v2\/product\/14969","targetHints":{"allow":["GET"]}}],"collection":[{"href":"https:\/\/swisssoftware24.ch\/fr\/wp-json\/wp\/v2\/product"}],"about":[{"href":"https:\/\/swisssoftware24.ch\/fr\/wp-json\/wp\/v2\/types\/product"}],"wp:featuredmedia":[{"embeddable":true,"href":"https:\/\/swisssoftware24.ch\/fr\/wp-json\/wp\/v2\/media\/25655"}],"wp:attachment":[{"href":"https:\/\/swisssoftware24.ch\/fr\/wp-json\/wp\/v2\/media?parent=14969"}],"wp:term":[{"taxonomy":"product_brand","embeddable":true,"href":"https:\/\/swisssoftware24.ch\/fr\/wp-json\/wp\/v2\/product_brand?post=14969"},{"taxonomy":"product_cat","embeddable":true,"href":"https:\/\/swisssoftware24.ch\/fr\/wp-json\/wp\/v2\/product_cat?post=14969"},{"taxonomy":"product_tag","embeddable":true,"href":"https:\/\/swisssoftware24.ch\/fr\/wp-json\/wp\/v2\/product_tag?post=14969"}],"curies":[{"name":"wp","href":"https:\/\/api.w.org\/{rel}","templated":true}]}}