{"id":14974,"date":"2023-03-05T23:03:21","date_gmt":"2023-03-05T22:03:21","guid":{"rendered":"https:\/\/swisssoftware24.ch\/?post_type=product&#038;p=14974"},"modified":"2025-11-29T23:56:54","modified_gmt":"2025-11-29T22:56:54","slug":"windows-server-user-cals","status":"publish","type":"product","link":"https:\/\/swisssoftware24.ch\/fr\/products\/windows-server-user-cals\/","title":{"rendered":"Windows Server &#8211; User CALs"},"content":{"rendered":"<p data-start=\"90\" data-end=\"526\">Une Client Access License (CAL) est n\u00e9cessaire pour acc\u00e9der l\u00e9galement aux fonctions et ressources de Windows Server. Il existe deux types de CAL : les CAL Utilisateur et les CAL Appareil, chacune adapt\u00e9e \u00e0 des besoins commerciaux diff\u00e9rents. Le choix de la bonne licence garantit que les entreprises respectent les conditions de licence tout en optimisant les co\u00fbts et l'efficacit\u00e9.<\/p>\n<p data-start=\"528\" data-end=\"1097\">Une CAL utilisateur est attribu\u00e9e \u00e0 un utilisateur sp\u00e9cifique, lui permettant d'acc\u00e9der au serveur depuis diff\u00e9rents appareils tels qu'un ordinateur de bureau, un ordinateur portable ou une tablette. Ce type de licence est id\u00e9al pour les entreprises o\u00f9 les employ\u00e9s travaillent avec plusieurs appareils. Une CAL p\u00e9riph\u00e9rique, quant \u00e0 elle, est attribu\u00e9e \u00e0 un appareil sp\u00e9cifique, permettant \u00e0 tout utilisateur qui utilise cet appareil d'acc\u00e9der au serveur. Ceci est particuli\u00e8rement avantageux dans les centres d'appels, les biblioth\u00e8ques ou les espaces de travail partag\u00e9s o\u00f9 plusieurs utilisateurs utilisent le m\u00eame appareil.<\/p>\n<p data-start=\"1099\" data-end=\"1569\" data-is-last-node=\"\">La d\u00e9cision entre une CAL utilisateur et une CAL p\u00e9riph\u00e9rique d\u00e9pend de la fa\u00e7on dont l'acc\u00e8s au serveur est organis\u00e9 au sein d'une entreprise. Les CAL utilisateur sont plus adapt\u00e9es aux employ\u00e9s poss\u00e9dant plusieurs appareils, tandis que les CAL p\u00e9riph\u00e9rique sont une solution rentable pour les espaces de travail avec des ordinateurs partag\u00e9s. Le bon choix aide les entreprises \u00e0 assurer la conformit\u00e9 des licences, \u00e0 contr\u00f4ler les co\u00fbts et \u00e0 concevoir de mani\u00e8re optimale l'acc\u00e8s au serveur.<\/p>\n<p data-start=\"1099\" data-end=\"1569\" data-is-last-node=\"\"><strong>Vous pouvez acheter des licences d'appareil <a href=\"https:\/\/swisssoftware24.ch\/fr\/products\/windows-server-device-cals\/\">ici<\/a> .<\/strong><\/p>\n<p data-start=\"1099\" data-end=\"1569\" data-is-last-node=\"\"><strong>Pour savoir quelle licence est la bonne, vous pouvez lire plus <a href=\"https:\/\/swisssoftware24.ch\/fr\/windows-server-2019-user-device-cals-welche-lizenz-ist-die-richtige\/\">Hier<\/a> .<\/strong><\/p>\n<h3>CAL Windows Server \u2013 Configuration requise<\/h3>\n<ul>\n<li>Plateforme mat\u00e9rielle: Windows<\/li>\n<li>Syst\u00e8me d'exploitation: Windows Server 2019, 2022 ou 2025 Standard ou Datacenter<\/li>\n<\/ul>","protected":false},"excerpt":{"rendered":"<p>Eine Client Access License (CAL) ist erforderlich, um legal auf die Funktionen und Ressourcen von Windows Server zuzugreifen. Es gibt zwei Arten von CALs: Benutzer-CALs und Ger\u00e4te-CALs, die jeweils f\u00fcr unterschiedliche gesch\u00e4ftliche Anforderungen geeignet sind. Die Wahl der richtigen Lizenz stellt sicher, dass Unternehmen sowohl die Lizenzbestimmungen einhalten als auch Kosten und Effizienz optimieren. Eine [&hellip;]<\/p>","protected":false},"featured_media":37008,"template":"","meta":{"_seopress_robots_primary_cat":"none","_seopress_titles_title":"Windows Server User CALs | SwissSoftware24","_seopress_titles_desc":"Windows Server CALs: Optimieren Sie Ihre Serverlizenzierung mit User CALs. Effizient und skalierbar f\u00fcr Ihr Unternehmen.","_seopress_robots_index":""},"product_brand":[],"product_cat":[78,89,90],"product_tag":[],"class_list":{"0":"post-14974","1":"product","2":"type-product","3":"status-publish","4":"has-post-thumbnail","6":"product_cat-server-software","7":"product_cat-windows-server","8":"product_cat-zugriffslizenzen-cals","10":"first","11":"onbackorder","12":"taxable","13":"shipping-taxable","14":"purchasable","15":"product-type-variable","16":"has-default-attributes"},"_links":{"self":[{"href":"https:\/\/swisssoftware24.ch\/fr\/wp-json\/wp\/v2\/product\/14974","targetHints":{"allow":["GET"]}}],"collection":[{"href":"https:\/\/swisssoftware24.ch\/fr\/wp-json\/wp\/v2\/product"}],"about":[{"href":"https:\/\/swisssoftware24.ch\/fr\/wp-json\/wp\/v2\/types\/product"}],"wp:featuredmedia":[{"embeddable":true,"href":"https:\/\/swisssoftware24.ch\/fr\/wp-json\/wp\/v2\/media\/37008"}],"wp:attachment":[{"href":"https:\/\/swisssoftware24.ch\/fr\/wp-json\/wp\/v2\/media?parent=14974"}],"wp:term":[{"taxonomy":"product_brand","embeddable":true,"href":"https:\/\/swisssoftware24.ch\/fr\/wp-json\/wp\/v2\/product_brand?post=14974"},{"taxonomy":"product_cat","embeddable":true,"href":"https:\/\/swisssoftware24.ch\/fr\/wp-json\/wp\/v2\/product_cat?post=14974"},{"taxonomy":"product_tag","embeddable":true,"href":"https:\/\/swisssoftware24.ch\/fr\/wp-json\/wp\/v2\/product_tag?post=14974"}],"curies":[{"name":"wp","href":"https:\/\/api.w.org\/{rel}","templated":true}]}}