{"id":14979,"date":"2023-03-05T23:16:20","date_gmt":"2023-03-05T22:16:20","guid":{"rendered":"https:\/\/swisssoftware24.ch\/?post_type=product&#038;p=14979"},"modified":"2025-11-29T23:56:54","modified_gmt":"2025-11-29T22:56:54","slug":"avg-pc-tuneup","status":"publish","type":"product","link":"https:\/\/swisssoftware24.ch\/fr\/products\/avg-pc-tuneup\/","title":{"rendered":"AVG PC TuneUp"},"content":{"rendered":"<div>\n<p>AVG PC TuneUp est un logiciel d'optimisation puissant qui am\u00e9liore les performances de votre PC et augmente la vitesse du syst\u00e8me. Il nettoie les fichiers inutiles, r\u00e9pare les erreurs de registre et supprime les processus en arri\u00e8re-plan qui ralentissent le syst\u00e8me. Gr\u00e2ce au mode veille, les programmes inutilis\u00e9s sont mis en pause pour \u00e9conomiser les ressources.<\/p>\n<p>Le logiciel offre \u00e9galement une maintenance automatique, qui supprime r\u00e9guli\u00e8rement les fichiers inutiles et v\u00e9rifie le syst\u00e8me pour d\u00e9tecter les erreurs. Avec des fonctionnalit\u00e9s telles que le nettoyage du disque dur, l'optimisation du navigateur et les mises \u00e0 jour logicielles, AVG PC TuneUp garantit un PC toujours rapide et efficace.<\/p>\n<p>De plus, le mode d'\u00e9conomie d'\u00e9nergie prolonge la dur\u00e9e de vie de la batterie des ordinateurs portables en r\u00e9duisant les processus inutiles. Gr\u00e2ce \u00e0 son interface simple et conviviale, l'outil convient aux d\u00e9butants comme aux utilisateurs exp\u00e9riment\u00e9s qui souhaitent optimiser les performances de leur syst\u00e8me.<\/p>\n<p><strong>Vous trouverez plus d'informations sur ce produit\u00a0<a href=\"https:\/\/swisssoftware24.ch\/fr\/avg-pc-tuneup-umfassendes-tool-zur-computeroptimierung\/\">ici<\/a>.<\/strong><\/p>\n<\/div>\n<div id=\"attributesNotes_facts\">\n<h3>AVG PC TuneUp \u2013 configuration requise<\/h3>\n<ul>\n<li>Windows: Windows 11, 10, 8, 7 et Windows XP<\/li>\n<li>Apple: macOS 10.10 (Mavericks) ou version ult\u00e9rieure<\/li>\n<li>Android: Android 5.0 (Lollipop, API 21) ou version ult\u00e9rieure<\/li>\n<li>iOS: iOS version 10.0 ou version ult\u00e9rieure<\/li>\n<\/ul>\n<\/div>","protected":false},"excerpt":{"rendered":"<p>AVG PC Tuneup est un programme con\u00e7u pour optimiser et acc\u00e9l\u00e9rer les ordinateurs sous Windows. Il offre de nombreuses fonctionnalit\u00e9s visant \u00e0 maintenir les performances de l'ordinateur.<\/p>","protected":false},"featured_media":25751,"template":"","meta":{"_seopress_robots_primary_cat":"none","_seopress_titles_title":"AVG PC TuneUp | Leistungsoptimierung | SwissSoftware24","_seopress_titles_desc":"AVG PC TuneUp: Optimieren Sie die Leistung Ihres PCs. Beschleunigen Sie Ihren Computer und verl\u00e4ngern Sie die Akkulaufzeit.","_seopress_robots_index":""},"product_brand":[],"product_cat":[113,83,99],"product_tag":[],"class_list":{"0":"post-14979","1":"product","2":"type-product","3":"status-publish","4":"has-post-thumbnail","6":"product_cat-avg","7":"product_cat-video-grafik-andere","8":"product_cat-pc-tuning","10":"first","11":"onbackorder","12":"sale","13":"taxable","14":"shipping-taxable","15":"purchasable","16":"product-type-variable"},"_links":{"self":[{"href":"https:\/\/swisssoftware24.ch\/fr\/wp-json\/wp\/v2\/product\/14979","targetHints":{"allow":["GET"]}}],"collection":[{"href":"https:\/\/swisssoftware24.ch\/fr\/wp-json\/wp\/v2\/product"}],"about":[{"href":"https:\/\/swisssoftware24.ch\/fr\/wp-json\/wp\/v2\/types\/product"}],"wp:featuredmedia":[{"embeddable":true,"href":"https:\/\/swisssoftware24.ch\/fr\/wp-json\/wp\/v2\/media\/25751"}],"wp:attachment":[{"href":"https:\/\/swisssoftware24.ch\/fr\/wp-json\/wp\/v2\/media?parent=14979"}],"wp:term":[{"taxonomy":"product_brand","embeddable":true,"href":"https:\/\/swisssoftware24.ch\/fr\/wp-json\/wp\/v2\/product_brand?post=14979"},{"taxonomy":"product_cat","embeddable":true,"href":"https:\/\/swisssoftware24.ch\/fr\/wp-json\/wp\/v2\/product_cat?post=14979"},{"taxonomy":"product_tag","embeddable":true,"href":"https:\/\/swisssoftware24.ch\/fr\/wp-json\/wp\/v2\/product_tag?post=14979"}],"curies":[{"name":"wp","href":"https:\/\/api.w.org\/{rel}","templated":true}]}}