{"id":14987,"date":"2023-03-05T23:39:07","date_gmt":"2023-03-05T22:39:07","guid":{"rendered":"https:\/\/swisssoftware24.ch\/?post_type=product&#038;p=14987"},"modified":"2026-04-10T13:22:13","modified_gmt":"2026-04-10T11:22:13","slug":"adobe-acrobat-standard-2020","status":"publish","type":"product","link":"https:\/\/swisssoftware24.ch\/fr\/products\/adobe-acrobat-standard-2020\/","title":{"rendered":"Adobe Acrobat Standard 2020"},"content":{"rendered":"<p>Adobe Acrobat Standard 2020 est une solution logicielle compl\u00e8te pour la cr\u00e9ation, la modification et la gestion de documents PDF. Cette version permet aux utilisateurs de cr\u00e9er des PDF de haute qualit\u00e9 \u00e0 partir de diff\u00e9rents formats de fichiers tels que Word, Excel, PowerPoint et HTML, tout en conservant la mise en page et la conception d'origine. Les fonctions d'\u00e9dition vous permettent de modifier du texte et des images directement dans le PDF, d'ajouter du nouveau contenu et de r\u00e9organiser les pages.<\/p>\n<p>Une caract\u00e9ristique remarquable est la fonction de commentaire, qui facilite la collaboration en permettant l'ajout d'annotations, de notes et de marquages. Pour la s\u00e9curit\u00e9 des informations sensibles, Adobe Acrobat Standard 2020 offre des mesures de protection compl\u00e8tes telles que le cryptage par mot de passe, les restrictions d'acc\u00e8s et les signatures num\u00e9riques. De plus, les PDF peuvent \u00eatre export\u00e9s vers des formats modifiables tels que Word, Excel et PowerPoint, ce qui simplifie le traitement ult\u00e9rieur du contenu.<\/p>\n<p>La technologie OCR (Reconnaissance optique de caract\u00e8res) int\u00e9gr\u00e9e convertit les documents et images num\u00e9ris\u00e9s en PDF consultables et modifiables, ce qui est particuli\u00e8rement utile pour la num\u00e9risation de documents papier. L'interface conviviale et l'int\u00e9gration transparente avec d'autres produits Adobe et applications Office font d'Adobe Acrobat Standard 2020 un outil indispensable pour une gestion efficace des PDF.<\/p>\n<p><strong>Vous trouverez plus d'informations sur ce produit\u00a0<a href=\"https:\/\/swisssoftware24.ch\/fr\/adobe-acrobat-standard-2020-die-umfassende-pdf-loesung-fuer-unternehmen-und-privatnutzer\/\">ici<\/a>.<\/strong><\/p>\n<h3>Adobe Acrobat Standard 2020 \u2013 configuration syst\u00e8me requise<\/h3>\n<ul>\n<li><strong>Syst\u00e8me d'exploitation\u00a0<\/strong>Windows Server 2012 (64 bits), 2012 R2 (64 bits)\u2020, 2016 (64 bits) ou 2019 (64 bits), Windows 8, 8.1 (32 bits et 64 bits)\u2020, Windows 10 ( 32 bits et 64 bits) ou Windows 11 (64 bits)<\/li>\n<li><strong>Processeur<\/strong>\u00a0Processeur Intel\u00ae ou AMD, 1,5 GHz ou plus rapide<\/li>\n<li><strong>M\u00e9moire vive<\/strong>\u00a02 Go de RAM<\/li>\n<li><strong>Espace disque<\/strong>\u00a04,5 Go d&#039;espace libre sur le disque dur<\/li>\n<\/ul>","protected":false},"excerpt":{"rendered":"<p class=\"translation-block\">Adobe Acrobat Standard 2020 est l'outil id\u00e9al pour tous ceux qui travaillent professionnellement avec des documents PDF. Il offre non seulement des fonctionnalit\u00e9s compl\u00e8tes d'\u00e9dition et de conversion, mais \u00e9galement des solutions modernes de gestion de fichiers et d'int\u00e9gration cloud. Avec ce logiciel, vous obtenez une licence permanente pour l'\u00e9dition de PDF, li\u00e9e \u00e0 un compte Microsoft, et compatible avec les syst\u00e8mes d'exploitation Windows.<\/p>\n<p>Langue : Anglais, Fran\u00e7ais, Allemand, Japonais, Italien, Espagnol, N\u00e9erlandais, Portugais (Br\u00e9sil), Su\u00e9dois, Danois, Finnois, Norv\u00e9gien, Chinois simplifi\u00e9, Chinois traditionnel, Cor\u00e9en, Tch\u00e8que, Polonais, Russe, Turc, Hongrois, Ukrainien, Slovaque, Slov\u00e8ne<\/p>\n<p>Lien de t\u00e9l\u00e9chargement + cl\u00e9 de produit (ESD) pour 1 PC<\/p>","protected":false},"featured_media":25673,"template":"","meta":{"_seopress_robots_primary_cat":"none","_seopress_titles_title":"Adobe Acrobat Standard 2020 | SwissSoftware24","_seopress_titles_desc":"Optimieren Sie Ihre PDF-Verwaltung mit Adobe Acrobat Standard 2020. Effektive Bearbeitung, Cloud-Integration und Sicherheitsfeatures f\u00fcr Windows.","_seopress_robots_index":""},"product_brand":[],"product_cat":[83,91,95],"product_tag":[],"class_list":{"0":"post-14987","1":"product","2":"type-product","3":"status-publish","4":"has-post-thumbnail","6":"product_cat-video-grafik-andere","7":"product_cat-adobe","8":"product_cat-buro-software","10":"first","11":"onbackorder","12":"virtual","13":"taxable","14":"purchasable","15":"product-type-simple"},"_links":{"self":[{"href":"https:\/\/swisssoftware24.ch\/fr\/wp-json\/wp\/v2\/product\/14987","targetHints":{"allow":["GET"]}}],"collection":[{"href":"https:\/\/swisssoftware24.ch\/fr\/wp-json\/wp\/v2\/product"}],"about":[{"href":"https:\/\/swisssoftware24.ch\/fr\/wp-json\/wp\/v2\/types\/product"}],"wp:featuredmedia":[{"embeddable":true,"href":"https:\/\/swisssoftware24.ch\/fr\/wp-json\/wp\/v2\/media\/25673"}],"wp:attachment":[{"href":"https:\/\/swisssoftware24.ch\/fr\/wp-json\/wp\/v2\/media?parent=14987"}],"wp:term":[{"taxonomy":"product_brand","embeddable":true,"href":"https:\/\/swisssoftware24.ch\/fr\/wp-json\/wp\/v2\/product_brand?post=14987"},{"taxonomy":"product_cat","embeddable":true,"href":"https:\/\/swisssoftware24.ch\/fr\/wp-json\/wp\/v2\/product_cat?post=14987"},{"taxonomy":"product_tag","embeddable":true,"href":"https:\/\/swisssoftware24.ch\/fr\/wp-json\/wp\/v2\/product_tag?post=14987"}],"curies":[{"name":"wp","href":"https:\/\/api.w.org\/{rel}","templated":true}]}}