{"id":14991,"date":"2023-03-06T00:14:57","date_gmt":"2023-03-05T23:14:57","guid":{"rendered":"https:\/\/swisssoftware24.ch\/?post_type=product&#038;p=14991"},"modified":"2025-11-29T23:56:54","modified_gmt":"2025-11-29T22:56:54","slug":"adobe-acrobat-pro-2020","status":"publish","type":"product","link":"https:\/\/swisssoftware24.ch\/fr\/products\/adobe-acrobat-pro-2020\/","title":{"rendered":"Adobe Acrobat Pro 2020"},"content":{"rendered":"<p data-start=\"76\" data-end=\"481\">Adobe Acrobat Pro 2020 permet de modifier les textes, les images et les pages dans les fichiers PDF sans avoir besoin du fichier original. Gr\u00e2ce \u00e0 des outils puissants, vous pouvez ajuster les polices, r\u00e9organiser les pages et optimiser le contenu. Le logiciel permet \u00e9galement de convertir les documents vers et depuis des formats tels que Word et Excel pour assurer une flexibilit\u00e9 maximale.<\/p>\n<p data-start=\"483\" data-end=\"863\">La collaboration sur les documents PDF est facilit\u00e9e par les fonctions de partage, de r\u00e9vision et de suivi des commentaires en temps r\u00e9el. Les outils d'annotation et de commentaires assurent une collaboration efficace et structur\u00e9e. Pour une protection suppl\u00e9mentaire, le logiciel offre une protection par mot de passe, un cryptage et des signatures num\u00e9riques pour garder les documents s\u00e9curis\u00e9s et authentiques.<\/p>\n<p data-start=\"865\" data-end=\"1223\" data-is-last-node=\"\" data-is-only-node=\"\">Adobe Acrobat Pro 2020 prend \u00e9galement en charge la cr\u00e9ation de PDF accessibles compatibles avec les technologies d'assistance. Cette fonctionnalit\u00e9 garantit une meilleure accessibilit\u00e9 pour tous les utilisateurs et augmente l'inclusivit\u00e9 des documents num\u00e9riques. Id\u00e9al pour les professionnels et les entreprises, c'est la solution parfaite pour tous ceux qui travaillent quotidiennement avec des PDF.<\/p>\n<p data-start=\"865\" data-end=\"1223\" data-is-last-node=\"\" data-is-only-node=\"\"><strong>Vous trouverez plus d'informations sur ce produit\u00a0<a href=\"https:\/\/swisssoftware24.ch\/fr\/adobe-acrobat-pro-2020-die-ultimative-loesung-fuer-professionelle-pdf-bearbeitung\/\">ici<\/a>.<\/strong><\/p>\n<h3>Adobe Acrobat Pro 2020 \u2013 configuration syst\u00e8me requise<\/h3>\n<p>Windows<\/p>\n<ul>\n<li><strong>Syst\u00e8me d'exploitation\u00a0<\/strong>Windows Server 2012 (64 bits), 2012 R2 (64 bits)\u2020, 2016 (64 bits) ou 2019 (64 bits), Windows 8, 8.1 (32 bits et 64 bits)\u2020, Windows 10 ( 32 bits et 64 bits) ou Windows 11 (64 bits)<\/li>\n<li><strong>Processeur<\/strong>\u00a0Processeur Intel\u00ae ou AMD, 1,5 GHz ou plus rapide<\/li>\n<li><strong>M\u00e9moire vive<\/strong>\u00a02 Go de RAM<\/li>\n<li><strong>Espace disque<\/strong>\u00a04,5 Go d&#039;espace libre sur le disque dur<\/li>\n<\/ul>","protected":false},"excerpt":{"rendered":"<div class=\"six--short-description\">\n<p>Adobe Acrobat Pro 2020 est une solution logicielle premium pour les professionnels qui travaillent intensivement avec des <strong>documents PDF<\/strong>.  L'acquisition de ce produit vous permet d'obtenir une licence permanente sous forme de cl\u00e9 \u00e9lectronique, qui vous permet d'utiliser des fonctions compl\u00e8tes d'\u00e9dition sur les syst\u00e8mes macOS et Windows. Ce logiciel multilingue offre l'acc\u00e8s \u00e0 plus de 20 langues : anglais, fran\u00e7ais, allemand, japonais, italien, espagnol, n\u00e9erlandais, portugais (Br\u00e9sil), su\u00e9dois, danois, finlandais, norv\u00e9gien, chinois simplifi\u00e9, chinois traditionnel, cor\u00e9en, tch\u00e8que, polonais, russe, turc, hongrois, ukrainien, slovaque, slov\u00e8ne.<\/p>\n<\/div>\n<p>Lien de t\u00e9l\u00e9chargement + cl\u00e9 de produit (ESD) pour 1 PC<\/p>","protected":false},"featured_media":25674,"template":"","meta":{"_seopress_robots_primary_cat":"none","_seopress_titles_title":"Adobe Acrobat Pro 2020 | PDF-Profis | SwissSoftware24","_seopress_titles_desc":"Erleichtern Sie Ihre Arbeit mit Adobe Acrobat Pro 2020. Professionelle Bearbeitung, Sicherheitsfeatures und barrierefreie Dokumentenerstellung f\u00fcr Windows und macOS.","_seopress_robots_index":""},"product_brand":[],"product_cat":[91,95,83],"product_tag":[],"class_list":{"0":"post-14991","1":"product","2":"type-product","3":"status-publish","4":"has-post-thumbnail","6":"product_cat-adobe","7":"product_cat-buro-software","8":"product_cat-video-grafik-andere","10":"first","11":"instock","12":"taxable","13":"shipping-taxable","14":"purchasable","15":"product-type-variable"},"_links":{"self":[{"href":"https:\/\/swisssoftware24.ch\/fr\/wp-json\/wp\/v2\/product\/14991","targetHints":{"allow":["GET"]}}],"collection":[{"href":"https:\/\/swisssoftware24.ch\/fr\/wp-json\/wp\/v2\/product"}],"about":[{"href":"https:\/\/swisssoftware24.ch\/fr\/wp-json\/wp\/v2\/types\/product"}],"wp:featuredmedia":[{"embeddable":true,"href":"https:\/\/swisssoftware24.ch\/fr\/wp-json\/wp\/v2\/media\/25674"}],"wp:attachment":[{"href":"https:\/\/swisssoftware24.ch\/fr\/wp-json\/wp\/v2\/media?parent=14991"}],"wp:term":[{"taxonomy":"product_brand","embeddable":true,"href":"https:\/\/swisssoftware24.ch\/fr\/wp-json\/wp\/v2\/product_brand?post=14991"},{"taxonomy":"product_cat","embeddable":true,"href":"https:\/\/swisssoftware24.ch\/fr\/wp-json\/wp\/v2\/product_cat?post=14991"},{"taxonomy":"product_tag","embeddable":true,"href":"https:\/\/swisssoftware24.ch\/fr\/wp-json\/wp\/v2\/product_tag?post=14991"}],"curies":[{"name":"wp","href":"https:\/\/api.w.org\/{rel}","templated":true}]}}