{"id":15092,"date":"2023-03-08T01:29:14","date_gmt":"2023-03-08T00:29:14","guid":{"rendered":"https:\/\/swisssoftware24.ch\/?post_type=product&#038;p=15092"},"modified":"2025-11-30T00:17:24","modified_gmt":"2025-11-29T23:17:24","slug":"microsoft-office-home-student-2016","status":"publish","type":"product","link":"https:\/\/swisssoftware24.ch\/fr\/products\/microsoft-office-home-student-2016\/","title":{"rendered":"Microsoft Office Home &amp; Student 2016"},"content":{"rendered":"<h1>Microsoft Office Home &amp; Student 2016<\/h1>\n<p><img loading=\"lazy\" decoding=\"async\" class=\"alignnone wp-image-15094 size-full\" src=\"https:\/\/swisssoftware24.ch\/wp-content\/uploads\/2023\/03\/office-home-and-student-2016.png\" alt=\"\" width=\"1800\" height=\"200\" srcset=\"https:\/\/swisssoftware24.ch\/wp-content\/uploads\/2023\/03\/office-home-and-student-2016.png 1800w, https:\/\/swisssoftware24.ch\/wp-content\/uploads\/2023\/03\/office-home-and-student-2016-600x67.png 600w, https:\/\/swisssoftware24.ch\/wp-content\/uploads\/2023\/03\/office-home-and-student-2016-64x7.png 64w, https:\/\/swisssoftware24.ch\/wp-content\/uploads\/2023\/03\/office-home-and-student-2016-300x33.png 300w, https:\/\/swisssoftware24.ch\/wp-content\/uploads\/2023\/03\/office-home-and-student-2016-1024x114.png 1024w, https:\/\/swisssoftware24.ch\/wp-content\/uploads\/2023\/03\/office-home-and-student-2016-768x85.png 768w, https:\/\/swisssoftware24.ch\/wp-content\/uploads\/2023\/03\/office-home-and-student-2016-1536x171.png 1536w\" sizes=\"auto, (max-width: 1800px) 100vw, 1800px\" \/><\/p>\n<p data-start=\"99\" data-end=\"454\">Microsoft Office Famille et \u00c9tudiant 2016 est une suite bureautique conviviale con\u00e7ue sp\u00e9cialement pour les \u00e9l\u00e8ves, les \u00e9tudiants et les utilisateurs \u00e0 domicile. Elle comprend les applications essentielles pour la cr\u00e9ation de documents, de feuilles de calcul, de pr\u00e9sentations et de notes, permettant ainsi d'accomplir efficacement les t\u00e2ches acad\u00e9miques et personnelles.<\/p>\n<p data-start=\"456\" data-end=\"828\" data-is-last-node=\"\" data-is-only-node=\"\">Avec des programmes tels que Word, Excel, PowerPoint et OneNote, cette \u00e9dition vous permet d'\u00e9crire et de modifier des textes, de g\u00e9rer des donn\u00e9es, de cr\u00e9er des pr\u00e9sentations professionnelles et d'organiser des notes. Sans fonctionnalit\u00e9s professionnelles suppl\u00e9mentaires, c'est une solution rentable et fiable pour un usage personnel et les \u00e9tudes.<\/p>\n<p data-start=\"456\" data-end=\"828\" data-is-last-node=\"\" data-is-only-node=\"\"><strong>Vous trouverez plus d'informations sur ce produit\u00a0<a href=\"https:\/\/swisssoftware24.ch\/fr\/microsoft-office-home-student-2016-die-bewaehrte-office-loesung-fuer-zuhause-und-studium\/\">ici<\/a>.<\/strong><\/p>\n<h3>Microsoft Office Home &amp; Student 2016 \u2013 configuration syst\u00e8me requise<\/h3>\n<ul>\n<li><strong>Syst\u00e8me d'exploitation<\/strong>\u00a0Depuis Windows 7 et Windows Serveur 2008<\/li>\n<li><strong>Processeur<\/strong>\u00a01 GHz ou plus rapide, processeur x86 ou x64 avec jeu d&#039;instructions SSE2<\/li>\n<li><strong>M\u00e9moire vive<\/strong>\u00a02 Go de RAM<\/li>\n<li><strong>Espace disque<\/strong>\u00a03 Go<\/li>\n<li><strong>Graphismes<\/strong>\u00a0DirectX 10 ou sup\u00e9rieur<\/li>\n<\/ul>","protected":false},"excerpt":{"rendered":"<p>Promotion !<\/p>\n<p>Microsoft Office Home &amp; Student 2016 est une collection des outils de bureau les plus populaires pour une utilisation quotidienne \u00e0 domicile.<\/p>\n<p>Lien de t\u00e9l\u00e9chargement + cl\u00e9 de produit (ESD) pour 1 PC<\/p>","protected":false},"featured_media":15093,"template":"","meta":{"_seopress_robots_primary_cat":"none","_seopress_titles_title":"Microsoft Office Home & Student 2016 | SwissSoftware24","_seopress_titles_desc":"Microsoft Office Home & Student 2016: Die ideale L\u00f6sung f\u00fcr Studenten und Heimanwender. Enth\u00e4lt Word, Excel und PowerPoint.","_seopress_robots_index":""},"product_brand":[],"product_cat":[71,72],"product_tag":[],"class_list":{"0":"post-15092","1":"product","2":"type-product","3":"status-publish","4":"has-post-thumbnail","6":"product_cat-office","7":"product_cat-office-2016","9":"first","10":"onbackorder","11":"sale","12":"taxable","13":"shipping-taxable","14":"purchasable","15":"product-type-simple"},"_links":{"self":[{"href":"https:\/\/swisssoftware24.ch\/fr\/wp-json\/wp\/v2\/product\/15092","targetHints":{"allow":["GET"]}}],"collection":[{"href":"https:\/\/swisssoftware24.ch\/fr\/wp-json\/wp\/v2\/product"}],"about":[{"href":"https:\/\/swisssoftware24.ch\/fr\/wp-json\/wp\/v2\/types\/product"}],"wp:featuredmedia":[{"embeddable":true,"href":"https:\/\/swisssoftware24.ch\/fr\/wp-json\/wp\/v2\/media\/15093"}],"wp:attachment":[{"href":"https:\/\/swisssoftware24.ch\/fr\/wp-json\/wp\/v2\/media?parent=15092"}],"wp:term":[{"taxonomy":"product_brand","embeddable":true,"href":"https:\/\/swisssoftware24.ch\/fr\/wp-json\/wp\/v2\/product_brand?post=15092"},{"taxonomy":"product_cat","embeddable":true,"href":"https:\/\/swisssoftware24.ch\/fr\/wp-json\/wp\/v2\/product_cat?post=15092"},{"taxonomy":"product_tag","embeddable":true,"href":"https:\/\/swisssoftware24.ch\/fr\/wp-json\/wp\/v2\/product_tag?post=15092"}],"curies":[{"name":"wp","href":"https:\/\/api.w.org\/{rel}","templated":true}]}}