{"id":15095,"date":"2023-03-08T01:48:38","date_gmt":"2023-03-08T00:48:38","guid":{"rendered":"https:\/\/swisssoftware24.ch\/?post_type=product&#038;p=15095"},"modified":"2025-11-29T23:56:54","modified_gmt":"2025-11-29T22:56:54","slug":"microsoft-office-home-business-2019","status":"publish","type":"product","link":"https:\/\/swisssoftware24.ch\/fr\/products\/microsoft-office-home-business-2019\/","title":{"rendered":"Microsoft Office Home &amp; Business 2019"},"content":{"rendered":"<p><img loading=\"lazy\" decoding=\"async\" class=\"alignnone wp-image-15097\" src=\"https:\/\/swisssoftware24.ch\/wp-content\/uploads\/2023\/03\/zu-hause-oder-im-buero-arbeiten.jpg\" alt=\"\" width=\"1200\" height=\"100\" srcset=\"https:\/\/swisssoftware24.ch\/wp-content\/uploads\/2023\/03\/zu-hause-oder-im-buero-arbeiten.jpg 1200w, https:\/\/swisssoftware24.ch\/wp-content\/uploads\/2023\/03\/zu-hause-oder-im-buero-arbeiten-600x50.jpg 600w, https:\/\/swisssoftware24.ch\/wp-content\/uploads\/2023\/03\/zu-hause-oder-im-buero-arbeiten-64x5.jpg 64w, https:\/\/swisssoftware24.ch\/wp-content\/uploads\/2023\/03\/zu-hause-oder-im-buero-arbeiten-300x25.jpg 300w, https:\/\/swisssoftware24.ch\/wp-content\/uploads\/2023\/03\/zu-hause-oder-im-buero-arbeiten-1024x85.jpg 1024w, https:\/\/swisssoftware24.ch\/wp-content\/uploads\/2023\/03\/zu-hause-oder-im-buero-arbeiten-768x64.jpg 768w\" sizes=\"auto, (max-width: 1200px) 100vw, 1200px\" \/><\/p>\n<div id=\"tab-1\" class=\"active tab-pane\">\n<div id=\"tab-1\" class=\"active tab-pane\">\n<p data-start=\"111\" data-end=\"449\">Microsoft Office Famille et Entreprise 2019 est une suite bureautique puissante con\u00e7ue sp\u00e9cifiquement pour les entreprises, les travailleurs ind\u00e9pendants et les utilisateurs professionnels. Avec une licence \u00e0 vie, elle offre un acc\u00e8s illimit\u00e9 \u00e0 Word, Excel, PowerPoint, Outlook et OneNote sans frais d'abonnement mensuels.<\/p>\n<p data-start=\"451\" data-end=\"926\">Gr\u00e2ce \u00e0 de nouvelles fonctionnalit\u00e9s et \u00e0 une interface utilisateur am\u00e9lior\u00e9e, Office 2019 permet une utilisation encore plus efficace et confortable. Celles-ci incluent le th\u00e8me sombre pour un travail respectueux des yeux, des formules et des graphiques Excel avanc\u00e9s pour une meilleure analyse des donn\u00e9es, ainsi que des outils pour la reconnaissance de texte, la traduction et le traitement de l'\u00e9criture manuscrite. De plus, l'int\u00e9gration cloud facilite la collaboration en permettant de modifier et de partager des documents en temps r\u00e9el.<\/p>\n<p data-start=\"928\" data-end=\"1307\" data-is-last-node=\"\" data-is-only-node=\"\">Avec des fonctionnalit\u00e9s innovantes telles que les graphiques vectoriels \u00e9volutifs, les objets 3D dans PowerPoint et des options d'accessibilit\u00e9 am\u00e9lior\u00e9es, Office 2019 contribue \u00e0 augmenter la productivit\u00e9 et \u00e0 am\u00e9liorer la collaboration. Que ce soit pour les rapports, les pr\u00e9sentations ou les analyses de feuilles de calcul, Microsoft Office Famille et Entreprise 2019 offre une solution professionnelle pour chaque secteur d'activit\u00e9.<\/p>\n<div id=\"tab-1\" class=\"active tab-pane\">\n<div id=\"tab-1\" class=\"active tab-pane\">\n<p><strong>Vous trouverez plus d'informations sur ce produit\u00a0<a href=\"https:\/\/swisssoftware24.ch\/fr\/microsoft-office-home-business-2019-die-optimale-loesung-fuer-unternehmen-und-selbststaendige\/\">ici<\/a>.<\/strong><\/p>\n<\/div>\n<\/div>\n<p><a href=\"https:\/\/www.microsoft.com\/en-us\/Useterms\/Retail\/Office\/2019HomeandBusiness\/Useterms_Retail_Office_2019HomeandBusiness_German.htm\" target=\"_blank\" rel=\"noopener\"><img loading=\"lazy\" decoding=\"async\" class=\"alignnone size-full wp-image-15099\" src=\"https:\/\/swisssoftware24.ch\/wp-content\/uploads\/2023\/03\/license_term.jpg\" alt=\"\" width=\"227\" height=\"40\" srcset=\"https:\/\/swisssoftware24.ch\/wp-content\/uploads\/2023\/03\/license_term.jpg 227w, https:\/\/swisssoftware24.ch\/wp-content\/uploads\/2023\/03\/license_term-64x11.jpg 64w\" sizes=\"auto, (max-width: 227px) 100vw, 227px\" \/><\/a><\/p>\n<h3>Microsoft Office Home &amp; Business 2019 \u2013 configuration syst\u00e8me requise<\/h3>\n<ul>\n<li><strong>Syst\u00e8me d'exploitation<\/strong> \u00c0 partir de Windows 10 \/ Mac - les trois derni\u00e8res versions de macOS<\/li>\n<li><strong>Processeur<\/strong>\u00a0 1,6 GHz ou plus rapide, double c\u0153ur<\/li>\n<li><strong>M\u00e9moire vive<\/strong>\u00a0 4 Go de RAM ; 2 Go de RAM (32 bits) \/ Mac \u00e0 partir de 4 Go de RAM<\/li>\n<li><strong>Espace disque<\/strong>\u00a0 4 Go<\/li>\n<li><strong>Graphismes<\/strong>\u00a0DirectX 9 ou sup\u00e9rieur avec WDDM 2.0<\/li>\n<\/ul>\n<p>&nbsp;<\/p>\n<\/div>\n<\/div>","protected":false},"excerpt":{"rendered":"<p><span style=\"font-weight: 400\">Microsoft Office Home &amp; Business 2019 est une collection des outils Office les plus populaires \u00e0 utiliser dans les entreprises. Qu'obtiendrez-vous en choisissant ce package ? Avant tout, du TEMPS gagn\u00e9 gr\u00e2ce \u00e0 l'optimisation des t\u00e2ches effectu\u00e9es ! Et en plus de cela...<\/span><\/p>\n<p>Lien de t\u00e9l\u00e9chargement + cl\u00e9 de produit (ESD) pour 1 PC ou Mac<\/p>\n<p><strong>Exp\u00e9dition par e-mail en 5 minutes !<\/strong><\/p>","protected":false},"featured_media":15096,"template":"","meta":{"_seopress_robots_primary_cat":"none","_seopress_titles_title":"Microsoft Office Home & Business 2019 | SwissSoftware24","_seopress_titles_desc":"Microsoft Office Home & Business 2019: Die perfekte L\u00f6sung f\u00fcr Heim- und B\u00fcroarbeit. Enth\u00e4lt Word, Excel, PowerPoint und Outlook.","_seopress_robots_index":""},"product_brand":[],"product_cat":[71,73,76],"product_tag":[],"class_list":{"0":"post-15095","1":"product","2":"type-product","3":"status-publish","4":"has-post-thumbnail","6":"product_cat-office","7":"product_cat-office-2019","8":"product_cat-office-fur-mac","10":"first","11":"onbackorder","12":"sale","13":"taxable","14":"shipping-taxable","15":"purchasable","16":"product-type-variable","17":"has-default-attributes"},"_links":{"self":[{"href":"https:\/\/swisssoftware24.ch\/fr\/wp-json\/wp\/v2\/product\/15095","targetHints":{"allow":["GET"]}}],"collection":[{"href":"https:\/\/swisssoftware24.ch\/fr\/wp-json\/wp\/v2\/product"}],"about":[{"href":"https:\/\/swisssoftware24.ch\/fr\/wp-json\/wp\/v2\/types\/product"}],"wp:featuredmedia":[{"embeddable":true,"href":"https:\/\/swisssoftware24.ch\/fr\/wp-json\/wp\/v2\/media\/15096"}],"wp:attachment":[{"href":"https:\/\/swisssoftware24.ch\/fr\/wp-json\/wp\/v2\/media?parent=15095"}],"wp:term":[{"taxonomy":"product_brand","embeddable":true,"href":"https:\/\/swisssoftware24.ch\/fr\/wp-json\/wp\/v2\/product_brand?post=15095"},{"taxonomy":"product_cat","embeddable":true,"href":"https:\/\/swisssoftware24.ch\/fr\/wp-json\/wp\/v2\/product_cat?post=15095"},{"taxonomy":"product_tag","embeddable":true,"href":"https:\/\/swisssoftware24.ch\/fr\/wp-json\/wp\/v2\/product_tag?post=15095"}],"curies":[{"name":"wp","href":"https:\/\/api.w.org\/{rel}","templated":true}]}}