{"id":15102,"date":"2023-03-08T02:04:54","date_gmt":"2023-03-08T01:04:54","guid":{"rendered":"https:\/\/swisssoftware24.ch\/?post_type=product&#038;p=15102"},"modified":"2025-11-29T23:56:54","modified_gmt":"2025-11-29T22:56:54","slug":"microsoft-office-professional-2019","status":"publish","type":"product","link":"https:\/\/swisssoftware24.ch\/fr\/products\/microsoft-office-professional-2019\/","title":{"rendered":"Microsoft Office Professional 2019"},"content":{"rendered":"<h1>Microsoft Office Professional 2019 &#8211; wichtigste Funktionen<\/h1>\n<ul>\n<li style=\"font-weight: 400\"><span style=\"font-weight: 400\">Lebenslange Lizenz erm\u00f6glicht die Verwendung von Word-Textverarbeitungsprogrammen und Excel-Tabellen, das Erstellen von Multimedia-Pr\u00e4sentationen in PowerPoint und das Erstellen von Notizen in OneNote*.<\/span><\/li>\n<li style=\"font-weight: 400\"><span style=\"font-weight: 400\">Lebenslanger Zugriff auf wichtige f\u00fcr Unternehmen Software wie den Outlook-E-Mail-Client, die Publisher-Marketing-Software und die Access-Datenbankverwaltungssoftware.<\/span><\/li>\n<li style=\"font-weight: 400\"><span style=\"font-weight: 400\">M\u00f6glichkeit zum Kauf f\u00fcr einen fremdsprachigen Benutzer, dank der M\u00f6glichkeit, die Standardsprache selbst festzulegen.<\/span><\/li>\n<li style=\"font-weight: 400\"><span style=\"font-weight: 400\">Option zum Anwenden des schwarzen Motivs f\u00fcr die Augenpflege.<\/span><\/li>\n<li style=\"font-weight: 400\"><span style=\"font-weight: 400\">Erleichterte Verwaltung des Informations- und Dokumentenflusses im Unternehmen.<\/span><\/li>\n<li style=\"font-weight: 400\"><span style=\"font-weight: 400\">Zugriff auf eine vollst\u00e4ndige Palette von Grafikvorlagen, Schriftarten und Symbolen innerhalb der Programme.<\/span><\/li>\n<\/ul>\n<p><span style=\"font-weight: 400\">*OneNote &#8211; eine st\u00e4ndig aktualisierte Online-Notiz Anwendung, die nach der Installation zum Herunterladen zur Verf\u00fcgung steht.<\/span><\/p>\n<h2>Microsoft Office Professional 2019 &#8211; ausf\u00fchrliche Produktbeschreibung<\/h2>\n<p><span style=\"font-weight: 400\">Ist eine Office-Lizenz ein Muss? Nein, aber warum riskieren? Wahrscheinlich f\u00e4llt es jedem von uns schwer, an den Arbeitsalltag ohne die M\u00f6glichkeit zur Nutzung von Textverarbeitungsprogrammen zu denken, oder solche, in denen die Erstellung von Berichten, Diagrammen und komplexen Analysen viel einfacher wird. Au\u00dferdem Kontakt zu anderen Mitarbeitern und Auftragnehmern per E-Mail &#8230; Nat\u00fcrlich gibt es Programme, die unter freien Lizenzen laufen, aber die meisten sind f\u00fcr Privatanwender gedacht. Eine kommerzielle Nutzung ist in der Regel untersagt.<\/span><\/p>\n<p><span style=\"font-weight: 400\">Aus diesem Grund muss sich ein Unternehmen, das B\u00fcrosoftware v\u00f6llig legal nutzen m\u00f6chte, f\u00fcr den Kauf einer offiziellen Lizenz entscheiden. Das Office-Paket ist die am weitesten verbreitete Sammlung von Software, mit der praktisch jeder Computerbenutzer vertraut ist. Jede nachfolgende Version bringt neue Funktionen und oft eine feine, visuelle Auffrischung. Diesmal war es nicht anders, denn die Schnittstelle gewann deutlich an Transparenz. Au\u00dferdem ist ein schwarzes Motiv erschienen, mit dem man die Augen etwas mehr pflegen kann.<\/span><\/p>\n<p><span style=\"font-weight: 400\">Neu sind unter anderem Tools zum \u00dcbersetzen und Bearbeiten von Texten oder die Handschriftfunktion. Es erm\u00f6glicht, Text zu speichern oder zu unterstreichen und verschiedene Muster mit dem Finger, Stift oder der Maus einzugeben. Um die Erstellung von Dokumenten in Fremdsprachen zu erleichtern, wurde auch ein integrierter Microsoft Translator-Texteditor erstellt. Es ist ein W\u00f6rterbuch, das W\u00f6rter in der vom Benutzer ausgew\u00e4hlten Sprache vorschl\u00e4gt.<\/span><\/p>\n<p><span style=\"font-weight: 400\">Die Optimierung der Arbeitszeit wird auch durch&#8230; die Internetverbindung beeinflusst! Warum? Denn in Office Professional 2019 ist es m\u00f6glich, alle Dokumente und Dateien in Echtzeit zu teilen und zu bearbeiten. Dadurch ist die gemeinsame Vorbereitung von Projekten, die Abgabe von Stellungnahmen und deren Korrektur viel einfacher. Die Arbeit an Dokumenten wird auch durch die intelligente Suchfunktion erleichtert, mit der man die gew\u00fcnschten Informationen im Internet suchen kann, ohne zwischen Programmen wechseln zu m\u00fcssen.<\/span><\/p>\n<p><span style=\"font-weight: 400\">Eine zus\u00e4tzliche Verbesserung sind auch akustische Hinweise, die Fehler signalisieren. Sie schlagen vor, bestimmte \u00c4nderungen am Inhalt vorzunehmen. Nat\u00fcrlich beschr\u00e4nken sich Verbesserungen und \u00c4nderungen nicht auf Texte. Skalierbare Vektoren, bewegte Grafiken oder die extrem einfache Erstellung von Animationen, die die Empf\u00e4nger begeistern, sind nur einige der Funktionen, die im Office 2019 eingef\u00fchrt wurden. Neue Funktionen sind auch in Excel erschienen, zu denen Unterst\u00fctzung f\u00fcr LaTex-Gleichungen hinzugef\u00fcgt wurde, was verschiedene Arten von Berechnungen erleichtert. Au\u00dferdem wurden dem Programm 6 neue Arten von Diagrammen hinzugef\u00fcgt, mit denen man Datenvisualisierungen auf einer ganz neuen Ebene erstellen kann. Mit der zus\u00e4tzlichen Timeline-Option kann man Daten im richtigen Zeitrahmen pr\u00e4sentieren.<\/span><\/p>\n<p><span style=\"font-weight: 400\">Microsoft vergisst auch die Inklusivit\u00e4t nicht. Mit der Barrierefreiheitspr\u00fcfung kann man Dateien auf Lesbarkeit f\u00fcr Menschen mit Behinderungen \u00fcberpr\u00fcfen. Ein solches Paket wie Office Professional 2019 wird in vielen Unternehmen funktionieren!<\/span><\/p>\n<p><a href=\"https:\/\/www.microsoft.com\/en-us\/Useterms\/Retail\/Office\/2019Professional\/Useterms_Retail_Office_2019Professional_German.htm\"><img loading=\"lazy\" decoding=\"async\" class=\"alignnone size-full wp-image-15099\" src=\"https:\/\/swisssoftware24.ch\/wp-content\/uploads\/2023\/03\/license_term.jpg\" alt=\"\" width=\"227\" height=\"40\" srcset=\"https:\/\/swisssoftware24.ch\/wp-content\/uploads\/2023\/03\/license_term.jpg 227w, https:\/\/swisssoftware24.ch\/wp-content\/uploads\/2023\/03\/license_term-64x11.jpg 64w\" sizes=\"auto, (max-width: 227px) 100vw, 227px\" \/><\/a><\/p>\n<h3>Microsoft Office Professional 2019 &#8211; anforderungen<\/h3>\n<ul>\n<li><strong>Syst\u00e8me d'exploitation<\/strong>\u00a0Ab Windows 10 \/ Ab Mac OS Sierra<\/li>\n<li><strong>Processeur<\/strong>\u00a01,6 GHz ou plus rapide, double c\u0153ur<\/li>\n<li><strong>M\u00e9moire vive<\/strong>\u00a04 Go de RAM; 2 Go de RAM (32 bits)<\/li>\n<li><strong>Espace disque<\/strong>\u00a04 GB \/ Mac 10 GB<\/li>\n<li><strong>Graphismes<\/strong>\u00a0DirectX 9 ou sup\u00e9rieur avec WDDM 2.0<\/li>\n<\/ul>","protected":false},"excerpt":{"rendered":"<p><span style=\"font-weight: 400\">Microsoft Office Professional 2019 ist die umfangreichste Sammlung von Office-Programmen f\u00fcr den Unternehmenseinsatz. Warum lohnt es sich, dieses Paket zu w\u00e4hlen? Wenn man sich daf\u00fcr entscheidet, spart man viel Zeit, da jede im Microsoft-Programm verf\u00fcgbare Funktion erstellt wurde, um die Arbeit zu verbessern. Und au\u00dferdem&#8230;<\/span><\/p>\n<p>Lien de t\u00e9l\u00e9chargement + cl\u00e9 de produit (ESD) pour 1 PC<\/p>","protected":false},"featured_media":15103,"template":"","meta":{"_seopress_robots_primary_cat":"none","_seopress_titles_title":"Microsoft Office Professional 2019 | SwissSoftware24","_seopress_titles_desc":"Microsoft Office Professional 2019: Alle wichtigen Tools f\u00fcr Ihre B\u00fcroarbeit. Mit den neuesten Versionen von Word, Excel und PowerPoint.","_seopress_robots_index":""},"product_brand":[],"product_cat":[71,73],"product_tag":[],"class_list":{"0":"post-15102","1":"product","2":"type-product","3":"status-publish","4":"has-post-thumbnail","6":"product_cat-office","7":"product_cat-office-2019","9":"first","10":"outofstock","11":"sale","12":"taxable","13":"shipping-taxable","14":"purchasable","15":"product-type-simple"},"_links":{"self":[{"href":"https:\/\/swisssoftware24.ch\/fr\/wp-json\/wp\/v2\/product\/15102","targetHints":{"allow":["GET"]}}],"collection":[{"href":"https:\/\/swisssoftware24.ch\/fr\/wp-json\/wp\/v2\/product"}],"about":[{"href":"https:\/\/swisssoftware24.ch\/fr\/wp-json\/wp\/v2\/types\/product"}],"wp:featuredmedia":[{"embeddable":true,"href":"https:\/\/swisssoftware24.ch\/fr\/wp-json\/wp\/v2\/media\/15103"}],"wp:attachment":[{"href":"https:\/\/swisssoftware24.ch\/fr\/wp-json\/wp\/v2\/media?parent=15102"}],"wp:term":[{"taxonomy":"product_brand","embeddable":true,"href":"https:\/\/swisssoftware24.ch\/fr\/wp-json\/wp\/v2\/product_brand?post=15102"},{"taxonomy":"product_cat","embeddable":true,"href":"https:\/\/swisssoftware24.ch\/fr\/wp-json\/wp\/v2\/product_cat?post=15102"},{"taxonomy":"product_tag","embeddable":true,"href":"https:\/\/swisssoftware24.ch\/fr\/wp-json\/wp\/v2\/product_tag?post=15102"}],"curies":[{"name":"wp","href":"https:\/\/api.w.org\/{rel}","templated":true}]}}