{"id":15104,"date":"2023-03-08T02:15:03","date_gmt":"2023-03-08T01:15:03","guid":{"rendered":"https:\/\/swisssoftware24.ch\/?post_type=product&#038;p=15104"},"modified":"2025-11-30T00:17:24","modified_gmt":"2025-11-29T23:17:24","slug":"microsoft-office-professional-plus-2019","status":"publish","type":"product","link":"https:\/\/swisssoftware24.ch\/fr\/products\/microsoft-office-professional-plus-2019\/","title":{"rendered":"Microsoft Office Professionnel Plus 2019"},"content":{"rendered":"<p><img loading=\"lazy\" decoding=\"async\" class=\"alignnone wp-image-15106 size-full\" src=\"https:\/\/swisssoftware24.ch\/wp-content\/uploads\/2023\/03\/office-professional-plus-2019.jpg\" alt=\"\" width=\"1800\" height=\"200\" srcset=\"https:\/\/swisssoftware24.ch\/wp-content\/uploads\/2023\/03\/office-professional-plus-2019.jpg 1800w, https:\/\/swisssoftware24.ch\/wp-content\/uploads\/2023\/03\/office-professional-plus-2019-600x67.jpg 600w, https:\/\/swisssoftware24.ch\/wp-content\/uploads\/2023\/03\/office-professional-plus-2019-64x7.jpg 64w, https:\/\/swisssoftware24.ch\/wp-content\/uploads\/2023\/03\/office-professional-plus-2019-300x33.jpg 300w, https:\/\/swisssoftware24.ch\/wp-content\/uploads\/2023\/03\/office-professional-plus-2019-1024x114.jpg 1024w, https:\/\/swisssoftware24.ch\/wp-content\/uploads\/2023\/03\/office-professional-plus-2019-768x85.jpg 768w, https:\/\/swisssoftware24.ch\/wp-content\/uploads\/2023\/03\/office-professional-plus-2019-1536x171.jpg 1536w\" sizes=\"auto, (max-width: 1800px) 100vw, 1800px\" \/><\/p>\n<p data-start=\"94\" data-end=\"425\">Microsoft Office Professionnel Plus 2019 offre une licence perp\u00e9tuelle avec des programmes puissants tels que Word, Excel, PowerPoint, Outlook, Publisher, Access, OneNote et Skype. Gr\u00e2ce \u00e0 la licence en volume, le logiciel peut \u00eatre utilis\u00e9 sur plusieurs appareils, ce qui en fait le choix parfait pour les entreprises.<\/p>\n<p data-start=\"427\" data-end=\"932\">Les nouvelles fonctionnalit\u00e9s telles que la reconnaissance de l'\u00e9criture manuscrite, les outils de traduction int\u00e9gr\u00e9s et la collaboration en temps r\u00e9el am\u00e9lior\u00e9e augmentent la productivit\u00e9. Excel prend d\u00e9sormais en charge les \u00e9quations LaTeX et les nouveaux types de graphiques, tandis que PowerPoint permet des pr\u00e9sentations encore plus attrayantes avec des graphiques anim\u00e9s et des vecteurs \u00e9volutifs. Access facilite le d\u00e9veloppement d'applications m\u00e9tiers personnalis\u00e9es et Publisher aide \u00e0 cr\u00e9er des supports marketing professionnels.<\/p>\n<p data-start=\"934\" data-end=\"1109\" data-is-last-node=\"\" data-is-only-node=\"\">Avec des fonctionnalit\u00e9s d'accessibilit\u00e9 pour des documents inclusifs et sans frais d'abonnement, Office Professionnel Plus 2019 est la solution optimale pour les entreprises de toutes tailles.<\/p>\n<p data-start=\"934\" data-end=\"1109\" data-is-last-node=\"\" data-is-only-node=\"\"><strong>Vous trouverez plus d'informations sur ce produit\u00a0<a href=\"https:\/\/swisssoftware24.ch\/fr\/microsoft-office-professional-plus-2019-die-umfassende-office-loesung-fuer-unternehmen\/\">ici<\/a>.<\/strong><\/p>\n<p><a href=\"https:\/\/www.microsoft.com\/en-us\/Useterms\/Retail\/Office\/2019Professional\/Useterms_Retail_Office_2019Professional_German.htm\"><img loading=\"lazy\" decoding=\"async\" class=\"alignnone size-full wp-image-15099\" src=\"https:\/\/swisssoftware24.ch\/wp-content\/uploads\/2023\/03\/license_term.jpg\" alt=\"\" width=\"227\" height=\"40\" srcset=\"https:\/\/swisssoftware24.ch\/wp-content\/uploads\/2023\/03\/license_term.jpg 227w, https:\/\/swisssoftware24.ch\/wp-content\/uploads\/2023\/03\/license_term-64x11.jpg 64w\" sizes=\"auto, (max-width: 227px) 100vw, 227px\" \/><\/a><\/p>\n<h3>Microsoft Office Professional Plus 2019 \u2013 configuration syst\u00e8me requise<\/h3>\n<ul>\n<li><strong>Syst\u00e8me d'exploitation<\/strong>\u00a0 \u00c0 partir de Windows 10<\/li>\n<li><strong>Processeur<\/strong>\u00a0 1,6 GHz ou plus rapide, double c\u0153ur<\/li>\n<li><strong>M\u00e9moire vive<\/strong>\u00a0 4 Go de RAM; 2 Go de RAM (32 bits)<\/li>\n<li><strong>Espace disque<\/strong>\u00a0 4 Go<\/li>\n<li><strong>Graphismes<\/strong>\u00a0 DirectX 9 ou sup\u00e9rieur avec WDDM 2.0<\/li>\n<\/ul>","protected":false},"excerpt":{"rendered":"<p><span style=\"font-weight: 400\">Microsoft Office Professional Plus 2019 est une suite compl\u00e8te de productivit\u00e9 offrant une large gamme d'applications et de fonctionnalit\u00e9s pour les entreprises et les organisations \u00e0 la recherche d'outils avanc\u00e9s pour am\u00e9liorer leur productivit\u00e9, leur communication et leur collaboration.<\/span><\/p>\n<p>Lien de t\u00e9l\u00e9chargement + cl\u00e9 de produit (ESD) pour 1 PC<\/p>","protected":false},"featured_media":15105,"template":"","meta":{"_seopress_robots_primary_cat":"none","_seopress_titles_title":"Microsoft Office Professional Plus 2019 | SwissSoftware24","_seopress_titles_desc":"Microsoft Office Professional Plus 2019: Effiziente B\u00fcroarbeit mit Word, Excel, PowerPoint und mehr. Ideal f\u00fcr professionelle Nutzer.","_seopress_robots_index":""},"product_brand":[],"product_cat":[71,73],"product_tag":[],"class_list":{"0":"post-15104","1":"product","2":"type-product","3":"status-publish","4":"has-post-thumbnail","6":"product_cat-office","7":"product_cat-office-2019","9":"first","10":"onbackorder","11":"sale","12":"taxable","13":"shipping-taxable","14":"purchasable","15":"product-type-simple"},"_links":{"self":[{"href":"https:\/\/swisssoftware24.ch\/fr\/wp-json\/wp\/v2\/product\/15104","targetHints":{"allow":["GET"]}}],"collection":[{"href":"https:\/\/swisssoftware24.ch\/fr\/wp-json\/wp\/v2\/product"}],"about":[{"href":"https:\/\/swisssoftware24.ch\/fr\/wp-json\/wp\/v2\/types\/product"}],"wp:featuredmedia":[{"embeddable":true,"href":"https:\/\/swisssoftware24.ch\/fr\/wp-json\/wp\/v2\/media\/15105"}],"wp:attachment":[{"href":"https:\/\/swisssoftware24.ch\/fr\/wp-json\/wp\/v2\/media?parent=15104"}],"wp:term":[{"taxonomy":"product_brand","embeddable":true,"href":"https:\/\/swisssoftware24.ch\/fr\/wp-json\/wp\/v2\/product_brand?post=15104"},{"taxonomy":"product_cat","embeddable":true,"href":"https:\/\/swisssoftware24.ch\/fr\/wp-json\/wp\/v2\/product_cat?post=15104"},{"taxonomy":"product_tag","embeddable":true,"href":"https:\/\/swisssoftware24.ch\/fr\/wp-json\/wp\/v2\/product_tag?post=15104"}],"curies":[{"name":"wp","href":"https:\/\/api.w.org\/{rel}","templated":true}]}}