{"id":15109,"date":"2023-03-08T02:32:43","date_gmt":"2023-03-08T01:32:43","guid":{"rendered":"https:\/\/swisssoftware24.ch\/?post_type=product&#038;p=15109"},"modified":"2025-11-30T00:17:25","modified_gmt":"2025-11-29T23:17:25","slug":"microsoft-powerpoint-2019","status":"publish","type":"product","link":"https:\/\/swisssoftware24.ch\/fr\/products\/microsoft-powerpoint-2019\/","title":{"rendered":"Microsoft Powerpoint 2019"},"content":{"rendered":"<p class=\"\" data-start=\"0\" data-end=\"505\">Microsoft PowerPoint 2019 est un logiciel de pr\u00e9sentation puissant et une composante de la suite Microsoft Office. Cette version offre de nombreux outils pour cr\u00e9er des pr\u00e9sentations professionnelles et attrayantes, y compris des options de conception et de mise en page \u00e9tendues, ainsi que des transitions et des animations dynamiques. Gr\u00e2ce \u00e0 l'int\u00e9gration transparente de contenus multim\u00e9dias tels que des images, des vid\u00e9os et des fichiers audio, PowerPoint 2019 convient aussi bien aux entreprises, aux \u00e9tablissements d'enseignement qu'aux utilisateurs priv\u00e9s.<\/p>\n<p class=\"\" data-start=\"507\" data-end=\"996\">Il convient de souligner en particulier la prise en charge des mod\u00e8les 3D et des fonctions d'animation avanc\u00e9es, qui rendent les pr\u00e9sentations plus interactives et visuellement attrayantes. Le logiciel permet \u00e9galement une collaboration simple, en permettant de partager et de modifier les pr\u00e9sentations via OneDrive ou SharePoint. De plus, PowerPoint 2019 est int\u00e9gr\u00e9 de mani\u00e8re optimale avec d'autres applications Microsoft Office, ce qui facilite l'int\u00e9gration de tableaux et de graphiques provenant de Word ou d'Excel.<\/p>\n<p class=\"\" data-start=\"998\" data-end=\"1326\">Gr\u00e2ce \u00e0 la prise en charge des appareils mobiles et des fonctions cloud, les utilisateurs peuvent modifier leurs pr\u00e9sentations \u00e0 tout moment et en tout lieu. La combinaison de la diversit\u00e9 de conception, de l'int\u00e9gration multim\u00e9dia flexible et des options de collaboration pratiques fait de PowerPoint 2019 un choix id\u00e9al pour les pr\u00e9sentations professionnelles et cr\u00e9atives.<\/p>\n<p data-start=\"998\" data-end=\"1326\"><strong>Vous trouverez plus d'informations sur ce produit\u00a0<a href=\"https:\/\/swisssoftware24.ch\/fr\/microsoft-powerpoint-2019-praesentationen-die-im-gedaechtnis-bleiben\/\">ici<\/a>.<\/strong><\/p>\n<h3>Microsoft PowerPoint 2019 \u2013 configuration syst\u00e8me requise<\/h3>\n<ul>\n<li><strong>syst\u00e8me<\/strong>10, Windows Server 2019 ESSENTIAL! Windows 7 und fr\u00fchere Versionen werden nicht mehr unterst\u00fctzt<\/li>\n<li><strong>processeur<\/strong>\u00a0\u00a0x86 \/ x64 avec au moins 1 GHz et le jeu d&#039;instructions SSE2<\/li>\n<li><strong>RAM.<\/strong>\u00a0 1 GB RAM f\u00fcr 32-Bit; 2 GB RAM f\u00fcr die 64-Bit-Version<\/li>\n<li><strong>disque dur<\/strong>\u00a0 3 Go<\/li>\n<\/ul>","protected":false},"excerpt":{"rendered":"<p>Lien de t\u00e9l\u00e9chargement + cl\u00e9 de produit (ESD) pour 1 PC<\/p>","protected":false},"featured_media":15110,"template":"","meta":{"_seopress_robots_primary_cat":"none","_seopress_titles_title":"Microsoft PowerPoint 2019 | SwissSoftware24","_seopress_titles_desc":"Microsoft PowerPoint 2019: Erstellen Sie beeindruckende Pr\u00e4sentationen mit leistungsstarken Funktionen und Design-Tools.","_seopress_robots_index":""},"product_brand":[],"product_cat":[96,71,73],"product_tag":[],"class_list":{"0":"post-15109","1":"product","2":"type-product","3":"status-publish","4":"has-post-thumbnail","6":"product_cat-einzelne-office-programme","7":"product_cat-office","8":"product_cat-office-2019","10":"first","11":"onbackorder","12":"virtual","13":"taxable","14":"purchasable","15":"product-type-simple"},"_links":{"self":[{"href":"https:\/\/swisssoftware24.ch\/fr\/wp-json\/wp\/v2\/product\/15109","targetHints":{"allow":["GET"]}}],"collection":[{"href":"https:\/\/swisssoftware24.ch\/fr\/wp-json\/wp\/v2\/product"}],"about":[{"href":"https:\/\/swisssoftware24.ch\/fr\/wp-json\/wp\/v2\/types\/product"}],"wp:featuredmedia":[{"embeddable":true,"href":"https:\/\/swisssoftware24.ch\/fr\/wp-json\/wp\/v2\/media\/15110"}],"wp:attachment":[{"href":"https:\/\/swisssoftware24.ch\/fr\/wp-json\/wp\/v2\/media?parent=15109"}],"wp:term":[{"taxonomy":"product_brand","embeddable":true,"href":"https:\/\/swisssoftware24.ch\/fr\/wp-json\/wp\/v2\/product_brand?post=15109"},{"taxonomy":"product_cat","embeddable":true,"href":"https:\/\/swisssoftware24.ch\/fr\/wp-json\/wp\/v2\/product_cat?post=15109"},{"taxonomy":"product_tag","embeddable":true,"href":"https:\/\/swisssoftware24.ch\/fr\/wp-json\/wp\/v2\/product_tag?post=15109"}],"curies":[{"name":"wp","href":"https:\/\/api.w.org\/{rel}","templated":true}]}}