{"id":15111,"date":"2023-03-08T02:43:57","date_gmt":"2023-03-08T01:43:57","guid":{"rendered":"https:\/\/swisssoftware24.ch\/?post_type=product&#038;p=15111"},"modified":"2025-11-30T00:17:25","modified_gmt":"2025-11-29T23:17:25","slug":"microsoft-office-professional-2021","status":"publish","type":"product","link":"https:\/\/swisssoftware24.ch\/fr\/products\/microsoft-office-professional-2021\/","title":{"rendered":"Microsoft Office Professional 2021  Multilingual, 1 PC\/Mac ESD"},"content":{"rendered":"<p><img loading=\"lazy\" decoding=\"async\" class=\"alignnone wp-image-15113 size-full\" src=\"https:\/\/swisssoftware24.ch\/wp-content\/uploads\/2023\/03\/office-21.jpeg\" alt=\"\" width=\"2000\" height=\"300\" srcset=\"https:\/\/swisssoftware24.ch\/wp-content\/uploads\/2023\/03\/office-21.jpeg 2000w, https:\/\/swisssoftware24.ch\/wp-content\/uploads\/2023\/03\/office-21-600x90.jpeg 600w, https:\/\/swisssoftware24.ch\/wp-content\/uploads\/2023\/03\/office-21-64x10.jpeg 64w, https:\/\/swisssoftware24.ch\/wp-content\/uploads\/2023\/03\/office-21-300x45.jpeg 300w, https:\/\/swisssoftware24.ch\/wp-content\/uploads\/2023\/03\/office-21-1024x154.jpeg 1024w, https:\/\/swisssoftware24.ch\/wp-content\/uploads\/2023\/03\/office-21-768x115.jpeg 768w, https:\/\/swisssoftware24.ch\/wp-content\/uploads\/2023\/03\/office-21-1536x230.jpeg 1536w\" sizes=\"auto, (max-width: 2000px) 100vw, 2000px\" \/><\/p>\n<div class=\"container pb-60\">\n<div class=\"row\">\n<div class=\"col-md-12\">\n<div class=\"tab-content\">\n<div id=\"description\" class=\"tab-pane active\" role=\"tabpanel\">\n<div class=\"wrapper-desc\">\n<p class=\"\" data-start=\"0\" data-end=\"556\">Microsoft Office Professional 2021 est une suite bureautique compl\u00e8te qui offre une licence \u00e0 vie pour des programmes tels que Word, Excel, PowerPoint, Outlook, Publisher et Access. Cette nouvelle version apporte de nombreuses am\u00e9liorations, notamment une interface utilisateur repens\u00e9e, un mode sombre agr\u00e9able pour les yeux, ainsi que des fonctions optimis\u00e9es pour la cr\u00e9ation et la gestion de documents. Gr\u00e2ce \u00e0 l'int\u00e9gration avec les services cloud et \u00e0 la possibilit\u00e9 de partager et de modifier des fichiers en temps r\u00e9el, elle facilite consid\u00e9rablement la collaboration au sein des entreprises.<\/p>\n<p class=\"\" data-start=\"558\" data-end=\"1086\">Les innovations marquantes comprennent les fonctions \u00e9tendues de PowerPoint pour l'enregistrement de pr\u00e9sentations, de nouveaux mod\u00e8les de conception et des contenus cr\u00e9atifs pour des diaporamas attrayants. Excel b\u00e9n\u00e9ficie de la prise en charge des tableaux dynamiques et de fonctions de recherche am\u00e9lior\u00e9es, tandis que Word re\u00e7oit des outils suppl\u00e9mentaires pour les notes manuscrites et l'\u00e9dition de texte. Publisher permet la conception professionnelle de supports marketing et Access facilite le d\u00e9veloppement d'applications commerciales bas\u00e9es sur des bases de donn\u00e9es.<\/p>\n<p class=\"\" data-start=\"1088\" data-end=\"1539\">Le logiciel offre \u00e9galement des fonctions d'accessibilit\u00e9 avanc\u00e9es, des outils de recherche intelligents et des signaux acoustiques pour la correction des erreurs. Avec la possibilit\u00e9 d'enregistrer des fichiers au format ODF 1.3, Office Professional 2021 reste compatible avec d'autres programmes. Cela en fait une solution id\u00e9ale pour les entreprises, les \u00e9tablissements d'enseignement et les utilisateurs professionnels qui appr\u00e9cient l'efficacit\u00e9, la cr\u00e9ativit\u00e9 et une collaboration fluide.<\/p>\n<p data-start=\"1088\" data-end=\"1539\"><strong>Vous trouverez plus d'informations sur ce produit\u00a0<a href=\"https:\/\/swisssoftware24.ch\/fr\/microsoft-office-professional-2021-die-ultimative-buerosoftware-fuer-produktivitaet-und-effizienz\/\">ici<\/a>.<\/strong><\/p>\n<\/div>\n<\/div>\n<\/div>\n<\/div>\n<\/div>\n<\/div>\n<div class=\"modals\"><a href=\"https:\/\/www.microsoft.com\/en-us\/Useterms\/Retail\/Office\/OfficeProfessional2021\/Useterms_Retail_Office_OfficeProfessional2021_GermancountriesotherthanGermany.htm\"><img loading=\"lazy\" decoding=\"async\" class=\"alignnone size-full wp-image-15099\" src=\"https:\/\/swisssoftware24.ch\/wp-content\/uploads\/2023\/03\/license_term.jpg\" alt=\"\" width=\"227\" height=\"40\" srcset=\"https:\/\/swisssoftware24.ch\/wp-content\/uploads\/2023\/03\/license_term.jpg 227w, https:\/\/swisssoftware24.ch\/wp-content\/uploads\/2023\/03\/license_term-64x11.jpg 64w\" sizes=\"auto, (max-width: 227px) 100vw, 227px\" \/><\/a><\/div>\n<div><\/div>\n<h3>Microsoft Office Professional 2021 \u2013 configuration syst\u00e8me requise<\/h3>\n<div>\n<ul>\n<li><strong>Syst\u00e8me d'exploitation<\/strong>\u00a0Windows 10<\/li>\n<li><strong>Processeur<\/strong>\u00a01,6 GHz ou plus rapide, double c\u0153ur<\/li>\n<li><strong>RAM.<\/strong>\u00a04 Go de m\u00e9moire vive ; 2 Go de m\u00e9moire vive (32 bits)<\/li>\n<li><strong>Espace disque<\/strong>\u00a04 Go d'espace disponible ; 2 Go d'espace disponible (32 bits)<\/li>\n<li><strong>Graphismes<\/strong>\u00a0DirectX 9 ou sup\u00e9rieur avec WDDM 2.0<\/li>\n<\/ul>\n<\/div>","protected":false},"excerpt":{"rendered":"<p><span style=\"font-weight: 400\">Pour qui est destin\u00e9 Microsoft Office Professional 2021 ? Principalement pour les utilisateurs professionnels, car il s'agit de la collection la plus compl\u00e8te de programmes Office con\u00e7ue pour une utilisation en entreprise. En optant pour ce package, vous gagnez un temps pr\u00e9cieux, car chaque fonctionnalit\u00e9 disponible dans le cadre du programme Microsoft a \u00e9t\u00e9 cr\u00e9\u00e9e pour am\u00e9liorer le travail au sein de l'entreprise. De plus...<\/span><\/p>\n<p>Lien de t\u00e9l\u00e9chargement + cl\u00e9 de produit (ESD) pour 1 PC ou Mac<\/p>","protected":false},"featured_media":15112,"template":"","meta":{"_seopress_robots_primary_cat":"none","_seopress_titles_title":"Microsoft Office Professional 2021 | SwissSoftware24","_seopress_titles_desc":"Microsoft Office Professional 2021: Erledigen Sie Ihre B\u00fcroarbeit mit den neuesten Versionen von Word, Excel, und PowerPoint.","_seopress_robots_index":""},"product_brand":[],"product_cat":[122,77,71,74,76],"product_tag":[],"class_list":{"0":"post-15111","1":"product","2":"type-product","3":"status-publish","4":"has-post-thumbnail","6":"product_cat-office-bestseller","7":"product_cat-office-programme","8":"product_cat-office","9":"product_cat-office-2021","10":"product_cat-office-fur-mac","12":"first","13":"onbackorder","14":"virtual","15":"taxable","16":"purchasable","17":"product-type-simple"},"_links":{"self":[{"href":"https:\/\/swisssoftware24.ch\/fr\/wp-json\/wp\/v2\/product\/15111","targetHints":{"allow":["GET"]}}],"collection":[{"href":"https:\/\/swisssoftware24.ch\/fr\/wp-json\/wp\/v2\/product"}],"about":[{"href":"https:\/\/swisssoftware24.ch\/fr\/wp-json\/wp\/v2\/types\/product"}],"wp:featuredmedia":[{"embeddable":true,"href":"https:\/\/swisssoftware24.ch\/fr\/wp-json\/wp\/v2\/media\/15112"}],"wp:attachment":[{"href":"https:\/\/swisssoftware24.ch\/fr\/wp-json\/wp\/v2\/media?parent=15111"}],"wp:term":[{"taxonomy":"product_brand","embeddable":true,"href":"https:\/\/swisssoftware24.ch\/fr\/wp-json\/wp\/v2\/product_brand?post=15111"},{"taxonomy":"product_cat","embeddable":true,"href":"https:\/\/swisssoftware24.ch\/fr\/wp-json\/wp\/v2\/product_cat?post=15111"},{"taxonomy":"product_tag","embeddable":true,"href":"https:\/\/swisssoftware24.ch\/fr\/wp-json\/wp\/v2\/product_tag?post=15111"}],"curies":[{"name":"wp","href":"https:\/\/api.w.org\/{rel}","templated":true}]}}