{"id":15114,"date":"2023-03-08T02:51:03","date_gmt":"2023-03-08T01:51:03","guid":{"rendered":"https:\/\/swisssoftware24.ch\/?post_type=product&#038;p=15114"},"modified":"2026-02-26T12:30:18","modified_gmt":"2026-02-26T11:30:18","slug":"microsoft-office-professional-plus-2021","status":"publish","type":"product","link":"https:\/\/swisssoftware24.ch\/fr\/products\/microsoft-office-professional-plus-2021\/","title":{"rendered":"Microsoft Office Professional Plus 2021"},"content":{"rendered":"<p><img loading=\"lazy\" decoding=\"async\" class=\"alignnone wp-image-15113 size-full\" src=\"https:\/\/swisssoftware24.ch\/wp-content\/uploads\/2023\/03\/office-21.jpeg\" alt=\"\" width=\"2000\" height=\"300\" srcset=\"https:\/\/swisssoftware24.ch\/wp-content\/uploads\/2023\/03\/office-21.jpeg 2000w, https:\/\/swisssoftware24.ch\/wp-content\/uploads\/2023\/03\/office-21-600x90.jpeg 600w, https:\/\/swisssoftware24.ch\/wp-content\/uploads\/2023\/03\/office-21-64x10.jpeg 64w, https:\/\/swisssoftware24.ch\/wp-content\/uploads\/2023\/03\/office-21-300x45.jpeg 300w, https:\/\/swisssoftware24.ch\/wp-content\/uploads\/2023\/03\/office-21-1024x154.jpeg 1024w, https:\/\/swisssoftware24.ch\/wp-content\/uploads\/2023\/03\/office-21-768x115.jpeg 768w, https:\/\/swisssoftware24.ch\/wp-content\/uploads\/2023\/03\/office-21-1536x230.jpeg 1536w\" sizes=\"auto, (max-width: 2000px) 100vw, 2000px\" \/><\/p>\n<div class=\"container pb-60\">\n<div class=\"row\">\n<div class=\"col-md-12\">\n<div class=\"tab-content\">\n<div id=\"description\" class=\"tab-pane active\" role=\"tabpanel\">\n<div class=\"wrapper-desc\">\n<p class=\"\" data-start=\"0\" data-end=\"438\">Microsoft Office Professionnel Plus 2021 est une suite bureautique puissante pour les entreprises et les utilisateurs professionnels. Elle offre une licence perp\u00e9tuelle et comprend des programmes essentiels tels que Word, Excel, PowerPoint, Outlook, Publisher, Access, OneNote et Skype. Gr\u00e2ce \u00e0 une interface utilisateur modernis\u00e9e, un mode sombre et une collaboration optimis\u00e9e, travailler avec des documents, des feuilles de calcul et des pr\u00e9sentations devient encore plus efficace.<\/p>\n<p class=\"\" data-start=\"440\" data-end=\"854\">Le logiciel comprend de nombreuses am\u00e9liorations, notamment la prise en charge de LaTeX dans Excel, de nouveaux types de graphiques, des animations am\u00e9lior\u00e9es dans PowerPoint et des fonctions de traduction int\u00e9gr\u00e9es dans Word. L'int\u00e9gration cloud permet aux utilisateurs de modifier des documents en temps r\u00e9el et de les partager facilement avec leurs coll\u00e8gues. Les performances optimis\u00e9es garantissent un travail plus rapide et plus fluide.<\/p>\n<p class=\"\" data-start=\"856\" data-end=\"1310\">Office Professionnel Plus 2021 est la solution id\u00e9ale pour les entreprises qui souhaitent augmenter leur productivit\u00e9, optimiser la gestion des documents et am\u00e9liorer la communication d'\u00e9quipe. L'absence de frais d'abonnement, les fonctionnalit\u00e9s avanc\u00e9es et la compatibilit\u00e9 avec Windows 10 et 11 en font un investissement stable et \u00e0 long terme. Avec des outils modernes et une int\u00e9gration am\u00e9lior\u00e9e, il permet un travail efficace dans n'importe quel environnement professionnel.<\/p>\n<p data-start=\"856\" data-end=\"1310\"><strong>Vous trouverez plus d'informations sur ce produit\u00a0<a href=\"https:\/\/swisssoftware24.ch\/fr\/microsoft-office-professional-plus-2021-komplettes-office-paket-fuer-unternehmen\/\">ici<\/a>.<\/strong><\/p>\n<\/div>\n<\/div>\n<\/div>\n<\/div>\n<\/div>\n<\/div>\n<div class=\"modals\"><a href=\"https:\/\/www.microsoft.com\/en-us\/Useterms\/Retail\/Office\/OfficeProfessionalPlus2021\/Useterms_Retail_Office_OfficeProfessionalPlus2021_GermancountriesotherthanGermany.htm\"><img loading=\"lazy\" decoding=\"async\" class=\"alignnone size-full wp-image-15099\" src=\"https:\/\/swisssoftware24.ch\/wp-content\/uploads\/2023\/03\/license_term.jpg\" alt=\"\" width=\"227\" height=\"40\" srcset=\"https:\/\/swisssoftware24.ch\/wp-content\/uploads\/2023\/03\/license_term.jpg 227w, https:\/\/swisssoftware24.ch\/wp-content\/uploads\/2023\/03\/license_term-64x11.jpg 64w\" sizes=\"auto, (max-width: 227px) 100vw, 227px\" \/><\/a><\/div>\n<h3>Microsoft Office Professional Plus 2021 \u2013 configuration syst\u00e8me requise<\/h3>\n<div>\n<ul>\n<li><strong>Syst\u00e8me d'exploitation<\/strong>\u00a0 \u00c0 partir de Windows 10<\/li>\n<li><strong>Processeur<\/strong>\u00a0 1,6 GHz ou plus rapide, double c\u0153ur<\/li>\n<li><strong>M\u00e9moire vive<\/strong>\u00a0 4 Go de RAM; 2 Go de RAM (32 bits)<\/li>\n<li><strong>Espace disque<\/strong>\u00a0 4 Go<\/li>\n<li><strong>Graphismes<\/strong>\u00a0 DirectX 9 ou sup\u00e9rieur avec WDDM 2.0<\/li>\n<\/ul>\n<\/div>","protected":false},"excerpt":{"rendered":"<p><span style=\"font-weight: 400;\">Microsoft Office Professional Plus 2021 ist das professionellste Paket bestehend aus Office-Programmen, das f\u00fcr den Einsatz in Unternehmen gedacht ist. Welche Vorteile bietet dieses Softwarepaket? Zun\u00e4chst einmal gewinnt man sicherlich viel Zeit, denn mit den im Paket enthaltenen Funktionen optimiert man perfekt die Arbeitszeit und verbessert die Kommunikation und den Datenaustausch im Unternehmen.<\/span><\/p>\n<p><strong>Lien de t\u00e9l\u00e9chargement + cl\u00e9 de produit (ESD) pour 1 PC<\/strong><\/p>","protected":false},"featured_media":15115,"template":"","meta":{"_seopress_robots_primary_cat":"none","_seopress_titles_title":"Microsoft Office Professional Plus 2021 | SwissSoftware24","_seopress_titles_desc":"Microsoft Office Professional Plus 2021: Die umfassende B\u00fcrol\u00f6sung mit Word, Excel, PowerPoint und mehr. Ideal f\u00fcr Unternehmen.","_seopress_robots_index":""},"product_brand":[],"product_cat":[122,71,74],"product_tag":[],"class_list":{"0":"post-15114","1":"product","2":"type-product","3":"status-publish","4":"has-post-thumbnail","6":"product_cat-office-bestseller","7":"product_cat-office","8":"product_cat-office-2021","10":"first","11":"instock","12":"sale","13":"virtual","14":"taxable","15":"purchasable","16":"product-type-simple"},"_links":{"self":[{"href":"https:\/\/swisssoftware24.ch\/fr\/wp-json\/wp\/v2\/product\/15114","targetHints":{"allow":["GET"]}}],"collection":[{"href":"https:\/\/swisssoftware24.ch\/fr\/wp-json\/wp\/v2\/product"}],"about":[{"href":"https:\/\/swisssoftware24.ch\/fr\/wp-json\/wp\/v2\/types\/product"}],"wp:featuredmedia":[{"embeddable":true,"href":"https:\/\/swisssoftware24.ch\/fr\/wp-json\/wp\/v2\/media\/15115"}],"wp:attachment":[{"href":"https:\/\/swisssoftware24.ch\/fr\/wp-json\/wp\/v2\/media?parent=15114"}],"wp:term":[{"taxonomy":"product_brand","embeddable":true,"href":"https:\/\/swisssoftware24.ch\/fr\/wp-json\/wp\/v2\/product_brand?post=15114"},{"taxonomy":"product_cat","embeddable":true,"href":"https:\/\/swisssoftware24.ch\/fr\/wp-json\/wp\/v2\/product_cat?post=15114"},{"taxonomy":"product_tag","embeddable":true,"href":"https:\/\/swisssoftware24.ch\/fr\/wp-json\/wp\/v2\/product_tag?post=15114"}],"curies":[{"name":"wp","href":"https:\/\/api.w.org\/{rel}","templated":true}]}}