{"id":15150,"date":"2023-03-09T02:55:45","date_gmt":"2023-03-09T01:55:45","guid":{"rendered":"https:\/\/swisssoftware24.ch\/?post_type=product&#038;p=15150"},"modified":"2026-02-23T01:52:19","modified_gmt":"2026-02-23T00:52:19","slug":"microsoft-powerpoint-2021","status":"publish","type":"product","link":"https:\/\/swisssoftware24.ch\/fr\/products\/microsoft-powerpoint-2021\/","title":{"rendered":"Microsoft PowerPoint 2021"},"content":{"rendered":"<p class=\"\" data-start=\"212\" data-end=\"604\">Microsoft PowerPoint 2021 est un outil de pr\u00e9sentation puissant qui permet d'afficher du contenu de mani\u00e8re visuellement attrayante et professionnelle. Les utilisateurs peuvent cr\u00e9er et concevoir des diapositives, en ajoutant des animations ou des transitions pour diriger sp\u00e9cifiquement l'attention du public. Les polices, les couleurs, les arri\u00e8re-plans et autres \u00e9l\u00e9ments de conception peuvent \u00eatre personnalis\u00e9s de mani\u00e8re flexible.<\/p>\n<p class=\"\" data-start=\"606\" data-end=\"1000\">Le programme permet l'int\u00e9gration de contenu multim\u00e9dia tel que des vid\u00e9os, de la musique et des \u00e9l\u00e9ments interactifs, ainsi que la cr\u00e9ation de notes de pr\u00e9sentation qui ne sont visibles que par l'orateur. Le mode plein \u00e9cran prend en charge un affichage clair et sans perturbation pendant la pr\u00e9sentation. De plus, les pr\u00e9sentations termin\u00e9es peuvent \u00eatre partag\u00e9es en ligne ou publi\u00e9es sur des sites web.<\/p>\n<p class=\"\" data-start=\"1002\" data-end=\"1304\">Avec PowerPoint 2021, une vari\u00e9t\u00e9 de types de pr\u00e9sentations peuvent \u00eatre r\u00e9alis\u00e9es \u2013 du contenu commercial et marketing aux sessions de formation et aux conf\u00e9rences \u00e9ducatives. Gr\u00e2ce aux graphiques SVG \u00e9volutifs, m\u00eame les visualisations complexes peuvent \u00eatre affich\u00e9es de mani\u00e8re nette et sans perte de qualit\u00e9.<\/p>\n<p data-start=\"1002\" data-end=\"1304\"><strong>Vous trouverez plus d'informations sur ce produit\u00a0<a href=\"https:\/\/swisssoftware24.ch\/fr\/microsoft-powerpoint-2021-moderne-praesentationen-einfach-erstellt\/\">ici<\/a>.<\/strong><\/p>\n<h3>Microsoft PowerPoint 2021 \u2013 configuration syst\u00e8me requise<\/h3>\n<ul>\n<li><strong>Processeur\u00a0<\/strong>Windows 11 ou Windows 10 avec 1,6 GHz, processeur 2 c\u0153urs\/dernier macOS<\/li>\n<li><strong>Syst\u00e8me d'exploitation\u00a0<\/strong>Windows 11 ou Windows 10 pour PC ; macOS pour Mac<\/li>\n<li><strong>M\u00e9moire vive\u00a0<\/strong>4 Go (64 bits), 2 Go (32 bits) de RAM pour PC\u00a0; 4 Go de RAM pour Mac<\/li>\n<li><strong>Espace disque\u00a0<\/strong>4 Go d&#039;espace disque disponible pour PC, 10 Go pour Mac<\/li>\n<li><strong>Carte graphique\u00a0<\/strong>Carte graphique DirectX 10 pour utiliser l&#039;acc\u00e9l\u00e9ration mat\u00e9rielle graphique pour PC<\/li>\n<li><strong>Exigences syst\u00e8me suppl\u00e9mentaires<\/strong>Acc\u00e8s Internet et compte Microsoft<\/li>\n<\/ul>","protected":false},"excerpt":{"rendered":"<p>Microsoft PowerPoint est le logiciel le plus populaire pour cr\u00e9er des pr\u00e9sentations multim\u00e9dias, disponible en tant que partie du pack Microsoft Office ou en tant que produit autonome. Il permet de cr\u00e9er et de combiner des diapositives sur lesquelles diff\u00e9rents \u00e9l\u00e9ments tels que des photos, des images, des graphiques, des animations, des vid\u00e9os, de la musique et des sons peuvent \u00eatre utilis\u00e9s. Parmi ses principales fonctionnalit\u00e9s, on trouve:<\/p>","protected":false},"featured_media":15151,"template":"","meta":{"_seopress_robots_primary_cat":"none","_seopress_titles_title":"Microsoft PowerPoint 2021 | SwissSoftware24","_seopress_titles_desc":"Microsoft PowerPoint 2021: Gestalten Sie professionelle Pr\u00e4sentationen m\u00fchelos. Perfekt f\u00fcr jeden Anlass. Kaufen Sie bei SwissSoftware24.","_seopress_robots_index":""},"product_brand":[],"product_cat":[96,71,74],"product_tag":[],"class_list":{"0":"post-15150","1":"product","2":"type-product","3":"status-publish","4":"has-post-thumbnail","6":"product_cat-einzelne-office-programme","7":"product_cat-office","8":"product_cat-office-2021","10":"first","11":"onbackorder","12":"taxable","13":"shipping-taxable","14":"purchasable","15":"product-type-simple"},"_links":{"self":[{"href":"https:\/\/swisssoftware24.ch\/fr\/wp-json\/wp\/v2\/product\/15150","targetHints":{"allow":["GET"]}}],"collection":[{"href":"https:\/\/swisssoftware24.ch\/fr\/wp-json\/wp\/v2\/product"}],"about":[{"href":"https:\/\/swisssoftware24.ch\/fr\/wp-json\/wp\/v2\/types\/product"}],"wp:featuredmedia":[{"embeddable":true,"href":"https:\/\/swisssoftware24.ch\/fr\/wp-json\/wp\/v2\/media\/15151"}],"wp:attachment":[{"href":"https:\/\/swisssoftware24.ch\/fr\/wp-json\/wp\/v2\/media?parent=15150"}],"wp:term":[{"taxonomy":"product_brand","embeddable":true,"href":"https:\/\/swisssoftware24.ch\/fr\/wp-json\/wp\/v2\/product_brand?post=15150"},{"taxonomy":"product_cat","embeddable":true,"href":"https:\/\/swisssoftware24.ch\/fr\/wp-json\/wp\/v2\/product_cat?post=15150"},{"taxonomy":"product_tag","embeddable":true,"href":"https:\/\/swisssoftware24.ch\/fr\/wp-json\/wp\/v2\/product_tag?post=15150"}],"curies":[{"name":"wp","href":"https:\/\/api.w.org\/{rel}","templated":true}]}}