{"id":15152,"date":"2023-03-09T02:58:21","date_gmt":"2023-03-09T01:58:21","guid":{"rendered":"https:\/\/swisssoftware24.ch\/?post_type=product&#038;p=15152"},"modified":"2026-01-16T18:24:44","modified_gmt":"2026-01-16T17:24:44","slug":"microsoft-access-2021","status":"publish","type":"product","link":"https:\/\/swisssoftware24.ch\/fr\/products\/microsoft-access-2021\/","title":{"rendered":"Microsoft Access 2021"},"content":{"rendered":"<p class=\"\" data-start=\"189\" data-end=\"598\">Microsoft Access 2021 est un syst\u00e8me de gestion de base de donn\u00e9es polyvalent qui convient aussi bien aux particuliers qu'aux entreprises. Il offre des fonctionnalit\u00e9s pour la cr\u00e9ation, la gestion et l'analyse de bases de donn\u00e9es \u2013 du simple r\u00e9pertoire de contacts aux applications commerciales complexes. Gr\u00e2ce \u00e0 une interface utilisateur intuitive, les donn\u00e9es peuvent \u00eatre rapidement structur\u00e9es, interrog\u00e9es et visualis\u00e9es.<\/p>\n<p class=\"\" data-start=\"600\" data-end=\"998\">Les utilisateurs peuvent cr\u00e9er leurs propres tables, formulaires, rapports et requ\u00eates sans avoir besoin de connaissances approfondies en programmation. Pour les utilisateurs avanc\u00e9s, des macros et des scripts VBA sont disponibles pour automatiser les processus et impl\u00e9menter des fonctions personnalis\u00e9es. L'int\u00e9gration avec Excel, Word et d'autres programmes Microsoft compl\u00e8te l'ensemble des fonctionnalit\u00e9s.<\/p>\n<p class=\"\" data-start=\"1000\" data-end=\"1268\">Microsoft Access prend \u00e9galement en charge l'importation et l'exportation de donn\u00e9es provenant de nombreuses sources telles qu'Excel, XML, PDF ou les e-mails. Gr\u00e2ce \u00e0 des droits d'utilisateur d\u00e9finissables individuellement, l'acc\u00e8s aux donn\u00e9es est contr\u00f4l\u00e9 de mani\u00e8re cibl\u00e9e \u2013 id\u00e9al pour une utilisation s\u00e9curis\u00e9e en \u00e9quipe.<\/p>\n<p data-start=\"1000\" data-end=\"1268\"><strong>Vous trouverez plus d'informations sur ce produit\u00a0<a href=\"https:\/\/swisssoftware24.ch\/fr\/microsoft-access-2021-die-vielseitige-loesung-fuer-datenbanken-und-automatisierung\/\">ici<\/a>.<\/strong><\/p>\n<h3>Microsoft Access 2021 - configuration syst\u00e8me requise<\/h3>\n<ul>\n<li><strong>Processeur\u00a0<\/strong>Windows 11 ou Windows 10 avec 1,6 GHz, processeur 2 c\u0153urs\/dernier macOS<\/li>\n<li><strong>Syst\u00e8me d'exploitation\u00a0<\/strong>Windows 11 ou Windows 10 pour PC ; macOS pour Mac<\/li>\n<li><strong>M\u00e9moire vive\u00a0<\/strong>4 Go (64 bits), 2 Go (32 bits) de RAM pour PC\u00a0; 4 Go de RAM pour Mac<\/li>\n<li><strong>Espace disque\u00a0<\/strong>4 Go d&#039;espace disque disponible pour PC, 10 Go pour Mac<\/li>\n<li><strong>Carte graphique\u00a0<\/strong>Carte graphique DirectX 10 pour utiliser l&#039;acc\u00e9l\u00e9ration mat\u00e9rielle graphique pour PC<\/li>\n<li><strong>Exigences syst\u00e8me suppl\u00e9mentaires<\/strong>Acc\u00e8s Internet et compte Microsoft<\/li>\n<\/ul>","protected":false},"excerpt":{"rendered":"<p>Microsoft Access est une application de gestion de bases de donn\u00e9es relationnelles. Elle permet la cr\u00e9ation, la modification et la recherche de bases de donn\u00e9es, tout en proposant des outils de conception d'interfaces utilisateur, de rapports et de formulaires.<\/p>\n<p>La cl\u00e9 pour activer le produit est \u00e0 attribuer sur le site web du fabricant.<\/p>","protected":false},"featured_media":15153,"template":"","meta":{"_seopress_robots_primary_cat":"none","_seopress_titles_title":"Microsoft Access 2021: Datenbankverwaltung | SwissSoftware24","_seopress_titles_desc":"Organisieren Sie Ihre Daten effizient mit Microsoft Access 2021. Perfekte Datenbankl\u00f6sung f\u00fcr Unternehmen. Erh\u00e4ltlich bei SwissSoftware24.","_seopress_robots_index":""},"product_brand":[],"product_cat":[96,71,74],"product_tag":[],"class_list":{"0":"post-15152","1":"product","2":"type-product","3":"status-publish","4":"has-post-thumbnail","6":"product_cat-einzelne-office-programme","7":"product_cat-office","8":"product_cat-office-2021","10":"first","11":"onbackorder","12":"taxable","13":"shipping-taxable","14":"purchasable","15":"product-type-simple"},"_links":{"self":[{"href":"https:\/\/swisssoftware24.ch\/fr\/wp-json\/wp\/v2\/product\/15152","targetHints":{"allow":["GET"]}}],"collection":[{"href":"https:\/\/swisssoftware24.ch\/fr\/wp-json\/wp\/v2\/product"}],"about":[{"href":"https:\/\/swisssoftware24.ch\/fr\/wp-json\/wp\/v2\/types\/product"}],"wp:featuredmedia":[{"embeddable":true,"href":"https:\/\/swisssoftware24.ch\/fr\/wp-json\/wp\/v2\/media\/15153"}],"wp:attachment":[{"href":"https:\/\/swisssoftware24.ch\/fr\/wp-json\/wp\/v2\/media?parent=15152"}],"wp:term":[{"taxonomy":"product_brand","embeddable":true,"href":"https:\/\/swisssoftware24.ch\/fr\/wp-json\/wp\/v2\/product_brand?post=15152"},{"taxonomy":"product_cat","embeddable":true,"href":"https:\/\/swisssoftware24.ch\/fr\/wp-json\/wp\/v2\/product_cat?post=15152"},{"taxonomy":"product_tag","embeddable":true,"href":"https:\/\/swisssoftware24.ch\/fr\/wp-json\/wp\/v2\/product_tag?post=15152"}],"curies":[{"name":"wp","href":"https:\/\/api.w.org\/{rel}","templated":true}]}}