{"id":15155,"date":"2023-03-09T03:04:44","date_gmt":"2023-03-09T02:04:44","guid":{"rendered":"https:\/\/swisssoftware24.ch\/?post_type=product&#038;p=15155"},"modified":"2026-03-05T18:46:25","modified_gmt":"2026-03-05T17:46:25","slug":"microsoft-outlook-2021","status":"publish","type":"product","link":"https:\/\/swisssoftware24.ch\/fr\/products\/microsoft-outlook-2021\/","title":{"rendered":"Microsoft Outlook 2021"},"content":{"rendered":"<p class=\"\" data-start=\"197\" data-end=\"565\">Microsoft Outlook 2021 est un logiciel de communication et d'organisation puissant qui va bien au-del\u00e0 de l'envoi d'e-mails classique. En plus de g\u00e9rer plusieurs comptes de messagerie, Outlook offre des fonctions int\u00e9gr\u00e9es de calendrier, de t\u00e2ches, de contacts et de prise de notes. Ainsi, vous gardez toujours une vue d'ensemble de vos rendez-vous, projets et informations importantes.<\/p>\n<p class=\"\" data-start=\"567\" data-end=\"935\">L'interface utilisateur est con\u00e7ue de mani\u00e8re intuitive et permet de partager efficacement des e-mails, des fichiers et des r\u00e9unions avec des personnes ou des groupes. La synchronisation avec les smartphones et les tablettes vous permet de rester inform\u00e9 m\u00eame en d\u00e9placement. L'int\u00e9gration avec d'autres applications Office telles que Word, Excel ou OneNote assure des flux de travail fluides.<\/p>\n<p class=\"\" data-start=\"937\" data-end=\"1203\">Outlook 2021 permet \u00e9galement de cr\u00e9er des r\u00e8gles, des filtres et des structures de dossiers pour garder les bo\u00eetes de r\u00e9ception organis\u00e9es. Les contacts peuvent \u00eatre regroup\u00e9s, les t\u00e2ches prioris\u00e9es et des rappels d\u00e9finis \u2013 id\u00e9al pour le travail, les \u00e9tudes ou la vie priv\u00e9e quotidienne.<\/p>\n<p data-start=\"937\" data-end=\"1203\"><strong>Vous trouverez plus d'informations sur ce produit\u00a0<a href=\"https:\/\/swisssoftware24.ch\/fr\/microsoft-outlook-2021-mehr-als-nur-e-mails\/\">ici<\/a>.<\/strong><\/p>\n<h3>Microsoft Outlook 2021 \u2013 configuration syst\u00e8me requise<\/h3>\n<ul>\n<li><strong>Processeur\u00a0<\/strong>Windows 11 ou Windows 10 avec 1,6 GHz, processeur 2 c\u0153urs\/dernier macOS<\/li>\n<li><strong>Syst\u00e8me d'exploitation\u00a0<\/strong>Windows 11 ou Windows 10 pour PC ; macOS pour Mac<\/li>\n<li><strong>M\u00e9moire vive\u00a0<\/strong>4 Go (64 bits), 2 Go (32 bits) de RAM pour PC\u00a0; 4 Go de RAM pour Mac<\/li>\n<li><strong>Espace disque\u00a0<\/strong>4 Go d&#039;espace disque disponible pour PC, 10 Go pour Mac<\/li>\n<li><strong>Carte graphique\u00a0<\/strong>Carte graphique DirectX 10 pour utiliser l&#039;acc\u00e9l\u00e9ration mat\u00e9rielle graphique pour PC<\/li>\n<li><strong>Exigences syst\u00e8me suppl\u00e9mentaires<\/strong>Acc\u00e8s Internet et compte Microsoft<\/li>\n<\/ul>","protected":false},"excerpt":{"rendered":"<p>Microsoft Outlook 2021 ist eine leistungsstarke Kommunikations- und Organisationssoftware, die weit \u00fcber den klassischen E-Mail-Versand hinausgeht. Neben dem Verwalten mehrerer E-Mail-Konten bietet Outlook integrierte Kalender-, Aufgaben-, Kontakt- und Notizfunktionen. So behalten Sie jederzeit den \u00dcberblick \u00fcber Termine, Projekte und wichtige Informationen. Die Benutzeroberfl\u00e4che ist intuitiv gestaltet und erlaubt es, E-Mails, Dateien und Besprechungen effizient mit [&hellip;]<\/p>","protected":false},"featured_media":15156,"template":"","meta":{"_seopress_robots_primary_cat":"none","_seopress_titles_title":"Microsoft Outlook 2021: E-Mails & Kalender | SwissSoftware24","_seopress_titles_desc":"Verwalten Sie E-Mails und Kalender effizient mit Microsoft Outlook 2021. Perfekt f\u00fcr gesch\u00e4ftliche Kommunikation. Jetzt bei SwissSoftware24 erh\u00e4ltlich.","_seopress_robots_index":""},"product_brand":[],"product_cat":[71,74,96],"product_tag":[],"class_list":{"0":"post-15155","1":"product","2":"type-product","3":"status-publish","4":"has-post-thumbnail","6":"product_cat-office","7":"product_cat-office-2021","8":"product_cat-einzelne-office-programme","10":"first","11":"onbackorder","12":"virtual","13":"taxable","14":"purchasable","15":"product-type-simple"},"_links":{"self":[{"href":"https:\/\/swisssoftware24.ch\/fr\/wp-json\/wp\/v2\/product\/15155","targetHints":{"allow":["GET"]}}],"collection":[{"href":"https:\/\/swisssoftware24.ch\/fr\/wp-json\/wp\/v2\/product"}],"about":[{"href":"https:\/\/swisssoftware24.ch\/fr\/wp-json\/wp\/v2\/types\/product"}],"wp:featuredmedia":[{"embeddable":true,"href":"https:\/\/swisssoftware24.ch\/fr\/wp-json\/wp\/v2\/media\/15156"}],"wp:attachment":[{"href":"https:\/\/swisssoftware24.ch\/fr\/wp-json\/wp\/v2\/media?parent=15155"}],"wp:term":[{"taxonomy":"product_brand","embeddable":true,"href":"https:\/\/swisssoftware24.ch\/fr\/wp-json\/wp\/v2\/product_brand?post=15155"},{"taxonomy":"product_cat","embeddable":true,"href":"https:\/\/swisssoftware24.ch\/fr\/wp-json\/wp\/v2\/product_cat?post=15155"},{"taxonomy":"product_tag","embeddable":true,"href":"https:\/\/swisssoftware24.ch\/fr\/wp-json\/wp\/v2\/product_tag?post=15155"}],"curies":[{"name":"wp","href":"https:\/\/api.w.org\/{rel}","templated":true}]}}