{"id":15157,"date":"2023-03-09T03:11:22","date_gmt":"2023-03-09T02:11:22","guid":{"rendered":"https:\/\/swisssoftware24.ch\/?post_type=product&#038;p=15157"},"modified":"2025-11-30T00:17:25","modified_gmt":"2025-11-29T23:17:25","slug":"visio-standard-2021","status":"publish","type":"product","link":"https:\/\/swisssoftware24.ch\/fr\/products\/visio-standard-2021\/","title":{"rendered":"Microsoft Visio Standard 2021"},"content":{"rendered":"<p class=\"\" data-start=\"215\" data-end=\"604\">Microsoft Visio Standard 2021 est une solution conviviale et puissante pour la cr\u00e9ation de diagrammes, d'organigrammes et de visualisations. Le logiciel s'adresse aux entreprises et aux professionnels qui souhaitent pr\u00e9senter des informations complexes de mani\u00e8re claire et compr\u00e9hensible. Gr\u00e2ce \u00e0 un large choix de mod\u00e8les et de formes, la prise en main est facile m\u00eame sans connaissances en design.<\/p>\n<p class=\"\" data-start=\"606\" data-end=\"938\">Un point fort particulier est la liaison de donn\u00e9es int\u00e9gr\u00e9e, qui permet de connecter dynamiquement les diagrammes avec Excel ou SharePoint. Cela automatise les processus et met directement \u00e0 jour les visualisations en cas de modification des donn\u00e9es. La collaboration en temps r\u00e9el permet aux \u00e9quipes de travailler efficacement ensemble sur des projets.<\/p>\n<p class=\"\" data-start=\"940\" data-end=\"1251\">L'int\u00e9gration transparente avec Microsoft 365 fait de Visio un outil id\u00e9al pour tous ceux qui travaillent d\u00e9j\u00e0 avec les produits Office. Qu'il s'agisse d'analyse de processus, d'organigrammes ou de dessins techniques, Visio Standard 2021 offre la flexibilit\u00e9 et le professionnalisme n\u00e9cessaires pour un travail visuel de haut niveau.<\/p>\n<p data-start=\"940\" data-end=\"1251\"><strong>Vous trouverez plus d'informations sur ce produit\u00a0<a href=\"https:\/\/swisssoftware24.ch\/fr\/microsoft-visio-standard-2021-visuelle-prozesse-einfach-erklaert\/\">ici<\/a>.<\/strong><\/p>\n<h3>Microsoft Visio Standard 2021 \u2013 configuration syst\u00e8me requise<\/h3>\n<ul>\n<li><strong>Processeur\u00a0<\/strong>1,6 GHz ou plus rapide (Dual Core)<\/li>\n<li><strong>Syst\u00e8me d'exploitation\u00a0<\/strong>Windows 11, Windows 10, Windows Serveur 2019<\/li>\n<li><strong>M\u00e9moire vive\u00a0<\/strong>4 Go de RAM, 2 Go de RAM (32 bits)<\/li>\n<li><strong>Espace disque\u00a0<\/strong>4,0 Go d'espace de stockage disponible<\/li>\n<li><strong>Carte graphique\u00a0<\/strong>Carte graphique DirectX 10 pour acc\u00e9l\u00e9rer le mat\u00e9riel graphique<\/li>\n<li><strong>Exigences syst\u00e8me suppl\u00e9mentaires<\/strong>Acc\u00e8s Internet et compte Microsoft<\/li>\n<\/ul>","protected":false},"excerpt":{"rendered":"<p>Lien de t\u00e9l\u00e9chargement + cl\u00e9 de produit (ESD) pour 1 PC<\/p>","protected":false},"featured_media":15158,"template":"","meta":{"_seopress_robots_primary_cat":"none","_seopress_titles_title":"Microsoft Visio Standard 2021 | SwissSoftware24","_seopress_titles_desc":"Microsoft Visio Standard 2021 f\u00fcr einfache und effiziente Diagrammerstellung. Perfekt f\u00fcr Ihre Anforderungen. Jetzt kaufen bei SwissSoftware24.","_seopress_robots_index":""},"product_brand":[],"product_cat":[71,74,96],"product_tag":[],"class_list":{"0":"post-15157","1":"product","2":"type-product","3":"status-publish","4":"has-post-thumbnail","6":"product_cat-office","7":"product_cat-office-2021","8":"product_cat-einzelne-office-programme","10":"first","11":"onbackorder","12":"sale","13":"virtual","14":"taxable","15":"purchasable","16":"product-type-simple"},"_links":{"self":[{"href":"https:\/\/swisssoftware24.ch\/fr\/wp-json\/wp\/v2\/product\/15157","targetHints":{"allow":["GET"]}}],"collection":[{"href":"https:\/\/swisssoftware24.ch\/fr\/wp-json\/wp\/v2\/product"}],"about":[{"href":"https:\/\/swisssoftware24.ch\/fr\/wp-json\/wp\/v2\/types\/product"}],"wp:featuredmedia":[{"embeddable":true,"href":"https:\/\/swisssoftware24.ch\/fr\/wp-json\/wp\/v2\/media\/15158"}],"wp:attachment":[{"href":"https:\/\/swisssoftware24.ch\/fr\/wp-json\/wp\/v2\/media?parent=15157"}],"wp:term":[{"taxonomy":"product_brand","embeddable":true,"href":"https:\/\/swisssoftware24.ch\/fr\/wp-json\/wp\/v2\/product_brand?post=15157"},{"taxonomy":"product_cat","embeddable":true,"href":"https:\/\/swisssoftware24.ch\/fr\/wp-json\/wp\/v2\/product_cat?post=15157"},{"taxonomy":"product_tag","embeddable":true,"href":"https:\/\/swisssoftware24.ch\/fr\/wp-json\/wp\/v2\/product_tag?post=15157"}],"curies":[{"name":"wp","href":"https:\/\/api.w.org\/{rel}","templated":true}]}}