{"id":15159,"date":"2023-03-09T03:14:58","date_gmt":"2023-03-09T02:14:58","guid":{"rendered":"https:\/\/swisssoftware24.ch\/?post_type=product&#038;p=15159"},"modified":"2025-11-30T00:17:25","modified_gmt":"2025-11-29T23:17:25","slug":"microsoft-visio-professional-2021","status":"publish","type":"product","link":"https:\/\/swisssoftware24.ch\/fr\/products\/microsoft-visio-professional-2021\/","title":{"rendered":"Microsoft Visio Professionnel 2021"},"content":{"rendered":"<p class=\"\" data-start=\"218\" data-end=\"639\">Microsoft Visio Professionnel 2021 est la solution professionnelle pour la cr\u00e9ation de diagrammes complexes et de visualisations techniques. Qu'il s'agisse d'organigrammes, de plans de r\u00e9seau, d'organigrammes ou de dessins architecturaux, Visio offre une vaste collection de mod\u00e8les, de symboles et d'outils pour tous les sc\u00e9narios. L'interface conviviale permet un travail pr\u00e9cis \u2013 que vous soyez d\u00e9butant ou professionnel.<\/p>\n<p class=\"\" data-start=\"641\" data-end=\"959\">Un point fort particulier est l'int\u00e9gration de sources de donn\u00e9es externes telles qu'Excel, SQL ou SharePoint. Les diagrammes peuvent \u00eatre li\u00e9s dynamiquement aux donn\u00e9es, de sorte que les modifications sont automatiquement appliqu\u00e9es \u2013 id\u00e9al pour les analyses en temps r\u00e9el. Les diagrammes BPMN pour la mod\u00e9lisation des processus m\u00e9tier sont \u00e9galement enti\u00e8rement pris en charge.<\/p>\n<p class=\"\" data-start=\"961\" data-end=\"1302\">Visio 2021 favorise la collaboration en \u00e9quipe gr\u00e2ce \u00e0 des fonctionnalit\u00e9s telles que la co-\u00e9dition, l'ajout de commentaires, le suivi des modifications et l'int\u00e9gration de Microsoft Teams. Gr\u00e2ce \u00e0 la prise en charge des macros et des extensions via AppSource, le programme peut \u00eatre \u00e9tendu et automatis\u00e9 individuellement \u2013 parfait pour les processus d'entreprise exigeants.<\/p>\n<p data-start=\"961\" data-end=\"1302\"><strong>Vous trouverez plus d'informations sur ce produit\u00a0<a href=\"https:\/\/swisssoftware24.ch\/fr\/microsoft-visio-professional-2021-visualisieren-verbinden-zusammenarbeiten\/\">ici<\/a>.<\/strong><\/p>\n<h3>Microsoft Visio Professional 2021 \u2013 configuration syst\u00e8me requise<\/h3>\n<ul>\n<li><strong>Processeur:\u00a0<\/strong>1,6 GHz ou plus rapide (double c\u0153ur)<\/li>\n<li><strong>Syst\u00e8me d'exploitation\u00a0<\/strong>Windows 11, Windows 10, Windows Serveur 2019<\/li>\n<li><strong>M\u00e9moire vive\u00a0<\/strong>4 GB RAM, 2 GB RAM (32-bit)<\/li>\n<li><strong>Espace disque\u00a0<\/strong>4,0 Go d'espace de stockage disponible<\/li>\n<li><strong>Carte graphique\u00a0<\/strong>Carte graphique DirectX 10 pour acc\u00e9l\u00e9rer le mat\u00e9riel graphique<\/li>\n<li><strong>Exigences syst\u00e8me suppl\u00e9mentaires <\/strong>Acc\u00e8s \u00e0 Internet et un compte Microsoft requis.<\/li>\n<\/ul>","protected":false},"excerpt":{"rendered":"<p>Microsoft Visio Professional 2021 a \u00e9t\u00e9 con\u00e7u pour faciliter la cr\u00e9ation de diagrammes et de visualisations de donn\u00e9es.<\/p>\n<p>Lien de t\u00e9l\u00e9chargement + cl\u00e9 de produit (ESD) pour 1 PC<\/p>","protected":false},"featured_media":15160,"template":"","meta":{"_seopress_robots_primary_cat":"none","_seopress_titles_title":"Microsoft Visio Professional 2021 | SwissSoftware24","_seopress_titles_desc":"Erstellen Sie professionelle Diagramme mit Microsoft Visio Professional 2021. Ideal f\u00fcr Teams, um Ideen zu visualisieren. Jetzt erh\u00e4ltlich bei SwissSoftware24.","_seopress_robots_index":""},"product_brand":[],"product_cat":[71,74,96],"product_tag":[],"class_list":{"0":"post-15159","1":"product","2":"type-product","3":"status-publish","4":"has-post-thumbnail","6":"product_cat-office","7":"product_cat-office-2021","8":"product_cat-einzelne-office-programme","10":"first","11":"onbackorder","12":"sale","13":"virtual","14":"taxable","15":"purchasable","16":"product-type-simple"},"_links":{"self":[{"href":"https:\/\/swisssoftware24.ch\/fr\/wp-json\/wp\/v2\/product\/15159","targetHints":{"allow":["GET"]}}],"collection":[{"href":"https:\/\/swisssoftware24.ch\/fr\/wp-json\/wp\/v2\/product"}],"about":[{"href":"https:\/\/swisssoftware24.ch\/fr\/wp-json\/wp\/v2\/types\/product"}],"wp:featuredmedia":[{"embeddable":true,"href":"https:\/\/swisssoftware24.ch\/fr\/wp-json\/wp\/v2\/media\/15160"}],"wp:attachment":[{"href":"https:\/\/swisssoftware24.ch\/fr\/wp-json\/wp\/v2\/media?parent=15159"}],"wp:term":[{"taxonomy":"product_brand","embeddable":true,"href":"https:\/\/swisssoftware24.ch\/fr\/wp-json\/wp\/v2\/product_brand?post=15159"},{"taxonomy":"product_cat","embeddable":true,"href":"https:\/\/swisssoftware24.ch\/fr\/wp-json\/wp\/v2\/product_cat?post=15159"},{"taxonomy":"product_tag","embeddable":true,"href":"https:\/\/swisssoftware24.ch\/fr\/wp-json\/wp\/v2\/product_tag?post=15159"}],"curies":[{"name":"wp","href":"https:\/\/api.w.org\/{rel}","templated":true}]}}