{"id":15192,"date":"2023-03-11T01:10:18","date_gmt":"2023-03-11T00:10:18","guid":{"rendered":"https:\/\/swisssoftware24.ch\/?post_type=product&#038;p=15192"},"modified":"2025-11-29T23:56:54","modified_gmt":"2025-11-29T22:56:54","slug":"microsoft-office-365-home","status":"publish","type":"product","link":"https:\/\/swisssoftware24.ch\/fr\/products\/microsoft-office-365-home\/","title":{"rendered":"Microsoft Office 365 Home"},"content":{"rendered":"<p><img loading=\"lazy\" decoding=\"async\" class=\"alignnone wp-image-15194 size-full\" src=\"https:\/\/swisssoftware24.ch\/wp-content\/uploads\/2023\/03\/intuitiv-wie-nie-zuvor.jpeg\" alt=\"\" width=\"1200\" height=\"100\" srcset=\"https:\/\/swisssoftware24.ch\/wp-content\/uploads\/2023\/03\/intuitiv-wie-nie-zuvor.jpeg 1200w, https:\/\/swisssoftware24.ch\/wp-content\/uploads\/2023\/03\/intuitiv-wie-nie-zuvor-600x50.jpeg 600w, https:\/\/swisssoftware24.ch\/wp-content\/uploads\/2023\/03\/intuitiv-wie-nie-zuvor-64x5.jpeg 64w, https:\/\/swisssoftware24.ch\/wp-content\/uploads\/2023\/03\/intuitiv-wie-nie-zuvor-300x25.jpeg 300w, https:\/\/swisssoftware24.ch\/wp-content\/uploads\/2023\/03\/intuitiv-wie-nie-zuvor-1024x85.jpeg 1024w, https:\/\/swisssoftware24.ch\/wp-content\/uploads\/2023\/03\/intuitiv-wie-nie-zuvor-768x64.jpeg 768w\" sizes=\"auto, (max-width: 1200px) 100vw, 1200px\" \/><\/p>\n<h1>Microsoft Office 365 Home &#8211; ausf\u00fchrliche Produktbeschreibung<\/h1>\n<p>Microsoft Office 365 Home\u00a0 bietet Ihnen viele neue M\u00f6glichkeiten, zuhause oder in der Schule Ihr Bestes zu geben.<\/p>\n<p>Installieren Sie Office auf 6 PCs oder Macs + 6 Tablets und nutzen Sie die Office-Apps auf Android-Smartphones, iPhones und Windows Phone Ger\u00e4ten.<\/p>\n<p>Arbeiten Sie mit den aktuellen Office 2019 Versionen von\u00a0Word, Excel,\u00a0PowerPoint, Outlook, Publisher und Access.<\/p>\n<p>1 TB zus\u00e4tzlicher Online-Speicherplatz auf OneDrive sowie monatlich 60 Skype-Freiminuten f\u00fcr bis zu 6 Nutzer Versionsupgrades inklusive.<\/p>\n<p>Entscheiden Sie sich f\u00fcr Office 365 Home, k\u00f6nnen Sie mit den brandneuen Office 2019\u00a0Word, Excel,\u00a0PowerPoint, Outlook, Publisher und Access\u00a0arbeiten. Nutzen Sie die aktuellsten Versionen der Office-Anwendungen, die Sie kennen und sch\u00e4tzen, um ganz einfach produktiver zu werden \u2013 unabh\u00e4ngig davon, mit welchem Ger\u00e4t Sie arbeiten.<\/p>\n<p><strong>Alle Funktionen<\/strong><\/p>\n<ul>\n<li>Vertraute Apps, immer aktualisiert: Holen Sie sich die neuesten Premium-Versionen von Word, Excel, PowerPoint, Outlook, Access und Publisher mit sofortigem Zugriff auf die monatlich neuen Funktionen.<\/li>\n<li>1 TB sicherer Cloud-Speicher: Holen Sie sich 1 TB (1024 GB) OneDrive Cloud-Speicher pro Person mit Ransomware-Erkennung und Dateiwiederherstellung, um Dokumente, Fotos und vieles mehr von \u00fcberall auf allen Ger\u00e4ten sicher zu speichern, zu bearbeiten und zu teilen.<\/li>\n<li>Optimierte mobile Apps: Mit der f\u00fcr Mobiltelefone und Tablets optimierten erweiterten Formatierung und der Funktion zur Zusammenarbeit lassen sich Dokumente anzeigen, bearbeiten und erstellen.<\/li>\n<li>Funktioniert auf mehreren Ger\u00e4ten: Verf\u00fcgbar auf PC, Mac, Windows-Tablet, Windows-Smartphone, iOS, Android<\/li>\n<li>Mit Skype in Verbindung bleiben: Halten Sie Kontakt mit Ihren Freunden und der Familie rund um den Globus mit 60 Skype-Gespr\u00e4chsminuten pro Monat f\u00fcr Anrufe ins Festnetz und in Mobilfunknetze.<\/li>\n<li>Microsoft-Support: Als Abonnent von Office 365 k\u00f6nnen Sie immer sofort die kostenlose Hilfe der von Microsoft geschulten Experten per Telefon oder Chat in Anspruch nehmen.<\/li>\n<\/ul>\n<h2><strong>Microsoft Office 365 Home beinhaltet folgende Programme:<\/strong><\/h2>\n<ul>\n<li>Word 2019 (Textverarbeitung)<\/li>\n<li>Excel 2019 (Tabellenkalkulation)<\/li>\n<li>PowerPoint 2019 (Pr\u00e4sentation)<\/li>\n<li>Outlook 2019 (E-Mail)<\/li>\n<li>Publisher 2019 (Publikationen) nur f\u00fcr PC<\/li>\n<li>Access 2019 (Datenbank) nur f\u00fcr PC<\/li>\n<\/ul>\n<p>&nbsp;<\/p>\n<p><a href=\"https:\/\/www.microsoft.com\/en-us\/UseTerms\/Retail\/Microsoft365\/Microsoft365Apps\/UseTerms_Retail_Microsoft365_Microsoft365Apps_German.htm\"><img loading=\"lazy\" decoding=\"async\" class=\"alignnone size-full wp-image-15099\" src=\"https:\/\/swisssoftware24.ch\/wp-content\/uploads\/2023\/03\/license_term.jpg\" alt=\"\" width=\"227\" height=\"40\" srcset=\"https:\/\/swisssoftware24.ch\/wp-content\/uploads\/2023\/03\/license_term.jpg 227w, https:\/\/swisssoftware24.ch\/wp-content\/uploads\/2023\/03\/license_term-64x11.jpg 64w\" sizes=\"auto, (max-width: 227px) 100vw, 227px\" \/><\/a><\/p>\n<h3>Microsoft Office 365 Home &#8211; anforderungen<\/h3>\n<ul>\n<li><strong>Syst\u00e8me d'exploitation<\/strong>\u00a0 Ab Windows 7 \/ Mac OS X 10.7 (Lion)<\/li>\n<li><strong>Mobile<\/strong>\u00a0 Android \/ Apple iOS \/ Windows Phone<\/li>\n<li><strong>M\u00e9moire vive<\/strong>\u00a0 4 Go de RAM; 2 Go de RAM (32 bits)<\/li>\n<li><strong>Espace disque<\/strong>\u00a0 4 Go<\/li>\n<li><strong>Graphismes<\/strong>\u00a0 DirectX 9 ou sup\u00e9rieur avec WDDM 2.0<\/li>\n<\/ul>","protected":false},"excerpt":{"rendered":"<p>Downloadlink + Produktschl\u00fcssel (ESD) f\u00fcr 1 Jahr f\u00fcr 6 User<\/p>","protected":false},"featured_media":15193,"template":"","meta":{"_seopress_robots_primary_cat":"none","_seopress_titles_title":"Microsoft Office 365 Home | F\u00fcr Familie | SwissSoftware24","_seopress_titles_desc":"Microsoft Office 365 Home: Nutzen Sie Office-Apps auf bis zu 6 Ger\u00e4ten. Ideal f\u00fcr die ganze Familie. Jetzt bei SwissSoftware24 erh\u00e4ltlich.","_seopress_robots_index":""},"product_brand":[],"product_cat":[75,71],"product_tag":[],"class_list":{"0":"post-15192","1":"product","2":"type-product","3":"status-publish","4":"has-post-thumbnail","6":"product_cat-microsoft-365","7":"product_cat-office","9":"first","10":"outofstock","11":"sale","12":"virtual","13":"taxable","14":"purchasable","15":"product-type-simple"},"_links":{"self":[{"href":"https:\/\/swisssoftware24.ch\/fr\/wp-json\/wp\/v2\/product\/15192","targetHints":{"allow":["GET"]}}],"collection":[{"href":"https:\/\/swisssoftware24.ch\/fr\/wp-json\/wp\/v2\/product"}],"about":[{"href":"https:\/\/swisssoftware24.ch\/fr\/wp-json\/wp\/v2\/types\/product"}],"wp:featuredmedia":[{"embeddable":true,"href":"https:\/\/swisssoftware24.ch\/fr\/wp-json\/wp\/v2\/media\/15193"}],"wp:attachment":[{"href":"https:\/\/swisssoftware24.ch\/fr\/wp-json\/wp\/v2\/media?parent=15192"}],"wp:term":[{"taxonomy":"product_brand","embeddable":true,"href":"https:\/\/swisssoftware24.ch\/fr\/wp-json\/wp\/v2\/product_brand?post=15192"},{"taxonomy":"product_cat","embeddable":true,"href":"https:\/\/swisssoftware24.ch\/fr\/wp-json\/wp\/v2\/product_cat?post=15192"},{"taxonomy":"product_tag","embeddable":true,"href":"https:\/\/swisssoftware24.ch\/fr\/wp-json\/wp\/v2\/product_tag?post=15192"}],"curies":[{"name":"wp","href":"https:\/\/api.w.org\/{rel}","templated":true}]}}