{"id":15220,"date":"2023-03-11T03:08:37","date_gmt":"2023-03-11T02:08:37","guid":{"rendered":"https:\/\/swisssoftware24.ch\/?post_type=product&#038;p=15220"},"modified":"2025-11-30T00:17:25","modified_gmt":"2025-11-29T23:17:25","slug":"microsoft-visio-standard-2019","status":"publish","type":"product","link":"https:\/\/swisssoftware24.ch\/fr\/products\/microsoft-visio-standard-2019\/","title":{"rendered":"Microsoft Visio Standard 2019"},"content":{"rendered":"<p class=\"\" data-start=\"201\" data-end=\"645\">Microsoft Visio Standard 2019 offre un moyen intuitif de cr\u00e9er des diagrammes professionnels pour visualiser clairement les informations. Avec de nombreux mod\u00e8les et formes int\u00e9gr\u00e9s, vous pouvez facilement cr\u00e9er des organigrammes, diagrammes de flux, calendriers, plans ou chronologies. Les \u00e9l\u00e9ments graphiques personnalisables permettent une pr\u00e9sentation claire et adapt\u00e9e \u00e0 chaque projet.<\/p>\n<p class=\"\" data-start=\"647\" data-end=\"1079\">Gr\u00e2ce \u00e0 l\u2019int\u00e9gration de sources de donn\u00e9es externes comme Excel ou SQL, les diagrammes peuvent \u00eatre mis \u00e0 jour automatiquement. La possibilit\u00e9 de regrouper des diagrammes complexes en sous-processus am\u00e9liore la lisibilit\u00e9 des projets importants. Visio Standard 2019 convient aussi bien aux entreprises qu\u2019aux \u00e9tablissements scolaires ou administratifs.<\/p>\n<p class=\"\" data-start=\"1081\" data-end=\"1473\">Un point fort est la prise en charge de Visio Online, qui permet de cr\u00e9er, partager et modifier des diagrammes directement depuis un navigateur, sans avoir \u00e0 installer de logiciel. Plusieurs utilisateurs peuvent collaborer en temps r\u00e9el, suivre les modifications et commenter. Cela favorise une collaboration fluide et efficace.<\/p>\n<p data-start=\"1081\" data-end=\"1473\"><strong>Vous trouverez plus d'informations sur ce produit\u00a0<a href=\"https:\/\/swisssoftware24.ch\/fr\/microsoft-visio-standard-2019-visualisieren-leicht-gemacht\/\">ici<\/a>.<\/strong><\/p>\n<h3>Microsoft Visio Standard 2019 \u2013 configuration syst\u00e8me requise<\/h3>\n<ul>\n<li><strong>Syst\u00e8me d'exploitation<\/strong>\u00a0\u00c0 partir de Windows 10 et Windows 10S<\/li>\n<li><strong>Processeur<\/strong>\u00a01 GHz ou plus rapide, x86 ou x64 avec SSE2<\/li>\n<li><strong>M\u00e9moire vive<\/strong>\u00a02 Go de RAM<\/li>\n<li><strong>Espace disque<\/strong>\u00a03 Go<\/li>\n<li><strong>Graphismes<\/strong>\u00a0R\u00e9solution minimale de 1024 x 768 pixels et prise en charge de DirectX 10 ou sup\u00e9rieur<\/li>\n<\/ul>","protected":false},"excerpt":{"rendered":"<p>Microsoft Visio Standard 2019 a \u00e9t\u00e9 cr\u00e9\u00e9 pour ceux qui s'engagent dans la cr\u00e9ation de diagrammes et d'autres formes de visualisation de donn\u00e9es.<\/p>\n<p>Lien de t\u00e9l\u00e9chargement + cl\u00e9 de produit (ESD) pour 1 PC<\/p>\n<p><strong>Livraison sous 24 heures par e-mail !<\/strong><\/p>","protected":false},"featured_media":15221,"template":"","meta":{"_seopress_robots_primary_cat":"none","_seopress_titles_title":"Microsoft Visio Standard 2019 | SwissSoftware24","_seopress_titles_desc":"Microsoft Visio Standard 2019: Einfache und effiziente Diagrammerstellung. Ideal f\u00fcr Ihre Visualisierungsbed\u00fcrfnisse. Jetzt bei SwissSoftware24.","_seopress_robots_index":""},"product_brand":[],"product_cat":[96,71,73],"product_tag":[],"class_list":{"0":"post-15220","1":"product","2":"type-product","3":"status-publish","4":"has-post-thumbnail","6":"product_cat-einzelne-office-programme","7":"product_cat-office","8":"product_cat-office-2019","10":"first","11":"onbackorder","12":"virtual","13":"taxable","14":"purchasable","15":"product-type-simple"},"_links":{"self":[{"href":"https:\/\/swisssoftware24.ch\/fr\/wp-json\/wp\/v2\/product\/15220","targetHints":{"allow":["GET"]}}],"collection":[{"href":"https:\/\/swisssoftware24.ch\/fr\/wp-json\/wp\/v2\/product"}],"about":[{"href":"https:\/\/swisssoftware24.ch\/fr\/wp-json\/wp\/v2\/types\/product"}],"wp:featuredmedia":[{"embeddable":true,"href":"https:\/\/swisssoftware24.ch\/fr\/wp-json\/wp\/v2\/media\/15221"}],"wp:attachment":[{"href":"https:\/\/swisssoftware24.ch\/fr\/wp-json\/wp\/v2\/media?parent=15220"}],"wp:term":[{"taxonomy":"product_brand","embeddable":true,"href":"https:\/\/swisssoftware24.ch\/fr\/wp-json\/wp\/v2\/product_brand?post=15220"},{"taxonomy":"product_cat","embeddable":true,"href":"https:\/\/swisssoftware24.ch\/fr\/wp-json\/wp\/v2\/product_cat?post=15220"},{"taxonomy":"product_tag","embeddable":true,"href":"https:\/\/swisssoftware24.ch\/fr\/wp-json\/wp\/v2\/product_tag?post=15220"}],"curies":[{"name":"wp","href":"https:\/\/api.w.org\/{rel}","templated":true}]}}