{"id":15222,"date":"2023-03-11T03:13:03","date_gmt":"2023-03-11T02:13:03","guid":{"rendered":"https:\/\/swisssoftware24.ch\/?post_type=product&#038;p=15222"},"modified":"2025-11-30T00:17:25","modified_gmt":"2025-11-29T23:17:25","slug":"microsoft-visio-professional-2019","status":"publish","type":"product","link":"https:\/\/swisssoftware24.ch\/fr\/products\/microsoft-visio-professional-2019\/","title":{"rendered":"Microsoft Visio Professional 2019"},"content":{"rendered":"<p class=\"\" data-start=\"189\" data-end=\"662\">Microsoft Visio Professional 2019 est un logiciel professionnel pour cr\u00e9er des diagrammes complexes et visualiser les processus critiques, les r\u00e9seaux et les flux techniques. Avec une large s\u00e9lection de mod\u00e8les et formes, vous pouvez personnaliser facilement des diagrammes comme des organigrammes, calendriers, sch\u00e9mas r\u00e9seau ou plans d\u2019architecture. L\u2019interface intuitive convient aussi bien aux d\u00e9butants qu\u2019aux utilisateurs avanc\u00e9s.<\/p>\n<p class=\"\" data-start=\"664\" data-end=\"1034\">L\u2019un des grands avantages de Visio 2019 est la liaison dynamique avec des sources de donn\u00e9es externes comme Excel, bases SQL ou SharePoint. Les diagrammes se mettent \u00e0 jour automatiquement. La cr\u00e9ation de diagrammes BPMN ou de sch\u00e9mas r\u00e9seaux pour l\u2019IT est \u00e9galement simplifi\u00e9e.<\/p>\n<p class=\"\" data-start=\"1036\" data-end=\"1418\">Avec des fonctions comme le support des macros, la collaboration en \u00e9quipe via Microsoft Teams, et les extensions via AppSource, Visio Pro 2019 est un outil polyvalent pour les workflows modernes. Il s\u2019adresse aux entreprises, aux \u00e9quipes IT, chefs de projet et \u00e0 tous ceux qui veulent visualiser et analyser les processus.<\/p>\n<p data-start=\"1036\" data-end=\"1418\"><strong>Vous trouverez plus d'informations sur ce produit\u00a0<a href=\"https:\/\/swisssoftware24.ch\/fr\/microsoft-visio-professional-2019-professionelle-diagramme-fuer-datengetriebene-prozesse\/\">ici<\/a>.<\/strong><\/p>\n<h3>Microsoft Visio Professional 2019 \u2013 configuration syst\u00e8me requise<\/h3>\n<ul>\n<li><strong>Syst\u00e8me d'exploitation<\/strong>\u00a0\u00c0 partir de Windows 10 et Windows 10S<\/li>\n<li><strong>Processeur<\/strong>\u00a0 1 GHz ou plus rapide, x86 ou x64 avec SSE2<\/li>\n<li><strong>M\u00e9moire vive<\/strong>\u00a0 2 Go de RAM<\/li>\n<li><strong>Espace disque<\/strong>\u00a0 3 Go<\/li>\n<li><strong>Graphismes<\/strong>\u00a0 R\u00e9solution minimale de 1024 x 768 pixels et prise en charge de DirectX 10 ou sup\u00e9rieur<\/li>\n<\/ul>","protected":false},"excerpt":{"rendered":"<p>Microsoft Visio Professional 2019 a \u00e9t\u00e9 cr\u00e9\u00e9 pour permettre la cr\u00e9ation de diagrammes et de visualisations de donn\u00e9es.<\/p>\n<p>Lien de t\u00e9l\u00e9chargement + cl\u00e9 de produit (ESD) pour 1 PC<\/p>\n<p><strong>Livraison sous 24 heures par e-mail !<\/strong><\/p>","protected":false},"featured_media":15223,"template":"","meta":{"_seopress_robots_primary_cat":"none","_seopress_titles_title":"Microsoft Visio Professional 2019 | SwissSoftware24","_seopress_titles_desc":"Erstellen Sie komplexe Diagramme mit Microsoft Visio Professional 2019. Ideal f\u00fcr professionelle Visualisierungen. Jetzt bei SwissSoftware24.","_seopress_robots_index":""},"product_brand":[],"product_cat":[96,71,73],"product_tag":[],"class_list":{"0":"post-15222","1":"product","2":"type-product","3":"status-publish","4":"has-post-thumbnail","6":"product_cat-einzelne-office-programme","7":"product_cat-office","8":"product_cat-office-2019","10":"first","11":"onbackorder","12":"virtual","13":"taxable","14":"purchasable","15":"product-type-simple"},"_links":{"self":[{"href":"https:\/\/swisssoftware24.ch\/fr\/wp-json\/wp\/v2\/product\/15222","targetHints":{"allow":["GET"]}}],"collection":[{"href":"https:\/\/swisssoftware24.ch\/fr\/wp-json\/wp\/v2\/product"}],"about":[{"href":"https:\/\/swisssoftware24.ch\/fr\/wp-json\/wp\/v2\/types\/product"}],"wp:featuredmedia":[{"embeddable":true,"href":"https:\/\/swisssoftware24.ch\/fr\/wp-json\/wp\/v2\/media\/15223"}],"wp:attachment":[{"href":"https:\/\/swisssoftware24.ch\/fr\/wp-json\/wp\/v2\/media?parent=15222"}],"wp:term":[{"taxonomy":"product_brand","embeddable":true,"href":"https:\/\/swisssoftware24.ch\/fr\/wp-json\/wp\/v2\/product_brand?post=15222"},{"taxonomy":"product_cat","embeddable":true,"href":"https:\/\/swisssoftware24.ch\/fr\/wp-json\/wp\/v2\/product_cat?post=15222"},{"taxonomy":"product_tag","embeddable":true,"href":"https:\/\/swisssoftware24.ch\/fr\/wp-json\/wp\/v2\/product_tag?post=15222"}],"curies":[{"name":"wp","href":"https:\/\/api.w.org\/{rel}","templated":true}]}}