{"id":15226,"date":"2023-03-11T03:34:20","date_gmt":"2023-03-11T02:34:20","guid":{"rendered":"https:\/\/swisssoftware24.ch\/?post_type=product&#038;p=15226"},"modified":"2025-11-30T00:17:25","modified_gmt":"2025-11-29T23:17:25","slug":"microsoft-excel-2019-2","status":"publish","type":"product","link":"https:\/\/swisssoftware24.ch\/fr\/products\/microsoft-excel-2019-2\/","title":{"rendered":"Microsoft Excel 2019"},"content":{"rendered":"<p class=\"\" data-start=\"203\" data-end=\"508\"><strong data-start=\"203\" data-end=\"227\">Microsoft Excel 2019<\/strong> est un tableur \u00e9prouv\u00e9, r\u00e9put\u00e9 pour ses fonctionnalit\u00e9s puissantes en mati\u00e8re de calculs, d'analyse de donn\u00e9es et de visualisation. Gr\u00e2ce \u00e0 de nombreuses formules et fonctions int\u00e9gr\u00e9es, les op\u00e9rations de calcul complexes peuvent \u00eatre effectu\u00e9es rapidement et de mani\u00e8re fiable.<\/p>\n<p class=\"\" data-start=\"510\" data-end=\"792\">Outre le travail classique sur feuille de calcul, Excel 2019 prend \u00e9galement en charge la cr\u00e9ation de divers types de graphiques pour une meilleure visualisation des donn\u00e9es. Le logiciel offre \u00e9galement des possibilit\u00e9s d'automatisation via des macros ainsi qu'une mise en forme compl\u00e8te des cellules et du contenu.<\/p>\n<p class=\"\" data-start=\"794\" data-end=\"979\">Gr\u00e2ce \u00e0 sa flexibilit\u00e9 et sa convivialit\u00e9, Excel 2019 convient aussi bien \u00e0 un usage professionnel que priv\u00e9 \u2013 id\u00e9al pour tous ceux qui souhaitent travailler avec pr\u00e9cision avec des donn\u00e9es.<\/p>\n<p data-start=\"794\" data-end=\"979\"><strong>Vous trouverez plus d'informations sur ce produit\u00a0<a href=\"https:\/\/swisssoftware24.ch\/fr\/microsoft-excel-2019-mehr-als-nur-tabellen\/\">ici<\/a>.<\/strong><\/p>\n<h3>Microsoft Excel 2019 \u2013 configuration syst\u00e8me requise<\/h3>\n<ul>\n<li><strong>Syst\u00e8me d'exploitation<\/strong>\u00a0\u00c0 partir de Windows 10<\/li>\n<li><strong>Processeur<\/strong>\u00a01,6 GHz ou plus rapide, double c\u0153ur<\/li>\n<li><strong>M\u00e9moire vive<\/strong>\u00a04 Go de RAM; 2 Go de RAM (32 bits)<\/li>\n<li><strong>Espace disque<\/strong>\u00a04 Go<\/li>\n<li><strong>Graphismes<\/strong>\u00a0DirectX 9 ou sup\u00e9rieur avec WDDM 2.0 pour l'acc\u00e9l\u00e9ration mat\u00e9rielle graphique<\/li>\n<\/ul>","protected":false},"excerpt":{"rendered":"<p>Excel est un programme de cr\u00e9ation, de gestion et d'analyse de feuilles de calcul. C'est certainement l'un des outils les plus populaires pour travailler avec des donn\u00e9es num\u00e9riques, utilis\u00e9 non seulement par les entreprises directement li\u00e9es aux finances, car les formules utilis\u00e9es permettent d'adapter le programme \u00e0 divers besoins. Qu'y a-t-il dedans ?<\/p>\n<p>Lien de t\u00e9l\u00e9chargement + cl\u00e9 de produit (ESD) pour 1 PC<\/p>\n<p><strong>Livraison sous 24 heures par e-mail !<\/strong><\/p>","protected":false},"featured_media":15227,"template":"","meta":{"_seopress_robots_primary_cat":"none","_seopress_titles_title":"Microsoft Excel 2019 | Tabellen & Analysen | SwissSoftware24","_seopress_titles_desc":"Microsoft Excel 2019: Optimieren Sie Ihre Datenanalysen mit leistungsstarken Funktionen und Formeln. Perfekt f\u00fcr Unternehmen. Jetzt bei SwissSoftware24.","_seopress_robots_index":""},"product_brand":[],"product_cat":[96,71,73],"product_tag":[],"class_list":{"0":"post-15226","1":"product","2":"type-product","3":"status-publish","4":"has-post-thumbnail","6":"product_cat-einzelne-office-programme","7":"product_cat-office","8":"product_cat-office-2019","10":"first","11":"onbackorder","12":"sale","13":"taxable","14":"shipping-taxable","15":"purchasable","16":"product-type-simple"},"_links":{"self":[{"href":"https:\/\/swisssoftware24.ch\/fr\/wp-json\/wp\/v2\/product\/15226","targetHints":{"allow":["GET"]}}],"collection":[{"href":"https:\/\/swisssoftware24.ch\/fr\/wp-json\/wp\/v2\/product"}],"about":[{"href":"https:\/\/swisssoftware24.ch\/fr\/wp-json\/wp\/v2\/types\/product"}],"wp:featuredmedia":[{"embeddable":true,"href":"https:\/\/swisssoftware24.ch\/fr\/wp-json\/wp\/v2\/media\/15227"}],"wp:attachment":[{"href":"https:\/\/swisssoftware24.ch\/fr\/wp-json\/wp\/v2\/media?parent=15226"}],"wp:term":[{"taxonomy":"product_brand","embeddable":true,"href":"https:\/\/swisssoftware24.ch\/fr\/wp-json\/wp\/v2\/product_brand?post=15226"},{"taxonomy":"product_cat","embeddable":true,"href":"https:\/\/swisssoftware24.ch\/fr\/wp-json\/wp\/v2\/product_cat?post=15226"},{"taxonomy":"product_tag","embeddable":true,"href":"https:\/\/swisssoftware24.ch\/fr\/wp-json\/wp\/v2\/product_tag?post=15226"}],"curies":[{"name":"wp","href":"https:\/\/api.w.org\/{rel}","templated":true}]}}