{"id":15228,"date":"2023-03-11T03:41:40","date_gmt":"2023-03-11T02:41:40","guid":{"rendered":"https:\/\/swisssoftware24.ch\/?post_type=product&#038;p=15228"},"modified":"2026-01-29T12:33:37","modified_gmt":"2026-01-29T11:33:37","slug":"microsoft-outlook-2019","status":"publish","type":"product","link":"https:\/\/swisssoftware24.ch\/fr\/products\/microsoft-outlook-2019\/","title":{"rendered":"Microsoft Outlook 2019"},"content":{"rendered":"<p><img loading=\"lazy\" decoding=\"async\" class=\"alignnone wp-image-15230 size-full\" src=\"https:\/\/swisssoftware24.ch\/wp-content\/uploads\/2023\/03\/outlook.jpeg\" alt=\"\" width=\"1200\" height=\"100\" srcset=\"https:\/\/swisssoftware24.ch\/wp-content\/uploads\/2023\/03\/outlook.jpeg 1200w, https:\/\/swisssoftware24.ch\/wp-content\/uploads\/2023\/03\/outlook-600x50.jpeg 600w, https:\/\/swisssoftware24.ch\/wp-content\/uploads\/2023\/03\/outlook-64x5.jpeg 64w, https:\/\/swisssoftware24.ch\/wp-content\/uploads\/2023\/03\/outlook-300x25.jpeg 300w, https:\/\/swisssoftware24.ch\/wp-content\/uploads\/2023\/03\/outlook-1024x85.jpeg 1024w, https:\/\/swisssoftware24.ch\/wp-content\/uploads\/2023\/03\/outlook-768x64.jpeg 768w\" sizes=\"auto, (max-width: 1200px) 100vw, 1200px\" \/><\/p>\n<p class=\"\" data-start=\"189\" data-end=\"514\">Microsoft Outlook 2019 est un puissant programme de messagerie et d'organisation qui apporte de nombreuses am\u00e9liorations par rapport \u00e0 sa version pr\u00e9c\u00e9dente. Sa fonction centrale reste l'envoi et la r\u00e9ception fiables d'e-mails \u2013 pris en charge par une gestion pratique de plusieurs comptes dans une seule interface.<\/p>\n<p class=\"\" data-start=\"516\" data-end=\"851\">De plus, Outlook offre des outils complets pour organiser le quotidien professionnel : listes de t\u00e2ches, contacts, calendriers et une structure de dossiers personnalisable garantissent clart\u00e9 et efficacit\u00e9. La synchronisation avec un smartphone ou un ordinateur portable assure que toutes les donn\u00e9es importantes sont toujours disponibles \u2013 m\u00eame en d\u00e9placement.<\/p>\n<p class=\"\" data-start=\"853\" data-end=\"1044\">Gr\u00e2ce \u00e0 une interface utilisateur am\u00e9lior\u00e9e et de nouvelles fonctionnalit\u00e9s de gestion des rendez-vous et des t\u00e2ches, Outlook 2019 est id\u00e9alement adapt\u00e9 aux exigences modernes de la vie de bureau et de l'usage priv\u00e9.<\/p>\n<p data-start=\"853\" data-end=\"1044\"><strong>Vous trouverez plus d'informations sur ce produit\u00a0<a href=\"https:\/\/swisssoftware24.ch\/fr\/microsoft-outlook-2019-mehr-als-nur-e-mails\/\">ici<\/a>.<\/strong><\/p>\n<p><strong>EXIGENCES<\/strong><\/p>\n<ul>\n<li><strong>Syst\u00e8me d'exploitation<\/strong>\u00a0\u00c0 partir de Windows 10<\/li>\n<li><strong>Processeur<\/strong>\u00a0A partir de 1GHz<\/li>\n<li><strong>M\u00e9moire vive<\/strong>\u00a01 Go pour 32 bits ou 2 Go pour 64 bits<\/li>\n<li><strong>Espace disque<\/strong>\u00a016 Go pour 32 bits ou 20 Go pour 64 bits<\/li>\n<li><strong>Graphismes<\/strong>\u00a0DirectX 9 ou sup\u00e9rieur avec pilote WDDM 1.0<\/li>\n<\/ul>","protected":false},"excerpt":{"rendered":"<p>Lien de t\u00e9l\u00e9chargement + cl\u00e9 de produit (ESD) pour 1 PC<\/p>\n<p><strong>Livraison sous 24 heures par e-mail !<\/strong><\/p>","protected":false},"featured_media":15229,"template":"","meta":{"_seopress_robots_primary_cat":"none","_seopress_titles_title":"Microsoft Outlook 2019 | E-Mail & Kalender | SwissSoftware24","_seopress_titles_desc":"erwalten Sie E-Mails, Kalender und Kontakte effizient mit Microsoft Outlook 2019. Ideal f\u00fcr berufliche und pers\u00f6nliche Nutzung. Jetzt bei SwissSoftware24.","_seopress_robots_index":""},"product_brand":[],"product_cat":[71,73,96],"product_tag":[],"class_list":{"0":"post-15228","1":"product","2":"type-product","3":"status-publish","4":"has-post-thumbnail","6":"product_cat-office","7":"product_cat-office-2019","8":"product_cat-einzelne-office-programme","10":"first","11":"onbackorder","12":"sale","13":"virtual","14":"taxable","15":"purchasable","16":"product-type-simple"},"_links":{"self":[{"href":"https:\/\/swisssoftware24.ch\/fr\/wp-json\/wp\/v2\/product\/15228","targetHints":{"allow":["GET"]}}],"collection":[{"href":"https:\/\/swisssoftware24.ch\/fr\/wp-json\/wp\/v2\/product"}],"about":[{"href":"https:\/\/swisssoftware24.ch\/fr\/wp-json\/wp\/v2\/types\/product"}],"wp:featuredmedia":[{"embeddable":true,"href":"https:\/\/swisssoftware24.ch\/fr\/wp-json\/wp\/v2\/media\/15229"}],"wp:attachment":[{"href":"https:\/\/swisssoftware24.ch\/fr\/wp-json\/wp\/v2\/media?parent=15228"}],"wp:term":[{"taxonomy":"product_brand","embeddable":true,"href":"https:\/\/swisssoftware24.ch\/fr\/wp-json\/wp\/v2\/product_brand?post=15228"},{"taxonomy":"product_cat","embeddable":true,"href":"https:\/\/swisssoftware24.ch\/fr\/wp-json\/wp\/v2\/product_cat?post=15228"},{"taxonomy":"product_tag","embeddable":true,"href":"https:\/\/swisssoftware24.ch\/fr\/wp-json\/wp\/v2\/product_tag?post=15228"}],"curies":[{"name":"wp","href":"https:\/\/api.w.org\/{rel}","templated":true}]}}